{"id":972,"date":"2020-07-16T15:24:19","date_gmt":"2020-07-16T13:24:19","guid":{"rendered":"http:\/\/breton-nantes.bzh\/?page_id=972"},"modified":"2021-11-30T11:24:30","modified_gmt":"2021-11-30T10:24:30","slug":"ober-ur-roadenn","status":"publish","type":"page","link":"https:\/\/breton-nantes.bzh\/index.php\/bre\/ar-gevredigezh\/ober-ur-roadenn\/","title":{"rendered":"Ober ur roadenn"},"content":{"rendered":"\n<p><\/p>\n\n\n\n<h2 class=\"wp-block-heading\"><strong><strong>Plijout a rafe deoc&rsquo;h harpa\u00f1 ar brezhoneg e Liger-Atlantel ? Grit ur roadenn da gKentelio\u00f9 an Noz !<\/strong><\/strong><br><\/h2>\n\n\n\n<p class=\"has-medium-font-size\">Roit harp da gKentelio\u00f9 an Noz evit rei\u00f1 la\u00f1s d&rsquo;ar brezhoneg e Liger-Atlantel : a-drugarez d&rsquo;ho roadenno\u00f9 e c&rsquo;hallo hor c&rsquo;hevredigezh kas he raktreso\u00f9 niverus da benn ha lakaat birvilh en ho puhez&nbsp; !<\/p>\n\n\n\n<p class=\"has-medium-font-size\">Gallout a rit ober ur roadenn da gKentelio\u00f9 an Noz dre Helloasso (ama\u00f1 dindan) pe dre chekenn war anv Kentelio\u00f9 an Noz (kaset d&rsquo;ar chomlec&rsquo;h da-heul : 12 bali an Angevini\u00e8re, 44800 Sant-Ervlan).<\/p>\n\n\n\n<p class=\"has-medium-font-size\">Ar sammad anezhi a c&rsquo;hallot tenna\u00f1 diouzh ho tailho\u00f9 (66% evit an dud, 60% evit ar c&rsquo;hevredigezhio\u00f9 hag an embregerezhio\u00f9). Ur paper testeni a vo kaset deoc&rsquo;h.<\/p>\n\n\n\n<p class=\"has-medium-font-size\">Trugarez vras evit ho sikour !<\/p>\n\n\n\n\t\t\t<iframe src=\"https:\/\/www.helloasso.com\/associations\/kenteliou-an-noz\/formulaires\/1\/widget\"  id=\"idIframe\" style=\"width:100%; height:750px; border:none;\" border=\"0\"><\/iframe>\n\t\t\t\n","protected":false},"excerpt":{"rendered":"<p>Plijout a rafe deoc&rsquo;h harpa\u00f1 ar brezhoneg e Liger-Atlantel ? Grit ur roadenn da gKentelio\u00f9 an Noz ! Roit harp da gKentelio\u00f9 an Noz evit rei\u00f1 la\u00f1s d&rsquo;ar brezhoneg e Liger-Atlantel : a-drugarez d&rsquo;ho roadenno\u00f9 e c&rsquo;hallo hor c&rsquo;hevredigezh kas he raktreso\u00f9 niverus da benn ha lakaat birvilh en ho puhez&nbsp; ! Gallout a rit&hellip;<\/p>\n","protected":false},"author":1,"featured_media":0,"parent":320,"menu_order":0,"comment_status":"closed","ping_status":"closed","template":"","meta":{"footnotes":""},"class_list":["post-972","page","type-page","status-publish","hentry"],"_links":{"self":[{"href":"https:\/\/breton-nantes.bzh\/index.php\/wp-json\/wp\/v2\/pages\/972","targetHints":{"allow":["GET"]}}],"collection":[{"href":"https:\/\/breton-nantes.bzh\/index.php\/wp-json\/wp\/v2\/pages"}],"about":[{"href":"https:\/\/breton-nantes.bzh\/index.php\/wp-json\/wp\/v2\/types\/page"}],"author":[{"embeddable":true,"href":"https:\/\/breton-nantes.bzh\/index.php\/wp-json\/wp\/v2\/users\/1"}],"replies":[{"embeddable":true,"href":"https:\/\/breton-nantes.bzh\/index.php\/wp-json\/wp\/v2\/comments?post=972"}],"version-history":[{"count":0,"href":"https:\/\/breton-nantes.bzh\/index.php\/wp-json\/wp\/v2\/pages\/972\/revisions"}],"up":[{"embeddable":true,"href":"https:\/\/breton-nantes.bzh\/index.php\/wp-json\/wp\/v2\/pages\/320"}],"wp:attachment":[{"href":"https:\/\/breton-nantes.bzh\/index.php\/wp-json\/wp\/v2\/media?parent=972"}],"curies":[{"name":"wp","href":"https:\/\/api.w.org\/{rel}","templated":true}]}}