{"id":917,"date":"2020-06-18T17:48:47","date_gmt":"2020-06-18T15:48:47","guid":{"rendered":"http:\/\/breton-nantes.bzh\/?page_id=917"},"modified":"2024-06-05T14:13:34","modified_gmt":"2024-06-05T12:13:34","slug":"faire-un-don","status":"publish","type":"page","link":"https:\/\/breton-nantes.bzh\/index.php\/association\/faire-un-don\/","title":{"rendered":"Faire un don"},"content":{"rendered":"\n<p><\/p>\n\n\n\n<h2 class=\"wp-block-heading\"><strong>Vous voulez soutenir le breton en Loire-Atlantique ? Faites un don \u00e0 Kentelio\u00f9 an Noz !<br><\/strong><\/h2>\n\n\n\n<p class=\"has-medium-font-size\">Participez \u00e0 la promotion de la langue bretonne, soutenez nos actions : les projets de l&rsquo;association ne manquent pas et verront le jour gr\u00e2ce \u00e0 vos dons !<\/p>\n\n\n\n<p class=\"has-medium-font-size\">Vous pouvez effectuer un don <strong>s\u00e9curis\u00e9 en ligne<\/strong> via Helloasso (voir ci-dessous) <strong>ou par ch\u00e8que<\/strong> \u00e0 l&rsquo;ordre de Kentelio\u00f9 an Noz (envoy\u00e9 \u00e0 l&rsquo;adresse suivante : 12 avenue de l&rsquo;Angevini\u00e8re, 44800 Saint-Herblain). <\/p>\n\n\n\n<p class=\"has-medium-font-size\">Nous acceptons \u00e9galement les dons <strong>en esp\u00e8ces<\/strong> ou en nature (ramettes de papier, crayons pour les tableaux blancs, livres&#8230;)<\/p>\n\n\n\n<p class=\"has-medium-font-size\">Donateurs particuliers, associations et\/ou entreprises, vous pouvez b\u00e9n\u00e9ficier d&rsquo;une <strong>d\u00e9duction d&rsquo;imp\u00f4ts sur le revenu <\/strong>(66% du don pour les particuliers, 60% pour les associations et les entreprises). Un re\u00e7u de dons aux \u0153uvres vous sera d\u00e9livr\u00e9.<\/p>\n\n\n\n<p class=\"has-medium-font-size\">N&rsquo;oubliez pas : il n&rsquo;y a pas de petits dons. Merci pour votre soutien !<\/p>\n\n\n\n\t\t\t<iframe src=\"https:\/\/www.helloasso.com\/associations\/kenteliou-an-noz\/formulaires\/1\/widget\"  id=\"idIframe\" style=\"width:100%; height:750px; border:none;\" border=\"0\"><\/iframe>\n\t\t\t\n","protected":false},"excerpt":{"rendered":"<p>Vous voulez soutenir le breton en Loire-Atlantique ? Faites un don \u00e0 Kentelio\u00f9 an Noz ! Participez \u00e0 la promotion de la langue bretonne, soutenez nos actions : les projets de l&rsquo;association ne manquent pas et verront le jour gr\u00e2ce \u00e0 vos dons ! Vous pouvez effectuer un don s\u00e9curis\u00e9 en ligne via Helloasso (voir&hellip;<\/p>\n","protected":false},"author":1,"featured_media":0,"parent":13,"menu_order":0,"comment_status":"closed","ping_status":"closed","template":"","meta":{"footnotes":""},"class_list":["post-917","page","type-page","status-publish","hentry"],"_links":{"self":[{"href":"https:\/\/breton-nantes.bzh\/index.php\/wp-json\/wp\/v2\/pages\/917","targetHints":{"allow":["GET"]}}],"collection":[{"href":"https:\/\/breton-nantes.bzh\/index.php\/wp-json\/wp\/v2\/pages"}],"about":[{"href":"https:\/\/breton-nantes.bzh\/index.php\/wp-json\/wp\/v2\/types\/page"}],"author":[{"embeddable":true,"href":"https:\/\/breton-nantes.bzh\/index.php\/wp-json\/wp\/v2\/users\/1"}],"replies":[{"embeddable":true,"href":"https:\/\/breton-nantes.bzh\/index.php\/wp-json\/wp\/v2\/comments?post=917"}],"version-history":[{"count":3,"href":"https:\/\/breton-nantes.bzh\/index.php\/wp-json\/wp\/v2\/pages\/917\/revisions"}],"predecessor-version":[{"id":5123,"href":"https:\/\/breton-nantes.bzh\/index.php\/wp-json\/wp\/v2\/pages\/917\/revisions\/5123"}],"up":[{"embeddable":true,"href":"https:\/\/breton-nantes.bzh\/index.php\/wp-json\/wp\/v2\/pages\/13"}],"wp:attachment":[{"href":"https:\/\/breton-nantes.bzh\/index.php\/wp-json\/wp\/v2\/media?parent=917"}],"curies":[{"name":"wp","href":"https:\/\/api.w.org\/{rel}","templated":true}]}}