{"id":833,"date":"2020-04-30T10:16:24","date_gmt":"2020-04-30T08:16:24","guid":{"rendered":"http:\/\/breton-nantes.bzh\/?page_id=833"},"modified":"2023-04-06T11:50:30","modified_gmt":"2023-04-06T09:50:30","slug":"choariou-evit-adwelet","status":"publish","type":"page","link":"https:\/\/breton-nantes.bzh\/index.php\/bre\/deskin\/adwelet-ha-choari\/choariou-evit-adwelet\/","title":{"rendered":"C&rsquo;hoario\u00f9 evit adwelet"},"content":{"rendered":"\t\t<div data-elementor-type=\"wp-page\" data-elementor-id=\"833\" class=\"elementor elementor-833\">\n\t\t\t\t\t\t<section class=\"elementor-section elementor-top-section elementor-element elementor-element-6da5cea2 elementor-section-boxed elementor-section-height-default elementor-section-height-default\" data-id=\"6da5cea2\" data-element_type=\"section\">\n\t\t\t\t\t\t<div class=\"elementor-container elementor-column-gap-default\">\n\t\t\t\t\t<div class=\"elementor-column elementor-col-100 elementor-top-column elementor-element elementor-element-ef53e80\" data-id=\"ef53e80\" data-element_type=\"column\">\n\t\t\t<div class=\"elementor-widget-wrap elementor-element-populated\">\n\t\t\t\t\t\t<div class=\"elementor-element elementor-element-64c52e85 elementor-widget elementor-widget-text-editor\" data-id=\"64c52e85\" data-element_type=\"widget\" data-widget_type=\"text-editor.default\">\n\t\t\t\t<div class=\"elementor-widget-container\">\n\t\t\t\t\t\t\t<p><!-- wp:paragraph --><\/p>\n<p><!-- \/wp:paragraph --><!-- wp:paragraph {\"align\":\"center\",\"fontSize\":\"huge\"} --><\/p>\n<p class=\"has-text-align-center has-huge-font-size\">O klask pleustri\u00f1 war ar brezhoneg emaoc&rsquo;h ? Kinnig a reomp deoc&rsquo;h un nebeud c&rsquo;hoario\u00f9 evit labourat hag adwelet !<\/p>\n<p>\u00a0<\/p>\n<p><!-- \/wp:paragraph --><!-- wp:paragraph {\"style\":{\"typography\":{\"fontSize\":\"25px\"}}} --><\/p>\n<p style=\"font-size: 25px;\"><strong>C&rsquo;hoari evit Pask:<br \/><\/strong>Klikit war ar skeudenn evit kavout ar c&rsquo;hoari savet gans Noela, stajiadez Skol an Emsav.<strong><br \/><\/strong><\/p>\n<p><a href=\"https:\/\/view.genial.ly\/64007edd2830ec001a661a90\"><img fetchpriority=\"high\" decoding=\"async\" class=\"alignnone wp-image-3166 size-large\" src=\"https:\/\/breton-nantes.bzh\/wp-content\/uploads\/2023\/04\/choari-Noela-1024x540.png\" alt=\"jeu de r\u00e9vision\" width=\"1024\" height=\"540\" srcset=\"https:\/\/breton-nantes.bzh\/wp-content\/uploads\/2023\/04\/choari-Noela-1024x540.png 1024w, https:\/\/breton-nantes.bzh\/wp-content\/uploads\/2023\/04\/choari-Noela-300x158.png 300w, https:\/\/breton-nantes.bzh\/wp-content\/uploads\/2023\/04\/choari-Noela-768x405.png 768w, https:\/\/breton-nantes.bzh\/wp-content\/uploads\/2023\/04\/choari-Noela.png 1307w\" sizes=\"(max-width: 1024px) 100vw, 1024px\" \/><\/a><\/p>\n<p><strong>C&rsquo;HOARI 1 :<\/strong><\/p>\n<p><!-- \/wp:paragraph --><!-- wp:paragraph {\"align\":\"center\",\"style\":{\"typography\":{\"fontSize\":\"25px\"}}} --><\/p>\n<p class=\"has-text-align-center\" style=\"font-size: 25px;\">Kentelio\u00f9 an Noz a ginnig deoc&rsquo;h adweladenno\u00f9 live 1 ha live 2 evit Kala-Goa\u00f1v !<\/p>\n<p><!-- \/wp:paragraph --><!-- wp:image {\"align\":\"center\",\"id\":1937,\"sizeSlug\":\"medium\",\"linkDestination\":\"none\"} --><\/p>\n<figure class=\"wp-block-image aligncenter size-medium\"><img decoding=\"async\" class=\"wp-image-1937\" src=\"https:\/\/breton-nantes.bzh\/wp-content\/uploads\/2021\/11\/Adweladennou-1-300x201.png\" alt=\"\" \/><\/figure>\n<p><!-- \/wp:image --><!-- wp:buttons {\"layout\":{\"type\":\"flex\",\"justifyContent\":\"center\",\"orientation\":\"horizontal\"}} --><\/p>\n<div class=\"wp-block-buttons\">\n<p><!-- wp:button --><\/p>\n<div class=\"wp-block-button\"><a class=\"wp-block-button__link wp-element-button\" href=\"https:\/\/view.genial.ly\/61684c135cc3070dbce004cf\">Live 1<\/a><\/div>\n<p><!-- \/wp:button --><!-- wp:button --><\/p>\n<div class=\"wp-block-button\"><a class=\"wp-block-button__link wp-element-button\" href=\"https:\/\/view.genial.ly\/616849c15463e40dcfe38c73\">Live 2<\/a><\/div>\n<p><!-- \/wp:button --><\/p>\n<\/div>\n<p><!-- \/wp:buttons --><!-- wp:separator {\"opacity\":\"css\"} --><\/p>\n<hr class=\"wp-block-separator has-css-opacity\" \/>\n<p><!-- \/wp:separator --><!-- wp:paragraph {\"style\":{\"typography\":{\"fontSize\":\"25px\"}}} --><\/p>\n<p style=\"font-size: 25px;\"><strong>C&rsquo;HOARI 2 :<\/strong><\/p>\n<p><!-- \/wp:paragraph --><!-- wp:paragraph {\"align\":\"center\",\"style\":{\"typography\":{\"fontSize\":25}}} --><\/p>\n<p class=\"has-text-align-center\" style=\"font-size: 25px;\">Emgav war al lec&rsquo;hienn da heul evit c&rsquo;hoari : <a href=\"https:\/\/www.educandy.com\/\">https:\/\/www.educandy.com\/<\/a><br \/>Ha lakait kod ar c&rsquo;hoari a zedenn ac&rsquo;hanoc&rsquo;h a-zeho\u00f9 e-krec&rsquo;h pajenn al lec&rsquo;hienn educandy (listenn ar c&rsquo;hodo\u00f9 a vo kavet ganeoc&rsquo;h e trao\u00f1 ar bajenn-ma\u00f1) !<\/p>\n<p><!-- \/wp:paragraph --><!-- wp:paragraph {\"fontSize\":\"large\"} --><\/p>\n<p class=\"has-large-font-size\"><em>Un nebeud kuzulio\u00f9 a-raok kregi\u00f1 ganti&#8230;<\/em><\/p>\n<p><!-- \/wp:paragraph --><!-- wp:paragraph --><\/p>\n<p>8 doare zo da c&rsquo;hoari en holl. <br \/>1 c&rsquo;hoari a c&rsquo;hell beza\u00f1 c&rsquo;hoariet e meur a zoare (Anagrams, Word Search, Hangman&#8230;).<br \/>C&rsquo;hoari ar re brezhoneg \/ galleg da genta\u00f1 evit deski\u00f1 ar c&rsquo;heriaoueg. <br \/>Poueza\u00f1 war CTRL \u00ab\u00a0+\u00a0\u00bb pe \u00ab\u00a0&#8211;\u00a0\u00bb evit brasaat pe bihanaat ar c&rsquo;hoario\u00f9 war ar skramm ma n&rsquo;int ket bras a-walc&rsquo;h.<\/p>\n<p><!-- \/wp:paragraph --><!-- wp:paragraph {\"align\":\"center\",\"fontSize\":\"medium\"} --><\/p>\n<p class=\"has-text-align-center has-medium-font-size\">C&rsquo;hoariit da genta\u00f1 gant <strong>Anagrams<\/strong> ha <strong>Word Search<\/strong> a-raok ober gant <strong>Hangman<\/strong>, diaesoc&rsquo;h eo !<\/p>\n<p><!-- \/wp:paragraph --><!-- wp:list --><\/p>\n<ul>\n<li style=\"list-style-type: none;\">\n<ul><!-- wp:list-item --><\/ul>\n<\/li>\n<\/ul>\n<ul>\n<li style=\"list-style-type: none;\">\n<ul>\n<li><em><strong>Anagrams : <\/strong> Klikit war lizherenno\u00f9 en trao\u00f1 evit adkavout ar ger.<\/em><\/li>\n<\/ul>\n<\/li>\n<\/ul>\n<p><!-- \/wp:list-item --><\/p>\n<p><!-- \/wp:list --><!-- wp:image {\"align\":\"center\",\"id\":687,\"sizeSlug\":\"medium\"} --><\/p>\n<figure class=\"wp-block-image aligncenter size-medium\"><img decoding=\"async\" width=\"300\" height=\"240\" class=\"wp-image-687\" src=\"https:\/\/breton-nantes.bzh\/wp-content\/uploads\/2020\/03\/1-300x240.jpg\" alt=\"\" srcset=\"https:\/\/breton-nantes.bzh\/wp-content\/uploads\/2020\/03\/1-300x240.jpg 300w, https:\/\/breton-nantes.bzh\/wp-content\/uploads\/2020\/03\/1-1024x819.jpg 1024w, https:\/\/breton-nantes.bzh\/wp-content\/uploads\/2020\/03\/1-768x614.jpg 768w, https:\/\/breton-nantes.bzh\/wp-content\/uploads\/2020\/03\/1-1536x1229.jpg 1536w, https:\/\/breton-nantes.bzh\/wp-content\/uploads\/2020\/03\/1-660x528.jpg 660w, https:\/\/breton-nantes.bzh\/wp-content\/uploads\/2020\/03\/1.jpg 2000w\" sizes=\"(max-width: 300px) 100vw, 300px\" \/><\/figure>\n<p><!-- \/wp:image --><!-- wp:list --><\/p>\n<ul>\n<li style=\"list-style-type: none;\">\n<ul><!-- wp:list-item --><\/ul>\n<\/li>\n<\/ul>\n<ul>\n<li style=\"list-style-type: none;\">\n<ul>\n<li><em><strong>Word Search :<\/strong> <\/em> <em>Chomit da glika\u00f1 en ur fi\u00f1val al logodenn evit tapout ar ger a-bezh. Gallout a reer kavout gerio\u00f9 war an tu-gin, a-gleiz da zeho\u00f9 hag a-zeho\u00f9 da c&rsquo;hleiz, eus an us d&rsquo;an trao\u00f1 hag ar c&rsquo;hontroll, hag a-veskell. <\/em><\/li>\n<\/ul>\n<\/li>\n<\/ul>\n<p><!-- \/wp:list-item --><\/p>\n<p><!-- \/wp:list --><!-- wp:image {\"align\":\"center\",\"id\":691,\"sizeSlug\":\"medium\"} --><\/p>\n<figure class=\"wp-block-image aligncenter size-medium\"><img decoding=\"async\" width=\"300\" height=\"240\" class=\"wp-image-691\" src=\"https:\/\/breton-nantes.bzh\/wp-content\/uploads\/2020\/03\/5-300x240.jpg\" alt=\"\" srcset=\"https:\/\/breton-nantes.bzh\/wp-content\/uploads\/2020\/03\/5-300x240.jpg 300w, https:\/\/breton-nantes.bzh\/wp-content\/uploads\/2020\/03\/5-1024x819.jpg 1024w, https:\/\/breton-nantes.bzh\/wp-content\/uploads\/2020\/03\/5-768x614.jpg 768w, https:\/\/breton-nantes.bzh\/wp-content\/uploads\/2020\/03\/5-1536x1229.jpg 1536w, https:\/\/breton-nantes.bzh\/wp-content\/uploads\/2020\/03\/5-660x528.jpg 660w, https:\/\/breton-nantes.bzh\/wp-content\/uploads\/2020\/03\/5.jpg 2000w\" sizes=\"(max-width: 300px) 100vw, 300px\" \/><\/figure>\n<p><!-- \/wp:image --><!-- wp:list --><\/p>\n<ul>\n<li style=\"list-style-type: none;\">\n<ul><!-- wp:list-item --><\/ul>\n<\/li>\n<\/ul>\n<ul>\n<li style=\"list-style-type: none;\">\n<ul>\n<li><em><strong>Hangman :<\/strong> <\/em> <em>Klikit war lizherenno\u00f9 en trao\u00f1 evit adkavout ar ger a-raok ne vefe debret an dablezenn chokolad ! <\/em><\/li>\n<\/ul>\n<\/li>\n<\/ul>\n<p><!-- \/wp:list-item --><\/p>\n<p><!-- \/wp:list --><!-- wp:image {\"align\":\"center\",\"id\":688,\"sizeSlug\":\"medium\"} --><\/p>\n<figure class=\"wp-block-image aligncenter size-medium\"><img loading=\"lazy\" decoding=\"async\" width=\"300\" height=\"240\" class=\"wp-image-688\" src=\"https:\/\/breton-nantes.bzh\/wp-content\/uploads\/2020\/03\/2-300x240.jpg\" alt=\"\" srcset=\"https:\/\/breton-nantes.bzh\/wp-content\/uploads\/2020\/03\/2-300x240.jpg 300w, https:\/\/breton-nantes.bzh\/wp-content\/uploads\/2020\/03\/2-1024x819.jpg 1024w, https:\/\/breton-nantes.bzh\/wp-content\/uploads\/2020\/03\/2-768x614.jpg 768w, https:\/\/breton-nantes.bzh\/wp-content\/uploads\/2020\/03\/2-1536x1229.jpg 1536w, https:\/\/breton-nantes.bzh\/wp-content\/uploads\/2020\/03\/2-660x528.jpg 660w, https:\/\/breton-nantes.bzh\/wp-content\/uploads\/2020\/03\/2.jpg 2000w\" sizes=\"(max-width: 300px) 100vw, 300px\" \/><\/figure>\n<p><!-- \/wp:image --><!-- wp:list --><\/p>\n<ul>\n<li style=\"list-style-type: none;\">\n<ul><!-- wp:list-item --><\/ul>\n<\/li>\n<\/ul>\n<ul>\n<li style=\"list-style-type: none;\">\n<ul>\n<li><em><strong>Noughts &amp; Crosses : <\/strong> Kemerit ar ger a-zeho\u00f9 ha lakait anezha\u00f1 da glota\u00f1 gant ar ger er c&rsquo;hoari evit sevel ul linenn 3 ront pe 3 c&rsquo;hroaz. Gallout a rit c&rsquo;hoari a-enep an urzhiataer pe daou-ha-daou ma &lsquo;z eus unan bennak en ho kichen. <\/em><\/li>\n<\/ul>\n<\/li>\n<\/ul>\n<p><!-- \/wp:list-item --><\/p>\n<p><!-- \/wp:list --><!-- wp:image {\"align\":\"center\",\"id\":693,\"sizeSlug\":\"medium\"} --><\/p>\n<figure class=\"wp-block-image aligncenter size-medium\"><img loading=\"lazy\" decoding=\"async\" width=\"300\" height=\"240\" class=\"wp-image-693\" src=\"https:\/\/breton-nantes.bzh\/wp-content\/uploads\/2020\/03\/7-300x240.jpg\" alt=\"\" srcset=\"https:\/\/breton-nantes.bzh\/wp-content\/uploads\/2020\/03\/7-300x240.jpg 300w, https:\/\/breton-nantes.bzh\/wp-content\/uploads\/2020\/03\/7-1024x819.jpg 1024w, https:\/\/breton-nantes.bzh\/wp-content\/uploads\/2020\/03\/7-768x614.jpg 768w, https:\/\/breton-nantes.bzh\/wp-content\/uploads\/2020\/03\/7-1536x1229.jpg 1536w, https:\/\/breton-nantes.bzh\/wp-content\/uploads\/2020\/03\/7-660x528.jpg 660w, https:\/\/breton-nantes.bzh\/wp-content\/uploads\/2020\/03\/7.jpg 2000w\" sizes=\"(max-width: 300px) 100vw, 300px\" \/><\/figure>\n<p><!-- \/wp:image --><!-- wp:list --><\/p>\n<ul>\n<li style=\"list-style-type: none;\">\n<ul><!-- wp:list-item --><\/ul>\n<\/li>\n<\/ul>\n<ul>\n<li style=\"list-style-type: none;\">\n<ul>\n<li><em><strong>Crosswords :<\/strong> <\/em> <em>Klikit war an niverenn da genta\u00f1 pe ar gerio\u00f9 a-zeho\u00f9. Klikit da c&rsquo;houde war al lizherenno\u00f9 en trao\u00f1 evit adkavout ar ger. Diwallit, ma rit ur fazi e che\u00f1cho plas al lizherenno\u00f9. Ne gemer ket ar c&rsquo;hoari-ma\u00f1 e kont nag al lizherenn \u00ab\u00a0C&rsquo;H\u00a0\u00bb nag ar varrennig-staga\u00f1. <\/em><\/li>\n<\/ul>\n<\/li>\n<\/ul>\n<p><!-- \/wp:list-item --><\/p>\n<p><!-- \/wp:list --><!-- wp:image {\"align\":\"center\",\"id\":694,\"sizeSlug\":\"medium\"} --><\/p>\n<figure class=\"wp-block-image aligncenter size-medium\"><img loading=\"lazy\" decoding=\"async\" width=\"300\" height=\"240\" class=\"wp-image-694\" src=\"https:\/\/breton-nantes.bzh\/wp-content\/uploads\/2020\/03\/8-300x240.jpg\" alt=\"\" srcset=\"https:\/\/breton-nantes.bzh\/wp-content\/uploads\/2020\/03\/8-300x240.jpg 300w, https:\/\/breton-nantes.bzh\/wp-content\/uploads\/2020\/03\/8-1024x819.jpg 1024w, https:\/\/breton-nantes.bzh\/wp-content\/uploads\/2020\/03\/8-768x614.jpg 768w, https:\/\/breton-nantes.bzh\/wp-content\/uploads\/2020\/03\/8-1536x1229.jpg 1536w, https:\/\/breton-nantes.bzh\/wp-content\/uploads\/2020\/03\/8-660x528.jpg 660w, https:\/\/breton-nantes.bzh\/wp-content\/uploads\/2020\/03\/8.jpg 2000w\" sizes=\"(max-width: 300px) 100vw, 300px\" \/><\/figure>\n<p><!-- \/wp:image --><!-- wp:list --><\/p>\n<ul>\n<li style=\"list-style-type: none;\">\n<ul><!-- wp:list-item --><\/ul>\n<\/li>\n<\/ul>\n<ul>\n<li style=\"list-style-type: none;\">\n<ul>\n<li><em><strong>Match-up :<\/strong>\u00a0 <\/em> <em>Lakait ar gerio\u00f9 da glota\u00f1 an eil gant ar re all. <\/em><\/li>\n<\/ul>\n<\/li>\n<\/ul>\n<p><!-- \/wp:list-item --><\/p>\n<p><!-- \/wp:list --><!-- wp:image {\"align\":\"center\",\"id\":692,\"sizeSlug\":\"medium\"} --><\/p>\n<figure class=\"wp-block-image aligncenter size-medium\"><img loading=\"lazy\" decoding=\"async\" width=\"300\" height=\"240\" class=\"wp-image-692\" src=\"https:\/\/breton-nantes.bzh\/wp-content\/uploads\/2020\/03\/6-300x240.jpg\" alt=\"\" srcset=\"https:\/\/breton-nantes.bzh\/wp-content\/uploads\/2020\/03\/6-300x240.jpg 300w, https:\/\/breton-nantes.bzh\/wp-content\/uploads\/2020\/03\/6-1024x819.jpg 1024w, https:\/\/breton-nantes.bzh\/wp-content\/uploads\/2020\/03\/6-768x614.jpg 768w, https:\/\/breton-nantes.bzh\/wp-content\/uploads\/2020\/03\/6-1536x1229.jpg 1536w, https:\/\/breton-nantes.bzh\/wp-content\/uploads\/2020\/03\/6-660x528.jpg 660w, https:\/\/breton-nantes.bzh\/wp-content\/uploads\/2020\/03\/6.jpg 2000w\" sizes=\"(max-width: 300px) 100vw, 300px\" \/><\/figure>\n<p><!-- \/wp:image --><!-- wp:list --><\/p>\n<ul>\n<li style=\"list-style-type: none;\">\n<ul><!-- wp:list-item --><\/ul>\n<\/li>\n<\/ul>\n<ul>\n<li style=\"list-style-type: none;\">\n<ul>\n<li><em><strong>Memory : <\/strong><\/em> <em>Troit ar c&rsquo;harto\u00f9 hag adkavit an daouado\u00f9. <\/em><\/li>\n<\/ul>\n<\/li>\n<\/ul>\n<p><!-- \/wp:list-item --><\/p>\n<p><!-- \/wp:list --><!-- wp:image {\"align\":\"center\",\"id\":690,\"sizeSlug\":\"medium\"} --><\/p>\n<figure class=\"wp-block-image aligncenter size-medium\"><img loading=\"lazy\" decoding=\"async\" width=\"300\" height=\"240\" class=\"wp-image-690\" src=\"https:\/\/breton-nantes.bzh\/wp-content\/uploads\/2020\/03\/4-300x240.jpg\" alt=\"\" srcset=\"https:\/\/breton-nantes.bzh\/wp-content\/uploads\/2020\/03\/4-300x240.jpg 300w, https:\/\/breton-nantes.bzh\/wp-content\/uploads\/2020\/03\/4-1024x819.jpg 1024w, https:\/\/breton-nantes.bzh\/wp-content\/uploads\/2020\/03\/4-768x614.jpg 768w, https:\/\/breton-nantes.bzh\/wp-content\/uploads\/2020\/03\/4-1536x1229.jpg 1536w, https:\/\/breton-nantes.bzh\/wp-content\/uploads\/2020\/03\/4-660x528.jpg 660w, https:\/\/breton-nantes.bzh\/wp-content\/uploads\/2020\/03\/4.jpg 2000w\" sizes=\"(max-width: 300px) 100vw, 300px\" \/><\/figure>\n<p><!-- \/wp:image --><!-- wp:list --><\/p>\n<ul>\n<li style=\"list-style-type: none;\">\n<ul><!-- wp:list-item --><\/ul>\n<\/li>\n<\/ul>\n<ul>\n<li style=\"list-style-type: none;\">\n<ul>\n<li><em><strong>Multiple choice :<\/strong> Kavit ar ger e-touez meur a zibab a glot gant ar ger kenta\u00f1.<\/em><\/li>\n<\/ul>\n<\/li>\n<\/ul>\n<p><!-- \/wp:list-item --><\/p>\n<p><!-- \/wp:list --><!-- wp:image {\"align\":\"center\",\"id\":689,\"sizeSlug\":\"medium\"} --><\/p>\n<figure class=\"wp-block-image aligncenter size-medium\"><img loading=\"lazy\" decoding=\"async\" width=\"300\" height=\"240\" class=\"wp-image-689\" src=\"https:\/\/breton-nantes.bzh\/wp-content\/uploads\/2020\/03\/3-300x240.jpg\" alt=\"\" srcset=\"https:\/\/breton-nantes.bzh\/wp-content\/uploads\/2020\/03\/3-300x240.jpg 300w, https:\/\/breton-nantes.bzh\/wp-content\/uploads\/2020\/03\/3-1024x819.jpg 1024w, https:\/\/breton-nantes.bzh\/wp-content\/uploads\/2020\/03\/3-768x614.jpg 768w, https:\/\/breton-nantes.bzh\/wp-content\/uploads\/2020\/03\/3-1536x1229.jpg 1536w, https:\/\/breton-nantes.bzh\/wp-content\/uploads\/2020\/03\/3-660x528.jpg 660w, https:\/\/breton-nantes.bzh\/wp-content\/uploads\/2020\/03\/3.jpg 2000w\" sizes=\"(max-width: 300px) 100vw, 300px\" \/><\/figure>\n<p><!-- \/wp:image --><!-- wp:spacer --><\/p>\n<div class=\"wp-block-spacer\" style=\"height: 100px;\" aria-hidden=\"true\">\u00a0<\/div>\n<p><!-- \/wp:spacer --><!-- wp:paragraph {\"fontSize\":\"large\"} --><\/p>\n<p class=\"has-large-font-size\"><em>Ar c&rsquo;hodo\u00f9 evit gellet c&rsquo;hoari<\/em><\/p>\n<p><!-- \/wp:paragraph --><!-- wp:table {\"style\":{\"color\":{\"background\":\"#f3f4f5\"}},\"className\":\"is-style-regular\"} --><\/p>\n<figure class=\"wp-block-table is-style-regular\">\n<table class=\"has-background\" style=\"background-color: #f3f4f5;\">\n<tbody>\n<tr>\n<td class=\"has-text-align-center\" data-align=\"center\"><strong>Al livio\u00f9<\/strong><\/td>\n<td class=\"has-text-align-center\" data-align=\"center\"><strong>Al loened<\/strong><\/td>\n<td class=\"has-text-align-center\" data-align=\"center\"><strong>Anvio\u00f9-gwan<\/strong><\/td>\n<td class=\"has-text-align-center\" data-align=\"center\"><strong>An dilhad<\/strong><\/td>\n<td class=\"has-text-align-center\" data-align=\"center\"><strong>Ar familh<\/strong><\/td>\n<td class=\"has-text-align-center\" data-align=\"center\"><strong>Ar sifro\u00f9<\/strong><\/td>\n<td class=\"has-text-align-center\" data-align=\"center\"><strong>Ar verbo\u00f9<\/strong><\/td>\n<td class=\"has-text-align-center\" data-align=\"center\"><strong>Ar frouezh<\/strong><\/td>\n<td class=\"has-text-align-center\" data-align=\"center\"><strong>Al legumaj<\/strong><\/td>\n<\/tr>\n<tr>\n<td class=\"has-text-align-center\" data-align=\"center\"><strong>301b<\/strong> <br \/>Live 1<br \/>brezhoneg\/galleg<\/td>\n<td class=\"has-text-align-center\" data-align=\"center\"><strong>5109<\/strong> <br \/>Live 1<\/td>\n<td class=\"has-text-align-center\" data-align=\"center\"><strong>50f2<\/strong><br \/>Live 1<\/td>\n<td class=\"has-text-align-center\" data-align=\"center\"><strong>5137<\/strong> <br \/>Live 2<br \/>brezhoneg\/galleg<\/td>\n<td class=\"has-text-align-center\" data-align=\"center\"><strong>32db<\/strong> <br \/>Live 2<\/td>\n<td class=\"has-text-align-center\" data-align=\"center\"><strong>3140<\/strong><br \/>Live 1<\/td>\n<td class=\"has-text-align-center\" data-align=\"center\"><strong>50ed<\/strong><br \/>Live 1<\/td>\n<td class=\"has-text-align-center\" data-align=\"center\"><strong>58b59<\/strong><br \/>brezhoneg<\/td>\n<td class=\"has-text-align-center\" data-align=\"center\"><strong>58831<\/strong><br \/>brezhoneg<\/td>\n<\/tr>\n<tr>\n<td class=\"has-text-align-center\" data-align=\"center\"><strong>309d<\/strong> <br \/>Live 1<br \/>brezhoneg<\/td>\n<td class=\"has-text-align-center\" data-align=\"center\"><strong>510e<\/strong> <br \/>Live 1<br \/>Unander\/Liester<\/td>\n<td class=\"has-text-align-center\" data-align=\"center\"><strong>512f<\/strong><br \/>Live 3<\/td>\n<td class=\"has-text-align-center\" data-align=\"center\"><strong>513c<\/strong> <br \/>Live 2<br \/>brezhoneg\/galleg (riko\u00f9)<\/td>\n<td class=\"has-text-align-center\" data-align=\"center\"><strong>32e0<\/strong> <br \/>Live 2<br \/>Unander\/Liester<\/td>\n<td class=\"has-text-align-center\" data-align=\"center\">\u00a0<\/td>\n<td class=\"has-text-align-center\" data-align=\"center\"><strong>56bb6<\/strong><br \/>Live 3<br \/>galleg\/brezhoneg<br \/>(lodenn 1)<\/td>\n<td class=\"has-text-align-center\" data-align=\"center\"><strong>58b52<\/strong><br \/>galleg\/brezhoneg<\/td>\n<td class=\"has-text-align-center\" data-align=\"center\"><strong>58839<\/strong><br \/>galleg\/brezhoneg<\/td>\n<\/tr>\n<tr>\n<td class=\"has-text-align-center\" data-align=\"center\">\u00a0<\/td>\n<td class=\"has-text-align-center\" data-align=\"center\">\u00a0<\/td>\n<td class=\"has-text-align-center\" data-align=\"center\">\u00a0<\/td>\n<td class=\"has-text-align-center\" data-align=\"center\"><strong>5145<\/strong> <br \/>Live 2 <br \/>brezhoneg<\/td>\n<td class=\"has-text-align-center\" data-align=\"center\">\u00a0<\/td>\n<td class=\"has-text-align-center\" data-align=\"center\">\u00a0<\/td>\n<td class=\"has-text-align-center\" data-align=\"center\"><strong>56c76<\/strong><br \/>Live 3<br \/>galleg\/brezhoneg<br \/>(lodenn 2)<\/td>\n<td class=\"has-text-align-center\" data-align=\"center\">\u00a0<\/td>\n<td class=\"has-text-align-center\" data-align=\"center\">\u00a0<\/td>\n<\/tr>\n<tr>\n<td class=\"has-text-align-center\" data-align=\"center\">\u00a0<\/td>\n<td class=\"has-text-align-center\" data-align=\"center\">\u00a0<\/td>\n<td class=\"has-text-align-center\" data-align=\"center\">\u00a0<\/td>\n<td class=\"has-text-align-center\" data-align=\"center\"><strong>5146<\/strong> <br \/>Live 2 <br \/>brezhoneg (riko\u00f9)<\/td>\n<td class=\"has-text-align-center\" data-align=\"center\">\u00a0<\/td>\n<td class=\"has-text-align-center\" data-align=\"center\">\u00a0<\/td>\n<td class=\"has-text-align-center\" data-align=\"center\">\u00a0<\/td>\n<td class=\"has-text-align-center\" data-align=\"center\">\u00a0<\/td>\n<td class=\"has-text-align-center\" data-align=\"center\">\u00a0<\/td>\n<\/tr>\n<\/tbody>\n<\/table>\n<\/figure>\n<p><!-- \/wp:table --><\/p>\t\t\t\t\t\t<\/div>\n\t\t\t\t<\/div>\n\t\t\t\t\t<\/div>\n\t\t<\/div>\n\t\t\t\t\t<\/div>\n\t\t<\/section>\n\t\t\t\t<\/div>\n\t\t","protected":false},"excerpt":{"rendered":"<p>O klask pleustri\u00f1 war ar brezhoneg emaoc&rsquo;h ? Kinnig a reomp deoc&rsquo;h un nebeud c&rsquo;hoario\u00f9 evit labourat hag adwelet ! \u00a0 C&rsquo;hoari evit Pask:Klikit war ar skeudenn evit kavout ar c&rsquo;hoari savet gans Noela, stajiadez Skol an Emsav. C&rsquo;HOARI 1 : Kentelio\u00f9 an Noz a ginnig deoc&rsquo;h adweladenno\u00f9 live 1 ha live 2 evit Kala-Goa\u00f1v&hellip;<\/p>\n","protected":false},"author":1,"featured_media":0,"parent":829,"menu_order":0,"comment_status":"closed","ping_status":"closed","template":"","meta":{"footnotes":""},"class_list":["post-833","page","type-page","status-publish","hentry"],"_links":{"self":[{"href":"https:\/\/breton-nantes.bzh\/index.php\/wp-json\/wp\/v2\/pages\/833","targetHints":{"allow":["GET"]}}],"collection":[{"href":"https:\/\/breton-nantes.bzh\/index.php\/wp-json\/wp\/v2\/pages"}],"about":[{"href":"https:\/\/breton-nantes.bzh\/index.php\/wp-json\/wp\/v2\/types\/page"}],"author":[{"embeddable":true,"href":"https:\/\/breton-nantes.bzh\/index.php\/wp-json\/wp\/v2\/users\/1"}],"replies":[{"embeddable":true,"href":"https:\/\/breton-nantes.bzh\/index.php\/wp-json\/wp\/v2\/comments?post=833"}],"version-history":[{"count":11,"href":"https:\/\/breton-nantes.bzh\/index.php\/wp-json\/wp\/v2\/pages\/833\/revisions"}],"predecessor-version":[{"id":3174,"href":"https:\/\/breton-nantes.bzh\/index.php\/wp-json\/wp\/v2\/pages\/833\/revisions\/3174"}],"up":[{"embeddable":true,"href":"https:\/\/breton-nantes.bzh\/index.php\/wp-json\/wp\/v2\/pages\/829"}],"wp:attachment":[{"href":"https:\/\/breton-nantes.bzh\/index.php\/wp-json\/wp\/v2\/media?parent=833"}],"curies":[{"name":"wp","href":"https:\/\/api.w.org\/{rel}","templated":true}]}}