{"id":829,"date":"2020-04-30T10:05:21","date_gmt":"2020-04-30T08:05:21","guid":{"rendered":"http:\/\/breton-nantes.bzh\/?page_id=829"},"modified":"2026-04-13T13:17:10","modified_gmt":"2026-04-13T11:17:10","slug":"adwelet-ha-choari","status":"publish","type":"page","link":"https:\/\/breton-nantes.bzh\/index.php\/bre\/deskin\/adwelet-ha-choari\/","title":{"rendered":"Adwelout"},"content":{"rendered":"\t\t<div data-elementor-type=\"wp-page\" data-elementor-id=\"829\" class=\"elementor elementor-829\">\n\t\t\t\t\t\t<section class=\"elementor-section elementor-top-section elementor-element elementor-element-194ab1e elementor-section-boxed elementor-section-height-default elementor-section-height-default\" data-id=\"194ab1e\" data-element_type=\"section\">\n\t\t\t\t\t\t<div class=\"elementor-container elementor-column-gap-default\">\n\t\t\t\t\t<div class=\"elementor-column elementor-col-33 elementor-top-column elementor-element elementor-element-5e023c9\" data-id=\"5e023c9\" data-element_type=\"column\">\n\t\t\t<div class=\"elementor-widget-wrap elementor-element-populated\">\n\t\t\t\t\t\t<div class=\"elementor-element elementor-element-9098199 elementor-widget elementor-widget-text-editor\" data-id=\"9098199\" data-element_type=\"widget\" data-widget_type=\"text-editor.default\">\n\t\t\t\t<div class=\"elementor-widget-container\">\n\t\t\t\t\t\t\t<p style=\"text-align: center;\"><span style=\"color: #ffcc00; font-size: 18pt;\"><strong>Desketa, gant Ofis Publik Ar Brezhoneg<\/strong><\/span><\/p><p><span style=\"font-family: Arial, Helvetica, sans-serif; color: #000000; font-size: 14pt;\">Ouzhpenn ar c&rsquo;hentelio\u00f9 hag ar stajo\u00f9 e c&rsquo;hellit kenderc&rsquo;hel pe mont pelloc&rsquo;h o teski\u00f1 brezhoneg hoc&rsquo;h-unan en un doare digoust a-drugarez d&rsquo;ar savenn evit deski\u00f1 brezhoneg enlinenn savet gant Ofis Publik Ar Brezhoneg :\u00a0<span style=\"text-decoration: underline; font-size: 18pt;\"><span style=\"color: #0000ff; text-decoration: underline;\"><a style=\"color: #0000ff; text-decoration: underline;\" href=\"https:\/\/desketa.bzh\/\" target=\"_blank\" rel=\"noopener\">Desketa.bzh<\/a><\/span><\/span><\/span><\/p>\t\t\t\t\t\t<\/div>\n\t\t\t\t<\/div>\n\t\t\t\t\t<\/div>\n\t\t<\/div>\n\t\t\t\t<div class=\"elementor-column elementor-col-66 elementor-top-column elementor-element elementor-element-b93bfd5\" data-id=\"b93bfd5\" data-element_type=\"column\">\n\t\t\t<div class=\"elementor-widget-wrap elementor-element-populated\">\n\t\t\t\t\t\t<div class=\"elementor-element elementor-element-db07fc3 elementor-widget elementor-widget-image\" data-id=\"db07fc3\" data-element_type=\"widget\" data-widget_type=\"image.default\">\n\t\t\t\t<div class=\"elementor-widget-container\">\n\t\t\t\t\t\t\t\t\t\t\t\t\t\t<a href=\"https:\/\/desketa.bzh\/\" target=\"_blank\">\n\t\t\t\t\t\t\t<img fetchpriority=\"high\" decoding=\"async\" width=\"768\" height=\"337\" src=\"https:\/\/breton-nantes.bzh\/wp-content\/uploads\/2024\/06\/DESKETA-768x337.jpg\" class=\"attachment-medium_large size-medium_large wp-image-5169\" alt=\"\" srcset=\"https:\/\/breton-nantes.bzh\/wp-content\/uploads\/2024\/06\/DESKETA-768x337.jpg 768w, https:\/\/breton-nantes.bzh\/wp-content\/uploads\/2024\/06\/DESKETA-300x132.jpg 300w, https:\/\/breton-nantes.bzh\/wp-content\/uploads\/2024\/06\/DESKETA-1024x449.jpg 1024w, https:\/\/breton-nantes.bzh\/wp-content\/uploads\/2024\/06\/DESKETA-1536x674.jpg 1536w, https:\/\/breton-nantes.bzh\/wp-content\/uploads\/2024\/06\/DESKETA.jpg 1824w\" sizes=\"(max-width: 768px) 100vw, 768px\" \/>\t\t\t\t\t\t\t\t<\/a>\n\t\t\t\t\t\t\t\t\t\t\t\t\t<\/div>\n\t\t\t\t<\/div>\n\t\t\t\t\t<\/div>\n\t\t<\/div>\n\t\t\t\t\t<\/div>\n\t\t<\/section>\n\t\t\t\t<section class=\"elementor-section elementor-top-section elementor-element elementor-element-bf01b2e elementor-section-boxed elementor-section-height-default elementor-section-height-default\" data-id=\"bf01b2e\" data-element_type=\"section\">\n\t\t\t\t\t\t<div class=\"elementor-container elementor-column-gap-default\">\n\t\t\t\t\t<div class=\"elementor-column elementor-col-100 elementor-top-column elementor-element elementor-element-d0bb7e7\" data-id=\"d0bb7e7\" data-element_type=\"column\">\n\t\t\t<div class=\"elementor-widget-wrap elementor-element-populated\">\n\t\t\t\t\t\t<div class=\"elementor-element elementor-element-c1b5322 elementor-widget-divider--view-line elementor-widget elementor-widget-divider\" data-id=\"c1b5322\" data-element_type=\"widget\" data-widget_type=\"divider.default\">\n\t\t\t\t<div class=\"elementor-widget-container\">\n\t\t\t\t\t<div class=\"elementor-divider\">\n\t\t\t<span class=\"elementor-divider-separator\">\n\t\t\t\t\t\t<\/span>\n\t\t<\/div>\n\t\t\t\t<\/div>\n\t\t\t\t<\/div>\n\t\t\t\t\t<\/div>\n\t\t<\/div>\n\t\t\t\t\t<\/div>\n\t\t<\/section>\n\t\t\t\t<section class=\"elementor-section elementor-top-section elementor-element elementor-element-39548c7 elementor-section-boxed elementor-section-height-default elementor-section-height-default\" data-id=\"39548c7\" data-element_type=\"section\">\n\t\t\t\t\t\t<div class=\"elementor-container elementor-column-gap-default\">\n\t\t\t\t\t<div class=\"elementor-column elementor-col-50 elementor-top-column elementor-element elementor-element-c60ab48\" data-id=\"c60ab48\" data-element_type=\"column\">\n\t\t\t<div class=\"elementor-widget-wrap elementor-element-populated\">\n\t\t\t\t\t\t<div class=\"elementor-element elementor-element-b3810c0 elementor-widget elementor-widget-image\" data-id=\"b3810c0\" data-element_type=\"widget\" data-widget_type=\"image.default\">\n\t\t\t\t<div class=\"elementor-widget-container\">\n\t\t\t\t\t\t\t\t\t\t\t\t\t\t<a href=\"https:\/\/mogidell.wordpress.com\/\">\n\t\t\t\t\t\t\t<img decoding=\"async\" width=\"325\" height=\"193\" src=\"https:\/\/breton-nantes.bzh\/wp-content\/uploads\/2020\/04\/bandeau-2.png\" class=\"attachment-full size-full wp-image-824\" alt=\"\" srcset=\"https:\/\/breton-nantes.bzh\/wp-content\/uploads\/2020\/04\/bandeau-2.png 325w, https:\/\/breton-nantes.bzh\/wp-content\/uploads\/2020\/04\/bandeau-2-300x178.png 300w\" sizes=\"(max-width: 325px) 100vw, 325px\" \/>\t\t\t\t\t\t\t\t<\/a>\n\t\t\t\t\t\t\t\t\t\t\t\t\t<\/div>\n\t\t\t\t<\/div>\n\t\t\t\t<div class=\"elementor-element elementor-element-fc831cb elementor-align-center elementor-widget elementor-widget-button\" data-id=\"fc831cb\" data-element_type=\"widget\" data-widget_type=\"button.default\">\n\t\t\t\t<div class=\"elementor-widget-container\">\n\t\t\t\t\t<div class=\"elementor-button-wrapper\">\n\t\t\t<a class=\"elementor-button elementor-button-link elementor-size-sm\" href=\"https:\/\/mogidell.wordpress.com\/\">\n\t\t\t\t\t\t<span class=\"elementor-button-content-wrapper\">\n\t\t\t\t\t\t\t\t\t<span class=\"elementor-button-text\">Hol lec'hienn Mogidell<\/span>\n\t\t\t\t\t<\/span>\n\t\t\t\t\t<\/a>\n\t\t<\/div>\n\t\t\t\t<\/div>\n\t\t\t\t<\/div>\n\t\t\t\t\t<\/div>\n\t\t<\/div>\n\t\t\t\t<div class=\"elementor-column elementor-col-50 elementor-top-column elementor-element elementor-element-0ad859c\" data-id=\"0ad859c\" data-element_type=\"column\">\n\t\t\t<div class=\"elementor-widget-wrap elementor-element-populated\">\n\t\t\t\t\t\t<div class=\"elementor-element elementor-element-6d7d03a elementor-widget elementor-widget-text-editor\" data-id=\"6d7d03a\" data-element_type=\"widget\" data-widget_type=\"text-editor.default\">\n\t\t\t\t<div class=\"elementor-widget-container\">\n\t\t\t\t\t\t\t<p style=\"text-align: center;\"><span style=\"font-size: 18pt;\"><strong><span style=\"font-family: 'Trebuchet MS', Geneva; color: #ffcc00;\"><a style=\"color: #ffcc00;\" href=\"https:\/\/mogidell.wordpress.com\/\" target=\"_blank\" rel=\"noopener\">Mogidell<\/a>, gant KanN<\/span><\/strong><\/span><\/p><p style=\"text-align: left;\"><span style=\"font-size: 14pt; font-family: 'Trebuchet MS', Geneva;\">Setu ul lec&rsquo;hienn internet savet gant KanN evit sikour ac&rsquo;hanoc&rsquo;h da labourat war ar brezhoneg er g\u00ear ! Poelladenno\u00f9, yezhadur, geriaoueg&#8230; Peadra deoc&rsquo;h da zerc&rsquo;hel ganti, pleustri\u00f1 pe adwelout !<\/span><\/p><p><span style=\"font-family: 'Trebuchet MS', Geneva; font-size: 14pt;\">Evit ar e live 1 (kenta\u00f1 bloavezh ar c&rsquo;hentelio\u00f9) nemetken. Ema\u00f1 al liveo\u00f9 all <strong><span style=\"color: #ff0000;\">war ober<\/span><\/strong>.<\/span><\/p>\t\t\t\t\t\t<\/div>\n\t\t\t\t<\/div>\n\t\t\t\t\t<\/div>\n\t\t<\/div>\n\t\t\t\t\t<\/div>\n\t\t<\/section>\n\t\t\t\t<section class=\"elementor-section elementor-top-section elementor-element elementor-element-4993ebe elementor-section-boxed elementor-section-height-default elementor-section-height-default\" data-id=\"4993ebe\" data-element_type=\"section\">\n\t\t\t\t\t\t<div class=\"elementor-container elementor-column-gap-default\">\n\t\t\t\t\t<div class=\"elementor-column elementor-col-100 elementor-top-column elementor-element elementor-element-a83fb26\" data-id=\"a83fb26\" data-element_type=\"column\">\n\t\t\t<div class=\"elementor-widget-wrap elementor-element-populated\">\n\t\t\t\t\t\t<div class=\"elementor-element elementor-element-9181635 elementor-widget-divider--view-line elementor-widget elementor-widget-divider\" data-id=\"9181635\" data-element_type=\"widget\" data-widget_type=\"divider.default\">\n\t\t\t\t<div class=\"elementor-widget-container\">\n\t\t\t\t\t<div class=\"elementor-divider\">\n\t\t\t<span class=\"elementor-divider-separator\">\n\t\t\t\t\t\t<\/span>\n\t\t<\/div>\n\t\t\t\t<\/div>\n\t\t\t\t<\/div>\n\t\t\t\t\t<\/div>\n\t\t<\/div>\n\t\t\t\t\t<\/div>\n\t\t<\/section>\n\t\t\t\t<section class=\"elementor-section elementor-top-section elementor-element elementor-element-92545e4 elementor-section-boxed elementor-section-height-default elementor-section-height-default\" data-id=\"92545e4\" data-element_type=\"section\">\n\t\t\t\t\t\t<div class=\"elementor-container elementor-column-gap-default\">\n\t\t\t\t\t<div class=\"elementor-column elementor-col-50 elementor-top-column elementor-element elementor-element-72d92d8\" data-id=\"72d92d8\" data-element_type=\"column\">\n\t\t\t<div class=\"elementor-widget-wrap elementor-element-populated\">\n\t\t\t\t\t\t<div class=\"elementor-element elementor-element-7277751 elementor-widget elementor-widget-text-editor\" data-id=\"7277751\" data-element_type=\"widget\" data-widget_type=\"text-editor.default\">\n\t\t\t\t<div class=\"elementor-widget-container\">\n\t\t\t\t\t\t\t<p style=\"text-align: center;\"><strong><span style=\"font-family: 'Trebuchet MS', Geneva; font-size: 24pt; color: #ffcc00;\"><a style=\"color: #ffcc00;\" href=\"https:\/\/breton-nantes.bzh\/index.php\/des-jeux-pour-sentrainer\/jeux-pour-reviser\/\">Ar c&rsquo;hoario\u00f9 enlinenn gant KanN<\/a><\/span><\/strong><\/p><p style=\"text-align: left;\"><span style=\"font-size: 14pt; font-family: 'Trebuchet MS', Geneva;\">O klask pleustri\u00f1 war ar brezhoneg emaoc&rsquo;h ? Kinnig a reomp deoc&rsquo;h un nebeud c&rsquo;hoario\u00f9 evit labourat hag adwelout !<\/span><\/p>\t\t\t\t\t\t<\/div>\n\t\t\t\t<\/div>\n\t\t\t\t<div class=\"elementor-element elementor-element-9049fc4 elementor-align-center elementor-widget elementor-widget-button\" data-id=\"9049fc4\" data-element_type=\"widget\" data-widget_type=\"button.default\">\n\t\t\t\t<div class=\"elementor-widget-container\">\n\t\t\t\t\t<div class=\"elementor-button-wrapper\">\n\t\t\t<a class=\"elementor-button elementor-button-link elementor-size-sm\" href=\"https:\/\/breton-nantes.bzh\/index.php\/bre\/adwelet-ha-choari\/choariou-evit-adwelet\/\">\n\t\t\t\t\t\t<span class=\"elementor-button-content-wrapper\">\n\t\t\t\t\t\t\t\t\t<span class=\"elementor-button-text\">Klikit ama\u00f1<\/span>\n\t\t\t\t\t<\/span>\n\t\t\t\t\t<\/a>\n\t\t<\/div>\n\t\t\t\t<\/div>\n\t\t\t\t<\/div>\n\t\t\t\t\t<\/div>\n\t\t<\/div>\n\t\t\t\t<div class=\"elementor-column elementor-col-50 elementor-top-column elementor-element elementor-element-32cb814\" data-id=\"32cb814\" data-element_type=\"column\">\n\t\t\t<div class=\"elementor-widget-wrap elementor-element-populated\">\n\t\t\t\t\t\t<div class=\"elementor-element elementor-element-6f355b6 elementor-widget elementor-widget-image\" data-id=\"6f355b6\" data-element_type=\"widget\" data-widget_type=\"image.default\">\n\t\t\t\t<div class=\"elementor-widget-container\">\n\t\t\t\t\t\t\t\t\t\t\t\t\t<img decoding=\"async\" width=\"1024\" height=\"819\" src=\"https:\/\/breton-nantes.bzh\/wp-content\/uploads\/2020\/03\/5-1024x819.jpg\" class=\"attachment-large size-large wp-image-691\" alt=\"\" srcset=\"https:\/\/breton-nantes.bzh\/wp-content\/uploads\/2020\/03\/5-1024x819.jpg 1024w, https:\/\/breton-nantes.bzh\/wp-content\/uploads\/2020\/03\/5-300x240.jpg 300w, https:\/\/breton-nantes.bzh\/wp-content\/uploads\/2020\/03\/5-768x614.jpg 768w, https:\/\/breton-nantes.bzh\/wp-content\/uploads\/2020\/03\/5-1536x1229.jpg 1536w, https:\/\/breton-nantes.bzh\/wp-content\/uploads\/2020\/03\/5-660x528.jpg 660w, https:\/\/breton-nantes.bzh\/wp-content\/uploads\/2020\/03\/5.jpg 2000w\" sizes=\"(max-width: 1024px) 100vw, 1024px\" \/>\t\t\t\t\t\t\t\t\t\t\t\t\t<\/div>\n\t\t\t\t<\/div>\n\t\t\t\t\t<\/div>\n\t\t<\/div>\n\t\t\t\t\t<\/div>\n\t\t<\/section>\n\t\t\t\t<section class=\"elementor-section elementor-top-section elementor-element elementor-element-0219c2f elementor-section-boxed elementor-section-height-default elementor-section-height-default\" data-id=\"0219c2f\" data-element_type=\"section\">\n\t\t\t\t\t\t<div class=\"elementor-container elementor-column-gap-default\">\n\t\t\t\t\t<div class=\"elementor-column elementor-col-100 elementor-top-column elementor-element elementor-element-4567542\" data-id=\"4567542\" data-element_type=\"column\">\n\t\t\t<div class=\"elementor-widget-wrap elementor-element-populated\">\n\t\t\t\t\t\t<div class=\"elementor-element elementor-element-f539d86 elementor-widget-divider--view-line elementor-widget elementor-widget-divider\" data-id=\"f539d86\" data-element_type=\"widget\" data-widget_type=\"divider.default\">\n\t\t\t\t<div class=\"elementor-widget-container\">\n\t\t\t\t\t<div class=\"elementor-divider\">\n\t\t\t<span class=\"elementor-divider-separator\">\n\t\t\t\t\t\t<\/span>\n\t\t<\/div>\n\t\t\t\t<\/div>\n\t\t\t\t<\/div>\n\t\t\t\t\t<\/div>\n\t\t<\/div>\n\t\t\t\t\t<\/div>\n\t\t<\/section>\n\t\t\t\t<section class=\"elementor-section elementor-top-section elementor-element elementor-element-4b3aa17 elementor-section-boxed elementor-section-height-default elementor-section-height-default\" data-id=\"4b3aa17\" data-element_type=\"section\">\n\t\t\t\t\t\t<div class=\"elementor-container elementor-column-gap-default\">\n\t\t\t\t\t<div class=\"elementor-column elementor-col-50 elementor-top-column elementor-element elementor-element-c091d5a\" data-id=\"c091d5a\" data-element_type=\"column\">\n\t\t\t<div class=\"elementor-widget-wrap elementor-element-populated\">\n\t\t\t\t\t\t<div class=\"elementor-element elementor-element-21f35f9 elementor-widget elementor-widget-video\" data-id=\"21f35f9\" data-element_type=\"widget\" data-settings=\"{&quot;youtube_url&quot;:&quot;https:\\\/\\\/www.youtube.com\\\/watch?v=MIEtSutSfxw&amp;list=PLJbxm3gcOx3QOZgirYXVkMV1jU5lhZDAT&quot;,&quot;video_type&quot;:&quot;youtube&quot;,&quot;controls&quot;:&quot;yes&quot;}\" data-widget_type=\"video.default\">\n\t\t\t\t<div class=\"elementor-widget-container\">\n\t\t\t\t\t<div class=\"elementor-wrapper elementor-open-inline\">\n\t\t\t<div class=\"elementor-video\"><\/div>\t\t<\/div>\n\t\t\t\t<\/div>\n\t\t\t\t<\/div>\n\t\t\t\t\t<\/div>\n\t\t<\/div>\n\t\t\t\t<div class=\"elementor-column elementor-col-50 elementor-top-column elementor-element elementor-element-1e4f83e\" data-id=\"1e4f83e\" data-element_type=\"column\">\n\t\t\t<div class=\"elementor-widget-wrap elementor-element-populated\">\n\t\t\t\t\t\t<div class=\"elementor-element elementor-element-f3809ff elementor-widget elementor-widget-text-editor\" data-id=\"f3809ff\" data-element_type=\"widget\" data-widget_type=\"text-editor.default\">\n\t\t\t\t<div class=\"elementor-widget-container\">\n\t\t\t\t\t\t\t<p style=\"text-align: center;\"><strong><span style=\"font-family: 'Trebuchet MS', Geneva; font-size: 24pt; color: #ffcc00;\"><a style=\"color: #ffcc00;\" href=\"https:\/\/breton-nantes.bzh\/index.php\/des-jeux-pour-sentrainer\/les-videos-du-confinement\/\">Videoio\u00f9 savet gant KanN<\/a><\/span><\/strong><\/p><p style=\"text-align: left;\"><span style=\"font-size: 14pt; font-family: 'Trebuchet MS', Geneva;\">Savet ez eus bet videoio\u00f9 gant skipailh Kentelio\u00f9 an Noz evit deski\u00f1 geriaoueg, reolenno\u00f9 yezhadur pe evit labourat war an distaga\u00f1 !<\/span><\/p>\t\t\t\t\t\t<\/div>\n\t\t\t\t<\/div>\n\t\t\t\t<div class=\"elementor-element elementor-element-a2c9efe elementor-align-center elementor-widget elementor-widget-button\" data-id=\"a2c9efe\" data-element_type=\"widget\" data-widget_type=\"button.default\">\n\t\t\t\t<div class=\"elementor-widget-container\">\n\t\t\t\t\t<div class=\"elementor-button-wrapper\">\n\t\t\t<a class=\"elementor-button elementor-button-link elementor-size-sm\" href=\"https:\/\/breton-nantes.bzh\/index.php\/bre\/adwelet-ha-choari\/videoiou-an-enkaean\/\">\n\t\t\t\t\t\t<span class=\"elementor-button-content-wrapper\">\n\t\t\t\t\t\t\t\t\t<span class=\"elementor-button-text\">Chadenn Youtube KanN<\/span>\n\t\t\t\t\t<\/span>\n\t\t\t\t\t<\/a>\n\t\t<\/div>\n\t\t\t\t<\/div>\n\t\t\t\t<\/div>\n\t\t\t\t\t<\/div>\n\t\t<\/div>\n\t\t\t\t\t<\/div>\n\t\t<\/section>\n\t\t\t\t<\/div>\n\t\t","protected":false},"excerpt":{"rendered":"<p>Desketa, gant Ofis Publik Ar Brezhoneg Ouzhpenn ar c&rsquo;hentelio\u00f9 hag ar stajo\u00f9 e c&rsquo;hellit kenderc&rsquo;hel pe mont pelloc&rsquo;h o teski\u00f1 brezhoneg hoc&rsquo;h-unan en un doare digoust a-drugarez d&rsquo;ar savenn evit deski\u00f1 brezhoneg enlinenn savet gant Ofis Publik Ar Brezhoneg :\u00a0Desketa.bzh Hol lec&rsquo;hienn Mogidell Mogidell, gant KanN Setu ul lec&rsquo;hienn internet savet gant KanN evit sikour&hellip;<\/p>\n","protected":false},"author":1,"featured_media":0,"parent":2967,"menu_order":0,"comment_status":"closed","ping_status":"closed","template":"","meta":{"footnotes":""},"class_list":["post-829","page","type-page","status-publish","hentry"],"_links":{"self":[{"href":"https:\/\/breton-nantes.bzh\/index.php\/wp-json\/wp\/v2\/pages\/829","targetHints":{"allow":["GET"]}}],"collection":[{"href":"https:\/\/breton-nantes.bzh\/index.php\/wp-json\/wp\/v2\/pages"}],"about":[{"href":"https:\/\/breton-nantes.bzh\/index.php\/wp-json\/wp\/v2\/types\/page"}],"author":[{"embeddable":true,"href":"https:\/\/breton-nantes.bzh\/index.php\/wp-json\/wp\/v2\/users\/1"}],"replies":[{"embeddable":true,"href":"https:\/\/breton-nantes.bzh\/index.php\/wp-json\/wp\/v2\/comments?post=829"}],"version-history":[{"count":7,"href":"https:\/\/breton-nantes.bzh\/index.php\/wp-json\/wp\/v2\/pages\/829\/revisions"}],"predecessor-version":[{"id":7414,"href":"https:\/\/breton-nantes.bzh\/index.php\/wp-json\/wp\/v2\/pages\/829\/revisions\/7414"}],"up":[{"embeddable":true,"href":"https:\/\/breton-nantes.bzh\/index.php\/wp-json\/wp\/v2\/pages\/2967"}],"wp:attachment":[{"href":"https:\/\/breton-nantes.bzh\/index.php\/wp-json\/wp\/v2\/media?parent=829"}],"curies":[{"name":"wp","href":"https:\/\/api.w.org\/{rel}","templated":true}]}}