{"id":793,"date":"2020-04-29T16:10:18","date_gmt":"2020-04-29T14:10:18","guid":{"rendered":"http:\/\/breton-nantes.bzh\/?page_id=793"},"modified":"2026-04-13T13:00:57","modified_gmt":"2026-04-13T11:00:57","slug":"jeux-pour-reviser","status":"publish","type":"page","link":"https:\/\/breton-nantes.bzh\/index.php\/apprendre\/des-jeux-pour-sentrainer\/jeux-pour-reviser\/","title":{"rendered":"Nos jeux en ligne"},"content":{"rendered":"\t\t<div data-elementor-type=\"wp-page\" data-elementor-id=\"793\" class=\"elementor elementor-793\">\n\t\t\t\t\t\t<section class=\"elementor-section elementor-top-section elementor-element elementor-element-ddcf7d1 elementor-section-boxed elementor-section-height-default elementor-section-height-default\" data-id=\"ddcf7d1\" data-element_type=\"section\">\n\t\t\t\t\t\t<div class=\"elementor-container elementor-column-gap-default\">\n\t\t\t\t\t<div class=\"elementor-column elementor-col-100 elementor-top-column elementor-element elementor-element-5b6e96ca\" data-id=\"5b6e96ca\" data-element_type=\"column\">\n\t\t\t<div class=\"elementor-widget-wrap elementor-element-populated\">\n\t\t\t\t\t\t<div class=\"elementor-element elementor-element-3fbcc403 elementor-widget elementor-widget-text-editor\" data-id=\"3fbcc403\" data-element_type=\"widget\" data-widget_type=\"text-editor.default\">\n\t\t\t\t<div class=\"elementor-widget-container\">\n\t\t\t\t\t\t\t<p><!-- \/wp:paragraph --><\/p>\n<p><!-- wp:paragraph {\"align\":\"center\",\"fontSize\":\"huge\"} --><\/p>\n<p><span style=\"font-size: 24pt;\">Vous cherchez \u00e0 vous entra\u00eener en breton ? Nous vous proposons quelques jeux pour travailler et r\u00e9viser !<\/span><\/p>\n<p><!-- \/wp:paragraph --><\/p>\n<p><!-- wp:paragraph {\"style\":{\"typography\":{\"fontSize\":\"25px\"}}} --><\/p>\n<p style=\"font-size: 25px;\"><strong><br \/><span style=\"color: #ffcc00;\">Sp\u00e9cial P\u00e2ques<\/span><\/strong><\/p>\n<p><span style=\"font-size: 18pt;\">Cliquez sur l&rsquo;image pour acc\u00e9der \u00e0 ce quizz r\u00e9alis\u00e9 par Noela, stagiaire de Skol an Emsav.<br \/><\/span><\/p>\n<p><span style=\"font-size: 24pt;\"><a href=\"https:\/\/view.genial.ly\/64007edd2830ec001a661a90\"><img fetchpriority=\"high\" decoding=\"async\" class=\"size-large wp-image-3166\" src=\"https:\/\/breton-nantes.bzh\/wp-content\/uploads\/2023\/04\/choari-Noela-1024x540.png\" alt=\"jeu de r\u00e9vision\" width=\"1024\" height=\"540\" srcset=\"https:\/\/breton-nantes.bzh\/wp-content\/uploads\/2023\/04\/choari-Noela-1024x540.png 1024w, https:\/\/breton-nantes.bzh\/wp-content\/uploads\/2023\/04\/choari-Noela-300x158.png 300w, https:\/\/breton-nantes.bzh\/wp-content\/uploads\/2023\/04\/choari-Noela-768x405.png 768w, https:\/\/breton-nantes.bzh\/wp-content\/uploads\/2023\/04\/choari-Noela.png 1307w\" sizes=\"(max-width: 1024px) 100vw, 1024px\" \/><\/a><\/span><\/p>\n<p><span style=\"font-size: 18pt;\">\u00a0<\/span><strong><br \/><\/strong><\/p>\n<p><span style=\"font-size: 18pt; color: #ffcc00;\"><strong>JEUX 1 :<\/strong><\/span><\/p>\n<p><!-- \/wp:paragraph --><\/p>\n<p><!-- wp:paragraph {\"align\":\"center\",\"style\":{\"typography\":{\"fontSize\":\"25px\"}}} --><\/p>\n<p style=\"font-size: 25px;\">Kentelio\u00f9 an Noz vous propose des r\u00e9visions d&rsquo;automne pour les niveaux 1 et 2 !<\/p>\n<p><!-- \/wp:paragraph --><\/p>\n<p><!-- wp:image {\"align\":\"center\",\"id\":1934,\"sizeSlug\":\"medium\",\"linkDestination\":\"none\"} --><\/p>\n<figure><img decoding=\"async\" src=\"https:\/\/breton-nantes.bzh\/wp-content\/uploads\/2021\/11\/Adweladennou-300x201.png\" alt=\"\" \/><\/figure>\n<p><!-- \/wp:image --><\/p>\n<p><!-- wp:buttons {\"layout\":{\"type\":\"flex\",\"justifyContent\":\"center\",\"orientation\":\"horizontal\"}} --><\/p>\n<div>\n<p><!-- wp:button --><\/p>\n<div><a href=\"https:\/\/view.genial.ly\/61684c135cc3070dbce004cf\">Niveau 1<\/a><\/div>\n<p><!-- \/wp:button --><\/p>\n<p><!-- wp:button --><\/p>\n<div><a href=\"https:\/\/view.genial.ly\/616849c15463e40dcfe38c73\">Niveau 2<\/a><\/div>\n<p><!-- \/wp:button --><\/p>\n<\/div>\n<p><!-- \/wp:buttons --><\/p>\n<p><!-- wp:separator {\"opacity\":\"css\"} --><\/p>\n<hr \/>\n<p><!-- \/wp:separator --><\/p>\n<p><!-- wp:paragraph {\"style\":{\"typography\":{\"fontSize\":\"25px\"}}} --><\/p>\n<p style=\"font-size: 25px;\"><strong><span style=\"color: #ffcc00;\">JEUX 2 :<\/span> <\/strong><\/p>\n<p><!-- \/wp:paragraph --><\/p>\n<p><!-- wp:paragraph {\"align\":\"center\",\"style\":{\"typography\":{\"fontSize\":25}}} --><\/p>\n<p style=\"font-size: 25px;\">Rendez-vous sur le site suivant pour jouer : <a href=\"https:\/\/www.educandy.com\/\">https:\/\/www.educandy.com\/<\/a><br \/>Et entrez le code du jeu auquel vous voulez jouer en haut \u00e0 gauche de la page du site educandy (liste des codes au bas de cette page) !<\/p>\n<p><!-- \/wp:paragraph --><\/p>\n<p><!-- wp:paragraph {\"fontSize\":\"large\"} --><\/p>\n<p><em>Quelques conseils avant de commencer&#8230;<\/em><\/p>\n<p><!-- \/wp:paragraph --><\/p>\n<p><!-- wp:paragraph --><\/p>\n<p>Il y a 8 fa\u00e7ons de jouer en tout.<br \/>Un jeu peut se jouer de plusieurs mani\u00e8res diff\u00e9rentes (Anagrams, Word Search, Hangman&#8230;).<br \/>Faites les jeux breton \/ fran\u00e7ais d&rsquo;abord pour apprendre le vocabulaire. <em><br \/><\/em>Appuyez sur CTRL \u00ab\u00a0+\u00a0\u00bb ou \u00ab\u00a0&#8211;\u00a0\u00bb si vous souhaitez agrandir ou r\u00e9tr\u00e9cir la taille des jeux sur l&rsquo;\u00e9cran s&rsquo;ils ne sont pas assez visibles.<\/p>\n<p><!-- \/wp:paragraph --><\/p>\n<p><!-- wp:paragraph {\"align\":\"center\",\"fontSize\":\"medium\"} --><\/p>\n<p>Jouez d&rsquo;abord avec <strong>Anagrams<\/strong> et <strong>Word Search<\/strong> avant de jouer avec <strong>Hangman<\/strong>, qui est plus difficile !<\/p>\n<p><!-- \/wp:paragraph --><\/p>\n<p><!-- wp:list --><\/p>\n<ul>\n<li style=\"list-style-type: none;\">\n<ul><!-- wp:list-item --><\/ul>\n<\/li>\n<\/ul>\n<ul>\n<li style=\"list-style-type: none;\">\n<ul>\n<li><em><strong>Anagrams : <\/strong>Cliquer sur les lettres pour retrouver le mot.<\/em><\/li>\n<\/ul>\n<\/li>\n<\/ul>\n<p><!-- \/wp:list-item --><\/p>\n<p><!-- \/wp:list --><\/p>\n<p><!-- wp:image {\"align\":\"center\",\"id\":687,\"sizeSlug\":\"medium\"} --><\/p>\n<figure><img decoding=\"async\" src=\"https:\/\/breton-nantes.bzh\/wp-content\/uploads\/2020\/03\/1-300x240.jpg\" alt=\"\" \/><\/figure>\n<p><!-- \/wp:image --><\/p>\n<p><!-- wp:list --><\/p>\n<ul>\n<li style=\"list-style-type: none;\">\n<ul><!-- wp:list-item --><\/ul>\n<\/li>\n<\/ul>\n<ul>\n<li style=\"list-style-type: none;\">\n<ul>\n<li><em><strong>Word Search :<\/strong> Rester cliquer et bouger la souris pour prendre le mot en entier. Vous pouvez \u00e9crire des mots dans tous les sens possibles.<\/em><\/li>\n<\/ul>\n<\/li>\n<\/ul>\n<p><!-- \/wp:list-item --><\/p>\n<p><!-- \/wp:list --><\/p>\n<p><!-- wp:image {\"align\":\"center\",\"id\":691,\"sizeSlug\":\"medium\"} --><\/p>\n<figure><img decoding=\"async\" src=\"https:\/\/breton-nantes.bzh\/wp-content\/uploads\/2020\/03\/5-300x240.jpg\" alt=\"\" \/><\/figure>\n<p><!-- \/wp:image --><\/p>\n<p><!-- wp:list --><\/p>\n<ul>\n<li style=\"list-style-type: none;\">\n<ul><!-- wp:list-item --><\/ul>\n<\/li>\n<\/ul>\n<ul>\n<li style=\"list-style-type: none;\">\n<ul>\n<li><em><strong>Hangman :<\/strong> Cliquer sur les lettres en bas pour retrouver le mot avant que la tablette de chocolat ne soit mang\u00e9e.<\/em><\/li>\n<\/ul>\n<\/li>\n<\/ul>\n<p><!-- \/wp:list-item --><\/p>\n<p><!-- \/wp:list --><\/p>\n<p><!-- wp:image {\"align\":\"center\",\"id\":688,\"sizeSlug\":\"medium\"} --><\/p>\n<figure><img decoding=\"async\" src=\"https:\/\/breton-nantes.bzh\/wp-content\/uploads\/2020\/03\/2-300x240.jpg\" alt=\"\" \/><\/figure>\n<p><!-- \/wp:image --><\/p>\n<p><!-- wp:list --><\/p>\n<ul>\n<li style=\"list-style-type: none;\">\n<ul><!-- wp:list-item --><\/ul>\n<\/li>\n<\/ul>\n<ul>\n<li style=\"list-style-type: none;\">\n<ul>\n<li><em><strong>Noughts &amp; Crosses : <\/strong>Prenez le mot \u00e0 droite et faites-le correspondre avec l&rsquo;un des mots du jeu pour cr\u00e9er une ligne de 3 ronds ou 3 croix. Vous pouvez jouer contre l&rsquo;ordinateur ou contre quelqu&rsquo;un \u00e0 vos c\u00f4t\u00e9s.<\/em><\/li>\n<\/ul>\n<\/li>\n<\/ul>\n<p><!-- \/wp:list-item --><\/p>\n<p><!-- \/wp:list --><\/p>\n<p><!-- wp:image {\"align\":\"center\",\"id\":693,\"sizeSlug\":\"medium\"} --><\/p>\n<figure><img decoding=\"async\" src=\"https:\/\/breton-nantes.bzh\/wp-content\/uploads\/2020\/03\/7-300x240.jpg\" alt=\"\" \/><\/figure>\n<p><!-- \/wp:image --><\/p>\n<p><!-- wp:list --><\/p>\n<ul>\n<li style=\"list-style-type: none;\">\n<ul><!-- wp:list-item --><\/ul>\n<\/li>\n<\/ul>\n<ul>\n<li style=\"list-style-type: none;\">\n<ul>\n<li><em><strong>Crosswords :<\/strong> Cliquer sur le num\u00e9ro ou les mots \u00e0 droite d&rsquo;abord. Puis sur les lettres en bas pour retrouver le mot. Attention, si vous vous trompez de lettre, celles-ci bougeront de place. Ce jeu ne comprend pas la lettre \u00ab\u00a0C&rsquo;H\u00a0\u00bb ni les tirets.<\/em><\/li>\n<\/ul>\n<\/li>\n<\/ul>\n<p><!-- \/wp:list-item --><\/p>\n<p><!-- \/wp:list --><\/p>\n<p><!-- wp:image {\"align\":\"center\",\"id\":694,\"sizeSlug\":\"medium\"} --><\/p>\n<figure><img decoding=\"async\" src=\"https:\/\/breton-nantes.bzh\/wp-content\/uploads\/2020\/03\/8-300x240.jpg\" alt=\"\" \/><\/figure>\n<p><!-- \/wp:image --><\/p>\n<p><!-- wp:list --><\/p>\n<ul>\n<li style=\"list-style-type: none;\">\n<ul><!-- wp:list-item --><\/ul>\n<\/li>\n<\/ul>\n<ul>\n<li style=\"list-style-type: none;\">\n<ul>\n<li><em><strong>Match-up :<\/strong>\u00a0 Faire correspondre les mots les uns avec les autres.<\/em><\/li>\n<\/ul>\n<\/li>\n<\/ul>\n<p><!-- \/wp:list-item --><\/p>\n<p><!-- \/wp:list --><\/p>\n<p><!-- wp:image {\"align\":\"center\",\"id\":692,\"sizeSlug\":\"medium\"} --><\/p>\n<figure><img decoding=\"async\" src=\"https:\/\/breton-nantes.bzh\/wp-content\/uploads\/2020\/03\/6-300x240.jpg\" alt=\"\" \/><\/figure>\n<p><!-- \/wp:image --><\/p>\n<p><!-- wp:list --><\/p>\n<ul>\n<li style=\"list-style-type: none;\">\n<ul><!-- wp:list-item --><\/ul>\n<\/li>\n<\/ul>\n<ul>\n<li style=\"list-style-type: none;\">\n<ul>\n<li><em><strong>Memory : <\/strong>Tourner les cartes et retrouver les paires. <\/em><\/li>\n<\/ul>\n<\/li>\n<\/ul>\n<p><!-- \/wp:list-item --><\/p>\n<p><!-- \/wp:list --><\/p>\n<p><!-- wp:image {\"align\":\"center\",\"id\":690,\"sizeSlug\":\"medium\"} --><\/p>\n<figure><img decoding=\"async\" src=\"https:\/\/breton-nantes.bzh\/wp-content\/uploads\/2020\/03\/4-300x240.jpg\" alt=\"\" \/><\/figure>\n<p><!-- \/wp:image --><\/p>\n<p><!-- wp:list --><\/p>\n<ul>\n<li style=\"list-style-type: none;\">\n<ul><!-- wp:list-item --><\/ul>\n<\/li>\n<\/ul>\n<ul>\n<li style=\"list-style-type: none;\">\n<ul>\n<li><em><strong>Multiple choice :<\/strong> Trouver le mot qui correspond parmi plusieurs r\u00e9ponses possibles.<\/em><\/li>\n<\/ul>\n<\/li>\n<\/ul>\n<p><!-- \/wp:list-item --><\/p>\n<p><!-- \/wp:list --><\/p>\n<p><!-- wp:image {\"align\":\"center\",\"id\":689,\"sizeSlug\":\"medium\"} --><\/p>\n<figure><img decoding=\"async\" src=\"https:\/\/breton-nantes.bzh\/wp-content\/uploads\/2020\/03\/3-300x240.jpg\" alt=\"\" \/><\/figure>\n<p><!-- \/wp:image --><\/p>\n<p><!-- wp:spacer --><\/p>\n<div style=\"height: 100px;\" aria-hidden=\"true\">\u00a0<\/div>\n<p><!-- \/wp:spacer --><\/p>\n<p><!-- wp:paragraph {\"fontSize\":\"large\"} --><\/p>\n<p><em>Les codes pour acc\u00e9der aux jeux<\/em><\/p>\n<p><!-- \/wp:paragraph --><\/p>\n<p><!-- wp:table {\"style\":{\"color\":{\"background\":\"#f3f4f5\"}},\"className\":\"is-style-regular\"} --><\/p>\n<figure>\n<table style=\"background-color: #f3f4f5;\">\n<tbody>\n<tr>\n<td data-align=\"center\"><strong>Les couleurs<\/strong><\/td>\n<td data-align=\"center\"><strong>Les animaux<\/strong><\/td>\n<td data-align=\"center\"><strong>Adjectifs<\/strong><\/td>\n<td data-align=\"center\"><strong>Les v\u00eatements<\/strong><\/td>\n<td data-align=\"center\"><strong>La famille<\/strong><\/td>\n<td data-align=\"center\"><strong>Les chiffres<\/strong><\/td>\n<td data-align=\"center\"><strong>Les verbes<\/strong><\/td>\n<td data-align=\"center\"><strong>Les fruits<\/strong><\/td>\n<td data-align=\"center\"><strong>Les l\u00e9gumes<\/strong><\/td>\n<\/tr>\n<tr>\n<td data-align=\"center\"><strong>301b<\/strong> <br \/>Niveau 1<br \/>breton\/fran\u00e7ais<\/td>\n<td data-align=\"center\"><strong>5109<\/strong> <br \/>Niveau 1<\/td>\n<td data-align=\"center\"><strong>50f2<\/strong><br \/>Niveau 1<\/td>\n<td data-align=\"center\"><strong>5137<\/strong> <br \/>Niveau 2<br \/>breton\/fran\u00e7ais<\/td>\n<td data-align=\"center\"><strong>32db<\/strong><br \/>Niveau 2<\/td>\n<td data-align=\"center\"><strong>3140<\/strong><br \/>Niveau 1<\/td>\n<td data-align=\"center\"><strong>50ed<\/strong><br \/>Niveau 1<\/td>\n<td data-align=\"center\"><strong>58b59<\/strong><br \/>breton<\/td>\n<td data-align=\"center\"><strong>58831<\/strong><br \/>breton<\/td>\n<\/tr>\n<tr>\n<td data-align=\"center\"><strong>309d<\/strong> <br \/>Niveau 1<br \/>breton<\/td>\n<td data-align=\"center\"><strong>510e<\/strong> <br \/>Niveau 1<br \/>Singulier\/pluriels<\/td>\n<td data-align=\"center\"><strong>512f<\/strong><br \/>Niveau 3<\/td>\n<td data-align=\"center\"><strong>513c<\/strong> <br \/>Niveau 2<br \/>breton\/fran\u00e7ais<\/td>\n<td data-align=\"center\"><strong>32e0<\/strong><br \/>Niveau 2<br \/>Singulier\/pluriels<\/td>\n<td data-align=\"center\">\u00a0<\/td>\n<td data-align=\"center\"><strong>56bb6<\/strong><br \/>Niveau 3<br \/>fran\u00e7ais\/breton<br \/>(partie 1)<\/td>\n<td data-align=\"center\"><strong>58b52<\/strong><br \/>fran\u00e7ais\/breton<\/td>\n<td data-align=\"center\"><strong>58839<\/strong><br \/>fran\u00e7ais\/breton<\/td>\n<\/tr>\n<tr>\n<td data-align=\"center\">\u00a0<\/td>\n<td data-align=\"center\">\u00a0<\/td>\n<td data-align=\"center\">\u00a0<\/td>\n<td data-align=\"center\"><strong>5145<\/strong> <br \/>Niveau 2<br \/>breton<\/td>\n<td data-align=\"center\">\u00a0<\/td>\n<td data-align=\"center\">\u00a0<\/td>\n<td data-align=\"center\"><strong>56c76<\/strong><br \/>Niveau 3<br \/>fran\u00e7ais\/breton<br \/>(partie 2)<\/td>\n<td data-align=\"center\">\u00a0<\/td>\n<td data-align=\"center\">\u00a0<\/td>\n<\/tr>\n<tr>\n<td data-align=\"center\">\u00a0<\/td>\n<td data-align=\"center\">\u00a0<\/td>\n<td data-align=\"center\">\u00a0<\/td>\n<td data-align=\"center\"><strong>5146<\/strong> <br \/>Niveau 2<br \/>breton (accessoires)<\/td>\n<td data-align=\"center\">\u00a0<\/td>\n<td data-align=\"center\">\u00a0<\/td>\n<td data-align=\"center\">\u00a0<\/td>\n<td data-align=\"center\">\u00a0<\/td>\n<td data-align=\"center\">\u00a0<\/td>\n<\/tr>\n<\/tbody>\n<\/table>\n<\/figure>\n<p><!-- \/wp:table --><\/p>\t\t\t\t\t\t<\/div>\n\t\t\t\t<\/div>\n\t\t\t\t\t<\/div>\n\t\t<\/div>\n\t\t\t\t\t<\/div>\n\t\t<\/section>\n\t\t\t\t<\/div>\n\t\t","protected":false},"excerpt":{"rendered":"<p>Vous cherchez \u00e0 vous entra\u00eener en breton ? Nous vous proposons quelques jeux pour travailler et r\u00e9viser ! Sp\u00e9cial P\u00e2ques Cliquez sur l&rsquo;image pour acc\u00e9der \u00e0 ce quizz r\u00e9alis\u00e9 par Noela, stagiaire de Skol an Emsav. \u00a0 JEUX 1 : Kentelio\u00f9 an Noz vous propose des r\u00e9visions d&rsquo;automne pour les niveaux 1 et 2 !&hellip;<\/p>\n","protected":false},"author":1,"featured_media":0,"parent":686,"menu_order":0,"comment_status":"closed","ping_status":"closed","template":"","meta":{"footnotes":""},"class_list":["post-793","page","type-page","status-publish","hentry"],"_links":{"self":[{"href":"https:\/\/breton-nantes.bzh\/index.php\/wp-json\/wp\/v2\/pages\/793","targetHints":{"allow":["GET"]}}],"collection":[{"href":"https:\/\/breton-nantes.bzh\/index.php\/wp-json\/wp\/v2\/pages"}],"about":[{"href":"https:\/\/breton-nantes.bzh\/index.php\/wp-json\/wp\/v2\/types\/page"}],"author":[{"embeddable":true,"href":"https:\/\/breton-nantes.bzh\/index.php\/wp-json\/wp\/v2\/users\/1"}],"replies":[{"embeddable":true,"href":"https:\/\/breton-nantes.bzh\/index.php\/wp-json\/wp\/v2\/comments?post=793"}],"version-history":[{"count":15,"href":"https:\/\/breton-nantes.bzh\/index.php\/wp-json\/wp\/v2\/pages\/793\/revisions"}],"predecessor-version":[{"id":7402,"href":"https:\/\/breton-nantes.bzh\/index.php\/wp-json\/wp\/v2\/pages\/793\/revisions\/7402"}],"up":[{"embeddable":true,"href":"https:\/\/breton-nantes.bzh\/index.php\/wp-json\/wp\/v2\/pages\/686"}],"wp:attachment":[{"href":"https:\/\/breton-nantes.bzh\/index.php\/wp-json\/wp\/v2\/media?parent=793"}],"curies":[{"name":"wp","href":"https:\/\/api.w.org\/{rel}","templated":true}]}}