{"id":6618,"date":"2025-09-28T19:00:03","date_gmt":"2025-09-28T17:00:03","guid":{"rendered":"https:\/\/breton-nantes.bzh\/?page_id=6618"},"modified":"2026-02-02T10:53:19","modified_gmt":"2026-02-02T09:53:19","slug":"obererezhiou-e-brezhoneg-evit-ar-vugale","status":"publish","type":"page","link":"https:\/\/breton-nantes.bzh\/index.php\/bre\/obererezhiou\/obererezhiou-e-brezhoneg-evit-ar-vugale\/","title":{"rendered":"Obererezhio\u00f9 e brezhoneg evit ar vugale"},"content":{"rendered":"\t\t<div data-elementor-type=\"wp-page\" data-elementor-id=\"6618\" class=\"elementor elementor-6618\">\n\t\t\t\t\t\t<section class=\"elementor-section elementor-top-section elementor-element elementor-element-8ffe751 elementor-section-boxed elementor-section-height-default elementor-section-height-default\" data-id=\"8ffe751\" data-element_type=\"section\">\n\t\t\t\t\t\t<div class=\"elementor-container elementor-column-gap-default\">\n\t\t\t\t\t<div class=\"elementor-column elementor-col-50 elementor-top-column elementor-element elementor-element-4ea96c8\" data-id=\"4ea96c8\" data-element_type=\"column\">\n\t\t\t<div class=\"elementor-widget-wrap elementor-element-populated\">\n\t\t\t\t\t\t<div class=\"elementor-element elementor-element-afe77ba elementor-view-default elementor-widget elementor-widget-icon\" data-id=\"afe77ba\" data-element_type=\"widget\" data-widget_type=\"icon.default\">\n\t\t\t\t<div class=\"elementor-widget-container\">\n\t\t\t\t\t<div class=\"elementor-icon-wrapper\">\n\t\t\t<div class=\"elementor-icon\">\n\t\t\t<i aria-hidden=\"true\" class=\"fas fa-theater-masks\"><\/i>\t\t\t<\/div>\n\t\t<\/div>\n\t\t\t\t<\/div>\n\t\t\t\t<\/div>\n\t\t\t\t<div class=\"elementor-element elementor-element-a1fb2c2 elementor-widget elementor-widget-text-editor\" data-id=\"a1fb2c2\" data-element_type=\"widget\" data-widget_type=\"text-editor.default\">\n\t\t\t\t<div class=\"elementor-widget-container\">\n\t\t\t\t\t\t\t<p style=\"text-align: center;\"><span style=\"font-size: 18pt;\"><strong><span style=\"font-family: 'Trebuchet MS', Geneva; color: #ffcc00;\">C&rsquo;HOARIVA E BREZHONEG EVIT AR VUGALE<\/span><\/strong><\/span><\/p><div>\u00a0<\/div><div style=\"text-align: center;\"><strong><span style=\"font-family: 'Trebuchet MS', Geneva; color: #000000; font-size: 12pt;\">Atalier sizhuniek<\/span><\/strong><\/div><div style=\"text-align: center;\"><strong><span style=\"font-family: 'Trebuchet MS', Geneva; color: #000000; font-size: 12pt;\">Adalek ar Meurzh 07\/10<\/span><\/strong><\/div><div>\u00a0<\/div><div class=\"xdj266r x11i5rnm xat24cr x1mh8g0r x1vvkbs\"><span style=\"font-family: 'Trebuchet MS', Geneva; color: #000000; font-size: 12pt;\">L&rsquo;atelier de th\u00e9\u00e2tre pour les enfants est anim\u00e9 par Katell, vice-pr\u00e9sidente de KanN.<\/span><\/div><div>\u00a0<\/div><div class=\"xdj266r x11i5rnm xat24cr x1mh8g0r x1vvkbs\"><span style=\"font-family: 'Trebuchet MS', Geneva; color: #000000; font-size: 12pt;\">Les 8<\/span><span style=\"font-size: 12pt; font-family: 'Trebuchet MS', Geneva; color: #000000;\">-12 ans<\/span><span style=\"font-size: 12pt; font-family: 'Trebuchet MS', Geneva; color: #000000;\"> auront l&rsquo;occasion de d\u00e9couvrir la pratique th\u00e9\u00e2trale et de cr\u00e9er une pi\u00e8ce de th\u00e9\u00e2tre en breton sous l&rsquo;\u0153il aguerri et bienveillant de Katell. Les ateliers auront lieu dans la salle de danse de Yezho\u00f9 ha Sevenadur (Saint-Herblain).<\/span><\/div><div>\u00a0<\/div><div class=\"x11i5rnm xat24cr x1mh8g0r x1vvkbs xtlvy1s\" style=\"text-align: center;\"><strong><span style=\"font-family: 'Trebuchet MS', Geneva; color: #000000; font-size: 12pt;\">140\u20ac + emezela\u00f1 ret evit ar bugel (20\u20ac)<\/span><\/strong><\/div>\t\t\t\t\t\t<\/div>\n\t\t\t\t<\/div>\n\t\t\t\t<div class=\"elementor-element elementor-element-94e36f0 elementor-align-center elementor-widget elementor-widget-button\" data-id=\"94e36f0\" data-element_type=\"widget\" data-widget_type=\"button.default\">\n\t\t\t\t<div class=\"elementor-widget-container\">\n\t\t\t\t\t<div class=\"elementor-button-wrapper\">\n\t\t\t<a class=\"elementor-button elementor-button-link elementor-size-sm\" href=\"https:\/\/www.helloasso.com\/associations\/kenteliou-an-noz\/adhesions\/adhesion-et-inscription-25-26-emezelan-hag-enskrivan-25-26-2\">\n\t\t\t\t\t\t<span class=\"elementor-button-content-wrapper\">\n\t\t\t\t\t\t\t\t\t<span class=\"elementor-button-text\">EMEZELA\u00d1 HA LAKAAT E ANV<\/span>\n\t\t\t\t\t<\/span>\n\t\t\t\t\t<\/a>\n\t\t<\/div>\n\t\t\t\t<\/div>\n\t\t\t\t<\/div>\n\t\t\t\t\t<\/div>\n\t\t<\/div>\n\t\t\t\t<div class=\"elementor-column elementor-col-50 elementor-top-column elementor-element elementor-element-e5d50f1\" data-id=\"e5d50f1\" data-element_type=\"column\">\n\t\t\t<div class=\"elementor-widget-wrap elementor-element-populated\">\n\t\t\t\t\t\t<div class=\"elementor-element elementor-element-d4442c5 elementor-widget elementor-widget-image\" data-id=\"d4442c5\" data-element_type=\"widget\" data-widget_type=\"image.default\">\n\t\t\t\t<div class=\"elementor-widget-container\">\n\t\t\t\t\t\t\t\t\t\t\t\t\t<img fetchpriority=\"high\" decoding=\"async\" width=\"1024\" height=\"1024\" src=\"https:\/\/breton-nantes.bzh\/wp-content\/uploads\/2025\/09\/Teatr-Miltamm-DS-25-1920-x-1920-px-lechienn-1024x1024.png\" class=\"attachment-large size-large wp-image-6460\" alt=\"\" srcset=\"https:\/\/breton-nantes.bzh\/wp-content\/uploads\/2025\/09\/Teatr-Miltamm-DS-25-1920-x-1920-px-lechienn-1024x1024.png 1024w, https:\/\/breton-nantes.bzh\/wp-content\/uploads\/2025\/09\/Teatr-Miltamm-DS-25-1920-x-1920-px-lechienn-300x300.png 300w, https:\/\/breton-nantes.bzh\/wp-content\/uploads\/2025\/09\/Teatr-Miltamm-DS-25-1920-x-1920-px-lechienn-150x150.png 150w, https:\/\/breton-nantes.bzh\/wp-content\/uploads\/2025\/09\/Teatr-Miltamm-DS-25-1920-x-1920-px-lechienn-768x768.png 768w, https:\/\/breton-nantes.bzh\/wp-content\/uploads\/2025\/09\/Teatr-Miltamm-DS-25-1920-x-1920-px-lechienn-1536x1536.png 1536w, https:\/\/breton-nantes.bzh\/wp-content\/uploads\/2025\/09\/Teatr-Miltamm-DS-25-1920-x-1920-px-lechienn.png 1920w\" sizes=\"(max-width: 1024px) 100vw, 1024px\" \/>\t\t\t\t\t\t\t\t\t\t\t\t\t<\/div>\n\t\t\t\t<\/div>\n\t\t\t\t\t<\/div>\n\t\t<\/div>\n\t\t\t\t\t<\/div>\n\t\t<\/section>\n\t\t\t\t<section class=\"elementor-section elementor-top-section elementor-element elementor-element-9f7150e elementor-section-boxed elementor-section-height-default elementor-section-height-default\" data-id=\"9f7150e\" data-element_type=\"section\">\n\t\t\t\t\t\t<div class=\"elementor-container elementor-column-gap-default\">\n\t\t\t\t\t<div class=\"elementor-column elementor-col-100 elementor-top-column elementor-element elementor-element-263d48d\" data-id=\"263d48d\" data-element_type=\"column\">\n\t\t\t<div class=\"elementor-widget-wrap elementor-element-populated\">\n\t\t\t\t\t\t<div class=\"elementor-element elementor-element-dfb4322 elementor-widget-divider--view-line elementor-widget elementor-widget-divider\" data-id=\"dfb4322\" data-element_type=\"widget\" data-widget_type=\"divider.default\">\n\t\t\t\t<div class=\"elementor-widget-container\">\n\t\t\t\t\t<div class=\"elementor-divider\">\n\t\t\t<span class=\"elementor-divider-separator\">\n\t\t\t\t\t\t<\/span>\n\t\t<\/div>\n\t\t\t\t<\/div>\n\t\t\t\t<\/div>\n\t\t\t\t\t<\/div>\n\t\t<\/div>\n\t\t\t\t\t<\/div>\n\t\t<\/section>\n\t\t\t\t<section class=\"elementor-section elementor-top-section elementor-element elementor-element-c076594 elementor-section-boxed elementor-section-height-default elementor-section-height-default\" data-id=\"c076594\" data-element_type=\"section\">\n\t\t\t\t\t\t<div class=\"elementor-container elementor-column-gap-default\">\n\t\t\t\t\t<div class=\"elementor-column elementor-col-50 elementor-top-column elementor-element elementor-element-5a37b14\" data-id=\"5a37b14\" data-element_type=\"column\">\n\t\t\t<div class=\"elementor-widget-wrap elementor-element-populated\">\n\t\t\t\t\t\t<div class=\"elementor-element elementor-element-568cdc7 elementor-widget elementor-widget-image\" data-id=\"568cdc7\" data-element_type=\"widget\" data-widget_type=\"image.default\">\n\t\t\t\t<div class=\"elementor-widget-container\">\n\t\t\t\t\t\t\t\t\t\t\t\t\t<img decoding=\"async\" width=\"1024\" height=\"1024\" src=\"https:\/\/breton-nantes.bzh\/wp-content\/uploads\/2025\/09\/Sonerezh-evit-ar-vugale-1920-x-1920-px-lechienn-1024x1024.png\" class=\"attachment-large size-large wp-image-6520\" alt=\"\" srcset=\"https:\/\/breton-nantes.bzh\/wp-content\/uploads\/2025\/09\/Sonerezh-evit-ar-vugale-1920-x-1920-px-lechienn-1024x1024.png 1024w, https:\/\/breton-nantes.bzh\/wp-content\/uploads\/2025\/09\/Sonerezh-evit-ar-vugale-1920-x-1920-px-lechienn-300x300.png 300w, https:\/\/breton-nantes.bzh\/wp-content\/uploads\/2025\/09\/Sonerezh-evit-ar-vugale-1920-x-1920-px-lechienn-150x150.png 150w, https:\/\/breton-nantes.bzh\/wp-content\/uploads\/2025\/09\/Sonerezh-evit-ar-vugale-1920-x-1920-px-lechienn-768x768.png 768w, https:\/\/breton-nantes.bzh\/wp-content\/uploads\/2025\/09\/Sonerezh-evit-ar-vugale-1920-x-1920-px-lechienn-1536x1536.png 1536w, https:\/\/breton-nantes.bzh\/wp-content\/uploads\/2025\/09\/Sonerezh-evit-ar-vugale-1920-x-1920-px-lechienn.png 1920w\" sizes=\"(max-width: 1024px) 100vw, 1024px\" \/>\t\t\t\t\t\t\t\t\t\t\t\t\t<\/div>\n\t\t\t\t<\/div>\n\t\t\t\t<div class=\"elementor-element elementor-element-43ad819 elementor-widget elementor-widget-text-editor\" data-id=\"43ad819\" data-element_type=\"widget\" data-widget_type=\"text-editor.default\">\n\t\t\t\t<div class=\"elementor-widget-container\">\n\t\t\t\t\t\t\t<p style=\"text-align: center;\"><span style=\"font-family: 'Trebuchet MS', Geneva; color: #000000; font-size: 10pt;\">Atalier miz Kerzu : d&rsquo;ar sadorn 06\/12<\/span><br style=\"font-family: Roboto, sans-serif;\" \/><span style=\"color: #000000; font-family: 'Trebuchet MS', Geneva; font-size: 13.3333px;\">Atalier miz Genver<\/span><span style=\"font-family: 'Trebuchet MS', Geneva; color: #000000; font-size: 10pt;\">\u00a0: d&rsquo;ar sadorn 10\/01<\/span><br style=\"font-family: Roboto, sans-serif;\" \/><span style=\"color: #000000; font-family: 'Trebuchet MS', Geneva; font-size: 13.3333px;\">Atalier miz C&rsquo;hwevrer<\/span><span style=\"color: #000000; font-family: 'Trebuchet MS', Geneva; font-size: 10pt;\">\u00a0:\u00a0<\/span><span style=\"color: #000000; font-family: 'Trebuchet MS', Geneva; font-size: 13.3333px;\">d&rsquo;ar sadorn 14<\/span><span style=\"color: #000000; font-family: 'Trebuchet MS', Geneva; font-size: 10pt;\">\/02 \u26a0\ufe0f<\/span><br style=\"font-family: Roboto, sans-serif;\" \/><span style=\"color: #000000; font-family: 'Trebuchet MS', Geneva; font-size: 13.3333px;\">Atalier miz Meurzh<\/span><span style=\"color: #000000; font-family: 'Trebuchet MS', Geneva; font-size: 10pt;\">\u00a0:\u00a0<\/span><span style=\"color: #000000; font-family: 'Trebuchet MS', Geneva; font-size: 13.3333px;\">d&rsquo;ar sadorn\u00a0<\/span><span style=\"color: #000000; font-family: 'Trebuchet MS', Geneva; font-size: 10pt;\">14\/03<\/span><br style=\"font-family: Roboto, sans-serif;\" \/><span style=\"color: #000000; font-family: 'Trebuchet MS', Geneva; font-size: 13.3333px;\">Atalier miz Ebrel\u00a0<\/span><span style=\"color: #000000; font-family: 'Trebuchet MS', Geneva; font-size: 10pt;\">:\u00a0<\/span><span style=\"color: #000000; font-family: 'Trebuchet MS', Geneva; font-size: 13.3333px;\">d&rsquo;ar sadorn\u00a0<\/span><span style=\"color: #000000; font-family: 'Trebuchet MS', Geneva; font-size: 10pt;\">04\/04<\/span><br style=\"font-family: Roboto, sans-serif;\" \/><span style=\"color: #000000; font-family: 'Trebuchet MS', Geneva; font-size: 13.3333px;\">Atalier miz Mae<\/span><span style=\"color: #000000; font-family: 'Trebuchet MS', Geneva; font-size: 10pt;\">\u00a0: \/<\/span><br style=\"font-family: Roboto, sans-serif;\" \/><span style=\"color: #000000; font-family: 'Trebuchet MS', Geneva; font-size: 13.3333px;\">Atalier miz Even<\/span><span style=\"color: #000000; font-family: 'Trebuchet MS', Geneva; font-size: 10pt;\">\u00a0:\u00a0<\/span><span style=\"color: #000000; font-family: 'Trebuchet MS', Geneva; font-size: 13.3333px;\">d&rsquo;ar sadorn\u00a0<\/span><span style=\"color: #000000; font-family: 'Trebuchet MS', Geneva; font-size: 10pt;\">13\/06<\/span><\/p>\t\t\t\t\t\t<\/div>\n\t\t\t\t<\/div>\n\t\t\t\t\t<\/div>\n\t\t<\/div>\n\t\t\t\t<div class=\"elementor-column elementor-col-50 elementor-top-column elementor-element elementor-element-5d1342a\" data-id=\"5d1342a\" data-element_type=\"column\">\n\t\t\t<div class=\"elementor-widget-wrap elementor-element-populated\">\n\t\t\t\t\t\t<div class=\"elementor-element elementor-element-f5240d1 elementor-view-default elementor-widget elementor-widget-icon\" data-id=\"f5240d1\" data-element_type=\"widget\" data-widget_type=\"icon.default\">\n\t\t\t\t<div class=\"elementor-widget-container\">\n\t\t\t\t\t<div class=\"elementor-icon-wrapper\">\n\t\t\t<div class=\"elementor-icon\">\n\t\t\t<i aria-hidden=\"true\" class=\"fas fa-music\"><\/i>\t\t\t<\/div>\n\t\t<\/div>\n\t\t\t\t<\/div>\n\t\t\t\t<\/div>\n\t\t\t\t<div class=\"elementor-element elementor-element-73cb930 elementor-widget elementor-widget-text-editor\" data-id=\"73cb930\" data-element_type=\"widget\" data-widget_type=\"text-editor.default\">\n\t\t\t\t<div class=\"elementor-widget-container\">\n\t\t\t\t\t\t\t<div style=\"text-align: center;\"><span style=\"color: #ffcc00;\"><strong><span style=\"font-family: 'Trebuchet MS', Geneva; font-size: 18pt;\">L&rsquo;EVEIL MUSICAL POUR LES ENFANTS<\/span><\/strong><\/span><\/div><div>\u00a0<\/div><div style=\"text-align: center;\"><strong><span style=\"font-family: 'Trebuchet MS', Geneva; color: #000000; font-size: 12pt;\">Atalier miziek<\/span><\/strong><\/div><div style=\"text-align: center;\"><strong><span style=\"font-family: 'Trebuchet MS', Geneva; color: #000000; font-size: 12pt;\">Atalier kenta\u00f1 : d&rsquo;ar Sadorn 08\/11<\/span><\/strong><\/div><div>\u00a0<\/div><div><span style=\"font-family: 'Trebuchet MS', Geneva; color: #000000; font-size: 12pt;\">L&rsquo;atelier d&rsquo;\u00e9veil musical pour les enfants est anim\u00e9 par Val\u00e9rie, administratrice de KanN, ASEM \u00e0 l&rsquo;\u00e9cole Diwan de St-Herblain et Directrice de Patati, centre de loisirs pour enfants en breton.<\/span><\/div><div>\u00a0<\/div><div><span style=\"font-family: 'Trebuchet MS', Geneva; color: #000000; font-size: 12pt;\">Val\u00e9rie accueille les <\/span><span style=\"font-size: 12pt; font-family: 'Trebuchet MS', Geneva; color: #000000;\">3-5 ans de 10h30 \u00e0 11h00 puis les <\/span><span style=\"font-size: 12pt; font-family: 'Trebuchet MS', Geneva; color: #000000;\">6-8 ans de 11h00 \u00e0 11h00, dans la salle de formation de Yezho\u00f9 ha Sevenadur (Saint-Herblain). <\/span><span style=\"font-family: 'Trebuchet MS', Geneva; color: #000000; font-size: 12pt;\">Pendant l&rsquo;atelier, les parents se verront offrir un caf\u00e9 et pourront profiter de l&rsquo;exposition temporaire.<\/span><\/div><div>\u00a0<\/div><div style=\"text-align: center;\"><strong><span style=\"font-family: 'Trebuchet MS', Geneva; color: #000000; font-size: 12pt;\">Priz dieub +\u00a0<\/span><\/strong><strong><span style=\"font-family: 'Trebuchet MS', Geneva; color: #000000; font-size: 12pt;\">\u00a0emezela\u00f1 ret evit ar bugel (20\u20ac)<\/span><\/strong><\/div>\t\t\t\t\t\t<\/div>\n\t\t\t\t<\/div>\n\t\t\t\t<div class=\"elementor-element elementor-element-cfb707a elementor-align-center elementor-widget elementor-widget-button\" data-id=\"cfb707a\" data-element_type=\"widget\" data-widget_type=\"button.default\">\n\t\t\t\t<div class=\"elementor-widget-container\">\n\t\t\t\t\t<div class=\"elementor-button-wrapper\">\n\t\t\t<a class=\"elementor-button elementor-button-link elementor-size-sm\" href=\"\">\n\t\t\t\t\t\t<span class=\"elementor-button-content-wrapper\">\n\t\t\t\t\t\t\t\t\t<span class=\"elementor-button-text\">EMEZELA\u00d1 HA LAKAAT E ANV<\/span>\n\t\t\t\t\t<\/span>\n\t\t\t\t\t<\/a>\n\t\t<\/div>\n\t\t\t\t<\/div>\n\t\t\t\t<\/div>\n\t\t\t\t\t<\/div>\n\t\t<\/div>\n\t\t\t\t\t<\/div>\n\t\t<\/section>\n\t\t\t\t<\/div>\n\t\t","protected":false},"excerpt":{"rendered":"<p>C&rsquo;HOARIVA E BREZHONEG EVIT AR VUGALE \u00a0Atalier sizhuniekAdalek ar Meurzh 07\/10\u00a0L&rsquo;atelier de th\u00e9\u00e2tre pour les enfants est anim\u00e9 par Katell, vice-pr\u00e9sidente de KanN.\u00a0Les 8-12 ans auront l&rsquo;occasion de d\u00e9couvrir la pratique th\u00e9\u00e2trale et de cr\u00e9er une pi\u00e8ce de th\u00e9\u00e2tre en breton sous l&rsquo;\u0153il aguerri et bienveillant de Katell. Les ateliers auront lieu dans la salle&hellip;<\/p>\n","protected":false},"author":1,"featured_media":0,"parent":326,"menu_order":0,"comment_status":"closed","ping_status":"closed","template":"","meta":{"footnotes":""},"class_list":["post-6618","page","type-page","status-publish","hentry"],"_links":{"self":[{"href":"https:\/\/breton-nantes.bzh\/index.php\/wp-json\/wp\/v2\/pages\/6618","targetHints":{"allow":["GET"]}}],"collection":[{"href":"https:\/\/breton-nantes.bzh\/index.php\/wp-json\/wp\/v2\/pages"}],"about":[{"href":"https:\/\/breton-nantes.bzh\/index.php\/wp-json\/wp\/v2\/types\/page"}],"author":[{"embeddable":true,"href":"https:\/\/breton-nantes.bzh\/index.php\/wp-json\/wp\/v2\/users\/1"}],"replies":[{"embeddable":true,"href":"https:\/\/breton-nantes.bzh\/index.php\/wp-json\/wp\/v2\/comments?post=6618"}],"version-history":[{"count":22,"href":"https:\/\/breton-nantes.bzh\/index.php\/wp-json\/wp\/v2\/pages\/6618\/revisions"}],"predecessor-version":[{"id":7187,"href":"https:\/\/breton-nantes.bzh\/index.php\/wp-json\/wp\/v2\/pages\/6618\/revisions\/7187"}],"up":[{"embeddable":true,"href":"https:\/\/breton-nantes.bzh\/index.php\/wp-json\/wp\/v2\/pages\/326"}],"wp:attachment":[{"href":"https:\/\/breton-nantes.bzh\/index.php\/wp-json\/wp\/v2\/media?parent=6618"}],"curies":[{"name":"wp","href":"https:\/\/api.w.org\/{rel}","templated":true}]}}