{"id":6124,"date":"2025-07-15T00:37:23","date_gmt":"2025-07-14T22:37:23","guid":{"rendered":"https:\/\/breton-nantes.bzh\/?page_id=6124"},"modified":"2025-09-03T11:10:47","modified_gmt":"2025-09-03T09:10:47","slug":"pevarlamm-cursus-accelere","status":"publish","type":"page","link":"https:\/\/breton-nantes.bzh\/index.php\/apprendre\/pevarlamm-cursus-accelere\/","title":{"rendered":"Pevarlamm : cursus acc\u00e9l\u00e9r\u00e9"},"content":{"rendered":"\t\t<div data-elementor-type=\"wp-page\" data-elementor-id=\"6124\" class=\"elementor elementor-6124\">\n\t\t\t\t\t\t<section class=\"elementor-section elementor-top-section elementor-element elementor-element-da03671 elementor-section-boxed elementor-section-height-default elementor-section-height-default\" data-id=\"da03671\" data-element_type=\"section\">\n\t\t\t\t\t\t<div class=\"elementor-container elementor-column-gap-default\">\n\t\t\t\t\t<div class=\"elementor-column elementor-col-50 elementor-top-column elementor-element elementor-element-03741e3\" data-id=\"03741e3\" data-element_type=\"column\">\n\t\t\t<div class=\"elementor-widget-wrap elementor-element-populated\">\n\t\t\t\t\t\t<div class=\"elementor-element elementor-element-ca965ab elementor-widget elementor-widget-image\" data-id=\"ca965ab\" data-element_type=\"widget\" data-widget_type=\"image.default\">\n\t\t\t\t<div class=\"elementor-widget-container\">\n\t\t\t\t\t\t\t\t\t\t\t\t\t<img fetchpriority=\"high\" decoding=\"async\" width=\"700\" height=\"700\" src=\"https:\/\/breton-nantes.bzh\/wp-content\/uploads\/2025\/07\/4lamm-galleg-lechienn-1.png\" class=\"attachment-large size-large wp-image-6199\" alt=\"\" srcset=\"https:\/\/breton-nantes.bzh\/wp-content\/uploads\/2025\/07\/4lamm-galleg-lechienn-1.png 700w, https:\/\/breton-nantes.bzh\/wp-content\/uploads\/2025\/07\/4lamm-galleg-lechienn-1-300x300.png 300w, https:\/\/breton-nantes.bzh\/wp-content\/uploads\/2025\/07\/4lamm-galleg-lechienn-1-150x150.png 150w\" sizes=\"(max-width: 700px) 100vw, 700px\" \/>\t\t\t\t\t\t\t\t\t\t\t\t\t<\/div>\n\t\t\t\t<\/div>\n\t\t\t\t<div class=\"elementor-element elementor-element-d96ef58 elementor-button-success elementor-align-center elementor-widget__width-initial elementor-widget elementor-widget-button\" data-id=\"d96ef58\" data-element_type=\"widget\" data-widget_type=\"button.default\">\n\t\t\t\t<div class=\"elementor-widget-container\">\n\t\t\t\t\t<div class=\"elementor-button-wrapper\">\n\t\t\t<a class=\"elementor-button elementor-button-link elementor-size-sm\" href=\"https:\/\/forms.gle\/K8VigBqk99BwLpMy6\" target=\"_blank\">\n\t\t\t\t\t\t<span class=\"elementor-button-content-wrapper\">\n\t\t\t\t\t\t\t\t\t<span class=\"elementor-button-text\">Cliquez ici pour vous inscrire<\/span>\n\t\t\t\t\t<\/span>\n\t\t\t\t\t<\/a>\n\t\t<\/div>\n\t\t\t\t<\/div>\n\t\t\t\t<\/div>\n\t\t\t\t\t<\/div>\n\t\t<\/div>\n\t\t\t\t<div class=\"elementor-column elementor-col-50 elementor-top-column elementor-element elementor-element-b6cf790\" data-id=\"b6cf790\" data-element_type=\"column\">\n\t\t\t<div class=\"elementor-widget-wrap elementor-element-populated\">\n\t\t\t\t\t\t<div class=\"elementor-element elementor-element-2bdabc6 elementor-widget__width-initial elementor-widget elementor-widget-text-editor\" data-id=\"2bdabc6\" data-element_type=\"widget\" data-widget_type=\"text-editor.default\">\n\t\t\t\t<div class=\"elementor-widget-container\">\n\t\t\t\t\t\t\t<p style=\"text-align: center;\"><strong><span style=\"font-size: 24pt;\">Pevarlamm &#8230; qu&rsquo;est-ce que c&rsquo;est ?<\/span><\/strong><\/p><p style=\"text-align: center;\"><span style=\"font-size: 14pt;\">Un cursus d&rsquo;<strong>au moins 120 heures d\u2019enseignement par an<\/strong> dont l\u2019objectif est d\u2019<strong>atteindre le niveau B1 \/ B2 sous 3 ans<\/strong> par le biais de <strong>cours<\/strong> et de <strong>stages<\/strong>. <\/span><\/p><p style=\"text-align: center;\"><span style=\"font-size: 14pt;\">C&rsquo;est une troisi\u00e8me voie d&rsquo;apprentissage, \u00e0 mi-chemin entre les formations longues et les cours du soir.<\/span><\/p><p style=\"text-align: center;\"><strong><span style=\"font-size: 24pt;\">La formule Pevarlamm chez KanN :<\/span><\/strong><\/p><ul><li><span style=\"font-size: 14pt;\"><strong>2 cours d&rsquo;1h30 par semaine<\/strong> : chaque <strong>lundi<\/strong> et chaque <b>mercredi <\/b>de <strong>20h30 \u00e0 22h<\/strong> au <strong>centre-ville de Nantes<\/strong> (D\u00e9sir\u00e9 Colombe)<\/span><\/li><li><span style=\"font-size: 14pt;\"><strong>4 x 4 journ\u00e9es<\/strong> OU <strong>2 x 2 week-ends<\/strong> de <strong>stage intensif<\/strong> en breton <strong>par an<\/strong><\/span><\/li><\/ul><p style=\"text-align: center;\"><strong><span style=\"font-size: 24pt;\">Tarif :<\/span><\/strong><\/p><p style=\"text-align: center;\"><span style=\"font-size: 14pt;\"><strong>20\u20ac d&rsquo;adh\u00e9sion<\/strong> \u00e0 KanN + <strong>tarif<\/strong>\u00a0<strong>variable en fonction de votre quotient familial<\/strong> gr\u00e2ce au <span style=\"text-decoration: underline;\">soutien de la R\u00e9gion Bretagne<\/span>.<\/span><\/p><p style=\"text-align: center;\"><span style=\"font-size: 14pt;\">Pour toute question, n&rsquo;h\u00e9sitez pas \u00e0 nous contacter : kenteliouannoz@gmail.com<\/span><\/p>\t\t\t\t\t\t<\/div>\n\t\t\t\t<\/div>\n\t\t\t\t\t<\/div>\n\t\t<\/div>\n\t\t\t\t\t<\/div>\n\t\t<\/section>\n\t\t\t\t<\/div>\n\t\t","protected":false},"excerpt":{"rendered":"<p>Cliquez ici pour vous inscrire Pevarlamm &#8230; qu&rsquo;est-ce que c&rsquo;est ? Un cursus d&rsquo;au moins 120 heures d\u2019enseignement par an dont l\u2019objectif est d\u2019atteindre le niveau B1 \/ B2 sous 3 ans par le biais de cours et de stages. C&rsquo;est une troisi\u00e8me voie d&rsquo;apprentissage, \u00e0 mi-chemin entre les formations longues et les cours du&hellip;<\/p>\n","protected":false},"author":1,"featured_media":0,"parent":2960,"menu_order":0,"comment_status":"closed","ping_status":"closed","template":"","meta":{"footnotes":""},"class_list":["post-6124","page","type-page","status-publish","hentry"],"_links":{"self":[{"href":"https:\/\/breton-nantes.bzh\/index.php\/wp-json\/wp\/v2\/pages\/6124","targetHints":{"allow":["GET"]}}],"collection":[{"href":"https:\/\/breton-nantes.bzh\/index.php\/wp-json\/wp\/v2\/pages"}],"about":[{"href":"https:\/\/breton-nantes.bzh\/index.php\/wp-json\/wp\/v2\/types\/page"}],"author":[{"embeddable":true,"href":"https:\/\/breton-nantes.bzh\/index.php\/wp-json\/wp\/v2\/users\/1"}],"replies":[{"embeddable":true,"href":"https:\/\/breton-nantes.bzh\/index.php\/wp-json\/wp\/v2\/comments?post=6124"}],"version-history":[{"count":41,"href":"https:\/\/breton-nantes.bzh\/index.php\/wp-json\/wp\/v2\/pages\/6124\/revisions"}],"predecessor-version":[{"id":6380,"href":"https:\/\/breton-nantes.bzh\/index.php\/wp-json\/wp\/v2\/pages\/6124\/revisions\/6380"}],"up":[{"embeddable":true,"href":"https:\/\/breton-nantes.bzh\/index.php\/wp-json\/wp\/v2\/pages\/2960"}],"wp:attachment":[{"href":"https:\/\/breton-nantes.bzh\/index.php\/wp-json\/wp\/v2\/media?parent=6124"}],"curies":[{"name":"wp","href":"https:\/\/api.w.org\/{rel}","templated":true}]}}