{"id":5659,"date":"2024-12-06T14:35:13","date_gmt":"2024-12-06T13:35:13","guid":{"rendered":"https:\/\/breton-nantes.bzh\/?page_id=5659"},"modified":"2024-12-06T14:39:25","modified_gmt":"2024-12-06T13:39:25","slug":"les-partenaires","status":"publish","type":"page","link":"https:\/\/breton-nantes.bzh\/index.php\/les-partenaires\/","title":{"rendered":"Les partenaires"},"content":{"rendered":"\t\t<div data-elementor-type=\"wp-page\" data-elementor-id=\"5659\" class=\"elementor elementor-5659\">\n\t\t\t\t\t\t<section class=\"elementor-section elementor-top-section elementor-element elementor-element-6e2a2f2 elementor-section-boxed elementor-section-height-default elementor-section-height-default\" data-id=\"6e2a2f2\" data-element_type=\"section\">\n\t\t\t\t\t\t<div class=\"elementor-container elementor-column-gap-default\">\n\t\t\t\t\t<div class=\"elementor-column elementor-col-33 elementor-top-column elementor-element elementor-element-847dbbc\" data-id=\"847dbbc\" data-element_type=\"column\">\n\t\t\t<div class=\"elementor-widget-wrap elementor-element-populated\">\n\t\t\t\t\t\t<div class=\"elementor-element elementor-element-509ee57 elementor-widget elementor-widget-image\" data-id=\"509ee57\" data-element_type=\"widget\" data-widget_type=\"image.default\">\n\t\t\t\t<div class=\"elementor-widget-container\">\n\t\t\t\t\t\t\t\t\t\t\t\t\t<img fetchpriority=\"high\" decoding=\"async\" width=\"1024\" height=\"768\" src=\"https:\/\/breton-nantes.bzh\/wp-content\/uploads\/2022\/12\/P28995904D4930067G.webp\" class=\"attachment-large size-large wp-image-2979\" alt=\"\" srcset=\"https:\/\/breton-nantes.bzh\/wp-content\/uploads\/2022\/12\/P28995904D4930067G.webp 1024w, https:\/\/breton-nantes.bzh\/wp-content\/uploads\/2022\/12\/P28995904D4930067G-300x225.webp 300w, https:\/\/breton-nantes.bzh\/wp-content\/uploads\/2022\/12\/P28995904D4930067G-768x576.webp 768w, https:\/\/breton-nantes.bzh\/wp-content\/uploads\/2022\/12\/P28995904D4930067G-120x90.webp 120w\" sizes=\"(max-width: 1024px) 100vw, 1024px\" \/>\t\t\t\t\t\t\t\t\t\t\t\t\t<\/div>\n\t\t\t\t<\/div>\n\t\t\t\t\t<\/div>\n\t\t<\/div>\n\t\t\t\t<div class=\"elementor-column elementor-col-66 elementor-top-column elementor-element elementor-element-2f23f3f\" data-id=\"2f23f3f\" data-element_type=\"column\">\n\t\t\t<div class=\"elementor-widget-wrap elementor-element-populated\">\n\t\t\t\t\t\t<div class=\"elementor-element elementor-element-de6a814 elementor-widget elementor-widget-heading\" data-id=\"de6a814\" data-element_type=\"widget\" data-widget_type=\"heading.default\">\n\t\t\t\t<div class=\"elementor-widget-container\">\n\t\t\t<h2 class=\"elementor-heading-title elementor-size-default\">FORMATION INTENSIVE \u00c0 St HERBLAIN (44)<\/h2>\t\t<\/div>\n\t\t\t\t<\/div>\n\t\t\t\t<div class=\"elementor-element elementor-element-8813bcf elementor-widget elementor-widget-text-editor\" data-id=\"8813bcf\" data-element_type=\"widget\" data-widget_type=\"text-editor.default\">\n\t\t\t\t<div class=\"elementor-widget-container\">\n\t\t\t\t\t\t\t<p><span style=\"font-weight: 400;\">D\u00e9butants : 6 mois (septembre \u00e0 mars)<br>Perfectionnement : 3 mois (avril \u00e0 juin)<br>Avec possibilit\u00e9 de financements (CPF, Aides de la R\u00e9gion Bretagne&#8230;)<\/span><\/p>\n<p>Skol an Emsav, centre de formation professionnelle labellis\u00e9 Qualiopi, propose des parcours de formation professionnelle intensive. Ce type de formations permet d\u2019ajouter la langue bretonne \u00e0 son panel de comp\u00e9tences initiales afin d\u2019optimiser ou de modifier son parcours professionnel.<\/p>\t\t\t\t\t\t<\/div>\n\t\t\t\t<\/div>\n\t\t\t\t<div class=\"elementor-element elementor-element-5c9a541 elementor-button-info elementor-align-center elementor-widget elementor-widget-button\" data-id=\"5c9a541\" data-element_type=\"widget\" data-widget_type=\"button.default\">\n\t\t\t\t<div class=\"elementor-widget-container\">\n\t\t\t\t\t<div class=\"elementor-button-wrapper\">\n\t\t\t<a class=\"elementor-button elementor-button-link elementor-size-lg\" href=\"https:\/\/skolanemsav.bzh\/formations\/\">\n\t\t\t\t\t\t<span class=\"elementor-button-content-wrapper\">\n\t\t\t\t\t\t\t\t\t<span class=\"elementor-button-text\">EN SAVOIR PLUS<\/span>\n\t\t\t\t\t<\/span>\n\t\t\t\t\t<\/a>\n\t\t<\/div>\n\t\t\t\t<\/div>\n\t\t\t\t<\/div>\n\t\t\t\t\t<\/div>\n\t\t<\/div>\n\t\t\t\t\t<\/div>\n\t\t<\/section>\n\t\t\t\t<\/div>\n\t\t","protected":false},"excerpt":{"rendered":"<p>FORMATION INTENSIVE \u00c0 St HERBLAIN (44) D\u00e9butants : 6 mois (septembre \u00e0 mars)Perfectionnement : 3 mois (avril \u00e0 juin)Avec possibilit\u00e9 de financements (CPF, Aides de la R\u00e9gion Bretagne&#8230;) Skol an Emsav, centre de formation professionnelle labellis\u00e9 Qualiopi, propose des parcours de formation professionnelle intensive. Ce type de formations permet d\u2019ajouter la langue bretonne \u00e0 son&hellip;<\/p>\n","protected":false},"author":1,"featured_media":0,"parent":0,"menu_order":0,"comment_status":"closed","ping_status":"closed","template":"","meta":{"footnotes":""},"class_list":["post-5659","page","type-page","status-publish","hentry"],"_links":{"self":[{"href":"https:\/\/breton-nantes.bzh\/index.php\/wp-json\/wp\/v2\/pages\/5659","targetHints":{"allow":["GET"]}}],"collection":[{"href":"https:\/\/breton-nantes.bzh\/index.php\/wp-json\/wp\/v2\/pages"}],"about":[{"href":"https:\/\/breton-nantes.bzh\/index.php\/wp-json\/wp\/v2\/types\/page"}],"author":[{"embeddable":true,"href":"https:\/\/breton-nantes.bzh\/index.php\/wp-json\/wp\/v2\/users\/1"}],"replies":[{"embeddable":true,"href":"https:\/\/breton-nantes.bzh\/index.php\/wp-json\/wp\/v2\/comments?post=5659"}],"version-history":[{"count":5,"href":"https:\/\/breton-nantes.bzh\/index.php\/wp-json\/wp\/v2\/pages\/5659\/revisions"}],"predecessor-version":[{"id":5695,"href":"https:\/\/breton-nantes.bzh\/index.php\/wp-json\/wp\/v2\/pages\/5659\/revisions\/5695"}],"wp:attachment":[{"href":"https:\/\/breton-nantes.bzh\/index.php\/wp-json\/wp\/v2\/media?parent=5659"}],"curies":[{"name":"wp","href":"https:\/\/api.w.org\/{rel}","templated":true}]}}