{"id":3345,"date":"2023-05-22T15:47:50","date_gmt":"2023-05-22T13:47:50","guid":{"rendered":"http:\/\/breton-nantes.bzh\/?page_id=3345"},"modified":"2026-02-12T18:03:16","modified_gmt":"2026-02-12T17:03:16","slug":"piv-omp-2","status":"publish","type":"page","link":"https:\/\/breton-nantes.bzh\/index.php\/bre\/ar-gevredigezh\/piv-omp-2\/","title":{"rendered":"Piv omp ?"},"content":{"rendered":"\t\t<div data-elementor-type=\"wp-page\" data-elementor-id=\"3345\" class=\"elementor elementor-3345\">\n\t\t\t\t\t\t<section class=\"elementor-section elementor-top-section elementor-element elementor-element-7657622 elementor-section-boxed elementor-section-height-default elementor-section-height-default\" data-id=\"7657622\" data-element_type=\"section\">\n\t\t\t\t\t\t<div class=\"elementor-container elementor-column-gap-default\">\n\t\t\t\t\t<div class=\"elementor-column elementor-col-100 elementor-top-column elementor-element elementor-element-e746c4e\" data-id=\"e746c4e\" data-element_type=\"column\">\n\t\t\t<div class=\"elementor-widget-wrap elementor-element-populated\">\n\t\t\t\t\t\t<div class=\"elementor-element elementor-element-10d43ae elementor-tabs-view-horizontal elementor-widget elementor-widget-tabs\" data-id=\"10d43ae\" data-element_type=\"widget\" data-widget_type=\"tabs.default\">\n\t\t\t\t<div class=\"elementor-widget-container\">\n\t\t\t\t\t<div class=\"elementor-tabs\">\n\t\t\t<div class=\"elementor-tabs-wrapper\" role=\"tablist\" >\n\t\t\t\t\t\t\t\t\t<div id=\"elementor-tab-title-1761\" class=\"elementor-tab-title elementor-tab-desktop-title\" aria-selected=\"true\" data-tab=\"1\" role=\"tab\" tabindex=\"0\" aria-controls=\"elementor-tab-content-1761\" aria-expanded=\"false\">ISTOR AR GEVREDIGEZH<\/div>\n\t\t\t\t\t\t\t\t\t<div id=\"elementor-tab-title-1762\" class=\"elementor-tab-title elementor-tab-desktop-title\" aria-selected=\"false\" data-tab=\"2\" role=\"tab\" tabindex=\"-1\" aria-controls=\"elementor-tab-content-1762\" aria-expanded=\"false\">AR C'HUZUL-MERA\u00d1<\/div>\n\t\t\t\t\t\t\t\t\t<div id=\"elementor-tab-title-1763\" class=\"elementor-tab-title elementor-tab-desktop-title\" aria-selected=\"false\" data-tab=\"3\" role=\"tab\" tabindex=\"-1\" aria-controls=\"elementor-tab-content-1763\" aria-expanded=\"false\">HOR SKOAZELLERIEN<\/div>\n\t\t\t\t\t\t\t\t\t<div id=\"elementor-tab-title-1764\" class=\"elementor-tab-title elementor-tab-desktop-title\" aria-selected=\"false\" data-tab=\"4\" role=\"tab\" tabindex=\"-1\" aria-controls=\"elementor-tab-content-1764\" aria-expanded=\"false\">HOR GEVELERIEN<\/div>\n\t\t\t\t\t\t\t\t\t<div id=\"elementor-tab-title-1765\" class=\"elementor-tab-title elementor-tab-desktop-title\" aria-selected=\"false\" data-tab=\"5\" role=\"tab\" tabindex=\"-1\" aria-controls=\"elementor-tab-content-1765\" aria-expanded=\"false\">HOR SKIPAILH<\/div>\n\t\t\t\t\t\t\t<\/div>\n\t\t\t<div class=\"elementor-tabs-content-wrapper\" role=\"tablist\" aria-orientation=\"vertical\">\n\t\t\t\t\t\t\t\t\t<div class=\"elementor-tab-title elementor-tab-mobile-title\" aria-selected=\"true\" data-tab=\"1\" role=\"tab\" tabindex=\"0\" aria-controls=\"elementor-tab-content-1761\" aria-expanded=\"false\">ISTOR AR GEVREDIGEZH<\/div>\n\t\t\t\t\t<div id=\"elementor-tab-content-1761\" class=\"elementor-tab-content elementor-clearfix\" data-tab=\"1\" role=\"tabpanel\" aria-labelledby=\"elementor-tab-title-1761\" tabindex=\"0\" hidden=\"false\"><p><span style=\"font-size: 24pt;\"><!-- \/wp:image --><\/span><\/p>\n<p><span style=\"font-size: 24pt;\"><!-- wp:paragraph {\"fontSize\":\"medium\"} --><\/span><\/p>\n<p style=\"text-align: center;\"><span style=\"color: #ffcc00; font-size: 18pt;\"><strong><span style=\"font-family: 'Trebuchet MS', Geneva;\">KanN : ur c&rsquo;hevread sevenadurel 40 vloaz anezha\u00f1<\/span><\/strong><\/span><\/p>\n<section class=\"elementor-section elementor-top-section elementor-element elementor-element-c04ccac elementor-section-boxed elementor-section-height-default elementor-section-height-default\" data-id=\"c04ccac\" data-element_type=\"section\">\n<div class=\"elementor-container elementor-column-gap-default\">\n<div class=\"elementor-column elementor-col-100 elementor-top-column elementor-element elementor-element-f36f40b\" data-id=\"f36f40b\" data-element_type=\"column\">\n<div class=\"elementor-widget-wrap elementor-element-populated\">\n<div class=\"elementor-element elementor-element-05ebfda elementor-widget elementor-widget-text-editor\" data-id=\"05ebfda\" data-element_type=\"widget\" data-widget_type=\"text-editor.default\">\n<div class=\"elementor-widget-container\">\n<section class=\"elementor-section elementor-top-section elementor-element elementor-element-4335116 elementor-section-boxed elementor-section-height-default elementor-section-height-default\" data-id=\"4335116\" data-element_type=\"section\">\n<div class=\"elementor-container elementor-column-gap-default\">\n<div class=\"elementor-column elementor-col-100 elementor-top-column elementor-element elementor-element-8d4f575\" data-id=\"8d4f575\" data-element_type=\"column\">\n<div class=\"elementor-widget-wrap elementor-element-populated\">\n<div class=\"elementor-element elementor-element-5a6d5bc elementor-widget elementor-widget-text-editor\" data-id=\"5a6d5bc\" data-element_type=\"widget\" data-widget_type=\"text-editor.default\">\n<div class=\"elementor-widget-container\">\n<p><span style=\"font-family: 'Trebuchet MS', Geneva; font-size: 12pt; color: #000000;\">Pal\u00a0<strong>KanN<\/strong>,<strong>\u00a0kevread sevenadurel<\/strong>,<strong>\u00a0eo bruda\u00f1 sevenadur Breizh\u00a0<\/strong>hag\u00a0<strong>ar brezhoneg<\/strong>\u00a0el\u00a0<strong>Liger-Atlantel<\/strong>\u00a0abaoe\u00a0<strong>1985<\/strong>. Gant ar c&rsquo;hevread e vez<\/span><span style=\"color: #000000; font-family: 'Trebuchet MS', Geneva; font-size: 12pt;\">\u00a0kinniget <strong>kentelio\u00f9-noz<\/strong>, <strong>stajo\u00f9<\/strong> hag <strong>obererezhio\u00f9<\/strong> e brezhoneg el Liger-Atlantel. <strong>Kantado\u00f9 a izili<\/strong> a gemer perzh er c&rsquo;hevread.\u00a0<\/span><\/p>\n<\/div>\n<\/div>\n<\/div>\n<\/div>\n<\/div>\n<\/section>\n<\/div>\n<\/div>\n<\/div>\n<\/div>\n<\/div>\n<\/section>\n<p><span style=\"font-size: 24pt;\"><!-- \/wp:paragraph --><\/span><\/p>\n<p><span style=\"font-size: 24pt;\"><!-- wp:paragraph {\"fontSize\":\"medium\"} --><\/span><\/p>\n<p><span style=\"font-size: 24pt;\"><!-- \/wp:paragraph --><\/span><\/p>\n<p><span style=\"font-size: 24pt;\"><!-- wp:paragraph {\"fontSize\":\"medium\"} --><\/span><\/p>\n<p><!-- \/wp:paragraph --><\/p>\n<p><!-- wp:paragraph --><\/p>\n<p><!-- \/wp:paragraph --><\/p><\/div>\n\t\t\t\t\t\t\t\t\t<div class=\"elementor-tab-title elementor-tab-mobile-title\" aria-selected=\"false\" data-tab=\"2\" role=\"tab\" tabindex=\"-1\" aria-controls=\"elementor-tab-content-1762\" aria-expanded=\"false\">AR C'HUZUL-MERA\u00d1<\/div>\n\t\t\t\t\t<div id=\"elementor-tab-content-1762\" class=\"elementor-tab-content elementor-clearfix\" data-tab=\"2\" role=\"tabpanel\" aria-labelledby=\"elementor-tab-title-1762\" tabindex=\"0\" hidden=\"hidden\"><p><span style=\"font-family: 'Trebuchet MS', Geneva; color: #000000; font-size: 12pt;\"><span style=\"font-size: 14pt;\">Pemzek den a gemer perzh e Kuzul-Mera\u00f1 ar c&rsquo;hevread :<\/span><br \/><\/span><\/p>\n<ul>\n<li><span style=\"font-family: 'Trebuchet MS', Geneva; color: #000000; font-size: 12pt;\">HENRY Pascal &#8211; Prezidant<\/span><\/li>\n<li><span style=\"font-family: 'Trebuchet MS', Geneva; color: #000000; font-size: 12pt;\">LEON Katell &#8211; Besprezidantez<\/span><\/li>\n<li><span style=\"font-family: 'Trebuchet MS', Geneva; color: #000000; font-size: 12pt;\">MER Cyril &#8211; Te\u00f1zorer<\/span><\/li>\n<li><span style=\"font-family: 'Trebuchet MS', Geneva; color: #000000; font-size: 12pt;\">JAFFRES Perig &#8211; Sekretour<\/span><\/li>\n<li><span style=\"font-family: 'Trebuchet MS', Geneva; color: #000000; font-size: 12pt;\">ARZUL Pierre<\/span><\/li>\n<li><span style=\"font-family: 'Trebuchet MS', Geneva; color: #000000; font-size: 12pt;\">BRIAND St\u00e9phane<\/span><\/li>\n<li><span style=\"font-family: 'Trebuchet MS', Geneva; color: #000000; font-size: 12pt;\">CUDENNEC Herv\u00e9<\/span><\/li>\n<li><span style=\"font-family: 'Trebuchet MS', Geneva; color: #000000; font-size: 12pt;\">DAVID Kristin<\/span><\/li>\n<li><span style=\"font-family: 'Trebuchet MS', Geneva; color: #000000; font-size: 12pt;\">DJIBRILA-BARON Val\u00e9rie<\/span><\/li>\n<li><span style=\"font-family: 'Trebuchet MS', Geneva; color: #000000; font-size: 12pt;\">LE MAUX Anthony<\/span><\/li>\n<li><span style=\"font-family: 'Trebuchet MS', Geneva; color: #000000; font-size: 12pt;\">MALETTE Maxime<\/span><\/li>\n<li><span style=\"font-family: 'Trebuchet MS', Geneva; color: #000000; font-size: 12pt;\">PICHARD Guillaume<\/span><\/li>\n<li><span style=\"font-family: 'Trebuchet MS', Geneva; color: #000000; font-size: 12pt;\">PRUGNE Christophe<\/span><\/li>\n<li><span style=\"font-family: 'Trebuchet MS', Geneva; color: #000000; font-size: 12pt;\">SIMON Claude<\/span><\/li>\n<li><span style=\"font-family: 'Trebuchet MS', Geneva; color: #000000; font-size: 12pt;\">SIMON H\u00e9l\u00e8ne<\/span><\/li>\n<\/ul>\n<p><span style=\"text-decoration: underline; color: #0000ff; font-family: 'Trebuchet MS', Geneva; font-size: 12pt;\"><a style=\"color: #0000ff; text-decoration: underline;\" href=\"https:\/\/breton-nantes.bzh\/wp-content\/uploads\/2023\/09\/Statuts-Kenteliou-an-Noz-16.06.23.pdf\" target=\"_blank\" rel=\"noopener\">Klikit ama\u00f1 evit lenn statudo\u00f9 ar gevredigezh<\/a>.<\/span><\/p>\n<p><span style=\"text-decoration: underline; font-size: 10pt;\"><span style=\"color: #0000ff;\"><a style=\"color: #0000ff;\" href=\"https:\/\/breton-nantes.bzh\/wp-content\/uploads\/2025\/09\/Danevell-emvod-EM-25-KanN-_-Proces-verbal-AG-25-KanN.pdf\" target=\"_blank\" rel=\"noopener\"><span style=\"font-family: 'Trebuchet MS', Geneva;\">Klikit ama\u00f1 evit lenn danevell hon emvod-meur diwezha\u00f1.<\/span><\/a><\/span><\/span><\/p><\/div>\n\t\t\t\t\t\t\t\t\t<div class=\"elementor-tab-title elementor-tab-mobile-title\" aria-selected=\"false\" data-tab=\"3\" role=\"tab\" tabindex=\"-1\" aria-controls=\"elementor-tab-content-1763\" aria-expanded=\"false\">HOR SKOAZELLERIEN<\/div>\n\t\t\t\t\t<div id=\"elementor-tab-content-1763\" class=\"elementor-tab-content elementor-clearfix\" data-tab=\"3\" role=\"tabpanel\" aria-labelledby=\"elementor-tab-title-1763\" tabindex=\"0\" hidden=\"hidden\"><p><span style=\"font-size: 12pt; color: #000000; font-family: 'Trebuchet MS', Geneva;\">Skoazellet e vez KanN gant ar strollegezhio\u00f9 da-heul. Trugarez vras dezho !<\/span><\/p>\n<ul>\n<li><span style=\"font-size: 12pt; color: #000000; font-family: 'Trebuchet MS', Geneva;\">Rannvro Breizh <img decoding=\"async\" class=\"alignnone wp-image-3713 size-full\" src=\"https:\/\/breton-nantes.bzh\/wp-content\/uploads\/2023\/09\/RB_BZH_NB.jpg\" alt=\"\" width=\"114\" height=\"114\" \/><\/span><\/li>\n<li><span style=\"font-size: 12pt; color: #000000; font-family: 'Trebuchet MS', Geneva;\"><span style=\"color: #000000;\">Ti-k\u00ear Naoned <img decoding=\"async\" class=\"alignnone wp-image-944 size-full\" src=\"https:\/\/breton-nantes.bzh\/wp-content\/uploads\/2020\/06\/Nantes_logo-e1767014347911.png\" alt=\"\" width=\"200\" height=\"95\" \/><\/span><\/span><\/li>\n<\/ul>\n<p><span style=\"font-family: 'Trebuchet MS', Geneva; font-size: 12pt; color: #000000;\">Kumunio\u00f9 e-leizh a sikour ac&rsquo;hanomp ivez o presta\u00f1 salio\u00f9 digoust deomp :<\/span><\/p>\n<ul>\n<li><span style=\"font-family: 'Trebuchet MS', Geneva; font-size: 12pt; color: #000000;\">Ti-k\u00ear Naoned<\/span><\/li>\n<li><span style=\"font-family: 'Trebuchet MS', Geneva; font-size: 12pt; color: #000000;\">Ti-k\u00ear Sant-Ervlan<\/span><\/li>\n<li><span style=\"font-family: 'Trebuchet MS', Geneva; font-size: 12pt; color: #000000;\">Ti-k\u00ear Reudied<\/span><\/li>\n<li><span style=\"font-family: 'Trebuchet MS', Geneva; font-size: 12pt; color: #000000;\">Ti-k\u00ear St Nazer<\/span><\/li>\n<li><span style=\"font-family: 'Trebuchet MS', Geneva; font-size: 12pt; color: #000000;\">Ti-k\u00ear St Brewenn<\/span><\/li>\n<li><span style=\"font-family: 'Trebuchet MS', Geneva; font-size: 12pt; color: #000000;\">Ti-k\u00ear Mouster al Loc&rsquo;h<\/span><\/li>\n<li><span style=\"font-family: 'Trebuchet MS', Geneva; font-size: 12pt; color: #000000;\">Ti-k\u00ear Donez<br \/><\/span><\/li>\n<li><span style=\"color: #000000; font-family: 'Trebuchet MS', Geneva; font-size: 12pt;\">Ti-k\u00ear Blaen<\/span><\/li>\n<\/ul>\n<p><span style=\"font-family: 'Trebuchet MS', Geneva; font-size: 12pt; color: #000000;\">Trugarez ivez d&rsquo;an holl gevredigezhio\u00f9 ha\u00a0 tavarnio\u00f9 a zegemer ac&rsquo;hanomp evit hor c&rsquo;hentelio\u00f9 :<\/span><\/p>\n<ul>\n<li><a href=\"https:\/\/www.facebook.com\/LaPerleNantes\"><span style=\"font-family: 'Trebuchet MS', Geneva; font-size: 12pt; color: #000000;\">Tavarn Ar Berlezenn<\/span><\/a><\/li>\n<li><a href=\"https:\/\/www.facebook.com\/profile.php?id=100054295939326\"><span style=\"font-family: 'Trebuchet MS', Geneva; font-size: 12pt; color: #000000;\">Tavarn Le Bistrot de Mr Jules<\/span><\/a><\/li>\n<li><a href=\"https:\/\/www.facebook.com\/chezpesteetchipie\"><span style=\"font-family: 'Trebuchet MS', Geneva; font-size: 12pt; color: #000000;\">Tavarn Chez Peste et Chipie<\/span><\/a><\/li>\n<li><a href=\"https:\/\/www.facebook.com\/profile.php?id=61573833557796\"><span style=\"font-family: 'Trebuchet MS', Geneva; font-size: 12pt; color: #000000;\">La Boucle Repair Caf\u00e9 Trinieg<\/span><\/a><\/li>\n<li><a href=\"https:\/\/www.facebook.com\/lepiceriedadda\"><span style=\"font-family: 'Trebuchet MS', Geneva; color: #000000;\">Boutique ADDA<\/span><\/a><\/li>\n<\/ul><\/div>\n\t\t\t\t\t\t\t\t\t<div class=\"elementor-tab-title elementor-tab-mobile-title\" aria-selected=\"false\" data-tab=\"4\" role=\"tab\" tabindex=\"-1\" aria-controls=\"elementor-tab-content-1764\" aria-expanded=\"false\">HOR GEVELERIEN<\/div>\n\t\t\t\t\t<div id=\"elementor-tab-content-1764\" class=\"elementor-tab-content elementor-clearfix\" data-tab=\"4\" role=\"tabpanel\" aria-labelledby=\"elementor-tab-title-1764\" tabindex=\"0\" hidden=\"hidden\"><p><span style=\"font-size: 12pt; font-family: 'Trebuchet MS', Geneva; color: #000000;\">Kenlabourat a reomp gant ar frammo\u00f9-ma\u00f1 :<br \/><\/span><\/p>\n<ul>\n<li><span style=\"font-size: 12pt; font-family: 'Trebuchet MS', Geneva;\"><a href=\"https:\/\/www.fr.brezhoneg.bzh\/\" target=\"_blank\" rel=\"noopener\">Ofis Publik ar Brezhoneg<\/a><img decoding=\"async\" class=\"alignnone wp-image-954 size-full\" src=\"https:\/\/breton-nantes.bzh\/wp-content\/uploads\/2020\/06\/langue_bretonne-1-e1767013421539.png\" alt=\"\" width=\"200\" height=\"127\" \/><\/span><\/li>\n<li><span style=\"font-size: 12pt; font-family: 'Trebuchet MS', Geneva;\"><a href=\"https:\/\/www.centreculturelbreton.fr\/bre\/degemer\/\" target=\"_blank\" rel=\"noopener\">Kreizenn sevenadurel Yezho\u00f9 ha Sevenadur<\/a><img loading=\"lazy\" decoding=\"async\" class=\"alignnone wp-image-950 size-full\" src=\"https:\/\/breton-nantes.bzh\/wp-content\/uploads\/2020\/06\/Logo_Yezho\u00f9_ha_Sevenadur-e1767013484475.jpg\" alt=\"\" width=\"200\" height=\"103\" \/><\/span><\/li>\n<li><span style=\"font-size: 12pt; font-family: 'Trebuchet MS', Geneva;\"><a href=\"https:\/\/skolanemsav.bzh\/br\/degemer\/\" target=\"_blank\" rel=\"noopener\">Skol an Emsav <img loading=\"lazy\" decoding=\"async\" class=\"alignnone wp-image-956 size-thumbnail\" src=\"https:\/\/breton-nantes.bzh\/wp-content\/uploads\/2020\/06\/skol_an_emsav-150x150.jpg\" alt=\"\" width=\"150\" height=\"150\" \/><\/a><\/span><\/li>\n<li><span style=\"font-size: 12pt; font-family: 'Trebuchet MS', Geneva;\"><a href=\"https:\/\/www.facebook.com\/profile.php?id=61568946214340#\">Div Yezh St Nazer <\/a><a href=\"https:\/\/www.facebook.com\/profile.php?id=61568946214340#\"><img loading=\"lazy\" decoding=\"async\" class=\"alignnone wp-image-6637 size-thumbnail\" src=\"https:\/\/breton-nantes.bzh\/wp-content\/uploads\/2025\/09\/20250909133909-150x150.jpg\" alt=\"\" width=\"150\" height=\"150\" \/><\/a><\/span><\/li>\n<li><span style=\"font-size: 10pt;\"><a href=\"https:\/\/www.facebook.com\/Div.Yezh.St.Ervlan\/\"><span style=\"font-family: 'Trebuchet MS', Geneva;\">Div Yezh St Ervlan<\/span><\/a><\/span> <img loading=\"lazy\" decoding=\"async\" class=\"alignnone wp-image-7046 size-full\" src=\"https:\/\/breton-nantes.bzh\/wp-content\/uploads\/2025\/12\/Capture-decran-2025-12-29-140654-e1767013822647.png\" alt=\"\" width=\"150\" height=\"142\" \/><\/li>\n<li><span style=\"font-family: 'Trebuchet MS', Geneva; font-size: 12pt;\"><a href=\"https:\/\/diwan-naoned.bzh\/\" target=\"_blank\" rel=\"noopener\">Diwan Naoned<\/a> <img loading=\"lazy\" decoding=\"async\" class=\"alignnone wp-image-6638 size-full\" src=\"https:\/\/breton-nantes.bzh\/wp-content\/uploads\/2025\/09\/LOGO-DIWAN-naoned-1-1-e1767013846809.png\" alt=\"\" width=\"150\" height=\"118\" \/><\/span><\/li>\n<li><span style=\"font-size: 12pt; font-family: 'Trebuchet MS', Geneva;\"><a href=\"https:\/\/www.facebook.com\/KDSK.BZH\/\">Kreizenn dafar sevenadurel keltiek <img loading=\"lazy\" decoding=\"async\" class=\"alignnone wp-image-953 size-thumbnail\" src=\"https:\/\/breton-nantes.bzh\/wp-content\/uploads\/2020\/06\/cf33cf_29aedc29e88c442e85146a6df513d19bmv2_d_3266_1229_s_2-150x59.jpg\" alt=\"\" width=\"150\" height=\"59\" \/><\/a><\/span><\/li>\n<li><span style=\"font-size: 12pt; font-family: 'Trebuchet MS', Geneva;\"><a href=\"https:\/\/www.radionaoned.bzh\/br\/an-holl-abadennou\/\">Radio Naoned <\/a><a href=\"https:\/\/www.radionaoned.bzh\/br\/an-holl-abadennou\/\"><img loading=\"lazy\" decoding=\"async\" class=\"alignnone wp-image-955 size-full\" src=\"https:\/\/breton-nantes.bzh\/wp-content\/uploads\/2020\/06\/3817771870771494345_logo-e1767013573463.jpg\" alt=\"\" width=\"200\" height=\"69\" \/><\/a><\/span><\/li>\n<\/ul>\n<p><span style=\"font-family: 'Trebuchet MS', Geneva; font-size: 12pt; color: #000000;\">Trugarez ivez d&rsquo;an holl gevredigezhio\u00f9 ha\u00a0 tavarnio\u00f9 a zegemer ac&rsquo;hanomp evit hor c&rsquo;hentelio\u00f9 :<\/span><\/p>\n<ul>\n<li><a href=\"https:\/\/www.facebook.com\/LaPerleNantes\"><span style=\"font-family: 'Trebuchet MS', Geneva; font-size: 12pt; color: #000000;\">Tavarn Ar Berlezenn<\/span><\/a><\/li>\n<li><a href=\"https:\/\/www.facebook.com\/profile.php?id=100054295939326\"><span style=\"font-family: 'Trebuchet MS', Geneva; font-size: 12pt; color: #000000;\">Tavarn Le Bistrot de Mr Jules<\/span><\/a><\/li>\n<li><a href=\"https:\/\/www.facebook.com\/chezpesteetchipie\"><span style=\"font-family: 'Trebuchet MS', Geneva; font-size: 12pt; color: #000000;\">Tavarn Chez Peste et Chipie<\/span><\/a><\/li>\n<li><a href=\"https:\/\/www.facebook.com\/profile.php?id=61573833557796\"><span style=\"font-family: 'Trebuchet MS', Geneva; font-size: 12pt; color: #000000;\">La Boucle Repair Caf\u00e9 Trinieg<\/span><\/a><\/li>\n<li><a href=\"https:\/\/www.facebook.com\/lepiceriedadda\"><span style=\"font-family: 'Trebuchet MS', Geneva; color: #000000;\">Boutique ADDA<\/span><\/a><\/li>\n<\/ul><\/div>\n\t\t\t\t\t\t\t\t\t<div class=\"elementor-tab-title elementor-tab-mobile-title\" aria-selected=\"false\" data-tab=\"5\" role=\"tab\" tabindex=\"-1\" aria-controls=\"elementor-tab-content-1765\" aria-expanded=\"false\">HOR SKIPAILH<\/div>\n\t\t\t\t\t<div id=\"elementor-tab-content-1765\" class=\"elementor-tab-content elementor-clearfix\" data-tab=\"5\" role=\"tabpanel\" aria-labelledby=\"elementor-tab-title-1765\" tabindex=\"0\" hidden=\"hidden\"><p style=\"text-align: center;\"><span style=\"font-size: 18pt; font-family: 'Trebuchet MS', Geneva; color: #000000;\"><strong>\u00a0Skipailh KanN :<\/strong><\/span><\/p>\n<ul>\n<li><span style=\"font-size: 12pt; font-family: 'Trebuchet MS', Geneva; color: #000000;\"><span style=\"text-decoration: underline;\">An implijidi<\/span> :<\/span><\/li>\n<\/ul>\n<p><span style=\"font-size: 12pt; font-family: 'Trebuchet MS', Geneva; color: #000000;\">Arzhur Blain : Kelenner Atebeg Pedagogel (abaoe 2023) ; Pevarlamm, live 1, live 2, live 3 hag MP war dachenn Naoned har ar veurg\u00ear<br \/><\/span><\/p>\n<p><span style=\"font-size: 12pt; font-family: 'Trebuchet MS', Geneva; color: #000000;\">Ewen Averty &#8211; Le Bloa : Kelenner (abaoe 2025) ; live 1 ha live 2 war dachenn Naoned hag ar veurg\u00ear<\/span><\/p>\n<p><span style=\"font-size: 12pt; font-family: 'Trebuchet MS', Geneva; color: #000000;\">Fa\u00f1ch-Manu Gueno : Kelenner (abaoe 2025) ; live 1, live 2 ha live 4 war dachenn St-Nazer ha tro-dro<\/span><\/p>\n<p><span style=\"font-size: 12pt; font-family: 'Trebuchet MS', Geneva; color: #000000;\">Ang\u00e9lique Le Doridour : Kenurzhierez (abaoe 2025) ; Liger-Atlantel<\/span><\/p>\n<ul>\n<li><span style=\"font-size: 12pt; font-family: 'Trebuchet MS', Geneva; color: #000000;\"><span style=\"text-decoration: underline;\">Ar gelennerien difrejet hag a youl-vat<\/span> :<\/span><\/li>\n<\/ul>\n<p><span style=\"color: #000000; font-family: 'Trebuchet MS', Geneva;\">Live 1 : Beatris KERNEUR (Donez), Damien KERNALEGUEN (Blaen), Erik BAINVEL (St-Ervlan)<\/span><\/p>\n<p><span style=\"color: #000000; font-family: 'Trebuchet MS', Geneva;\">Live 2 : Alan HAYE (Naoned), Delphine GRALL (Orvez), Perig JAFFRES (Naoned), Gwilherm JOUBERT (St-Ervlan)<\/span><\/p>\n<p><span style=\"color: #000000; font-family: 'Trebuchet MS', Geneva;\">Live 3 : Gwenn MEYNIER (Naoned), Paskal HENRY (Antr)<\/span><\/p>\n<p><span style=\"color: #000000; font-family: 'Trebuchet MS', Geneva;\">Live 4 : Katell LEON-ROUE (Naoned)<\/span><\/p>\n<p><span style=\"color: #000000; font-family: 'Trebuchet MS', Geneva;\">Live MP : Elie SALAUN (St-Ervlan)<\/span><\/p>\n<p><span style=\"color: #000000; font-family: 'Trebuchet MS', Geneva;\">Bodad-Komz ar Gwinieg : Yann-Lukaz BADEAUD<\/span><\/p><\/div>\n\t\t\t\t\t\t\t<\/div>\n\t\t<\/div>\n\t\t\t\t<\/div>\n\t\t\t\t<\/div>\n\t\t\t\t\t<\/div>\n\t\t<\/div>\n\t\t\t\t\t<\/div>\n\t\t<\/section>\n\t\t\t\t<section class=\"elementor-section elementor-top-section elementor-element elementor-element-cd03fcc elementor-section-boxed elementor-section-height-default elementor-section-height-default\" data-id=\"cd03fcc\" data-element_type=\"section\">\n\t\t\t\t\t\t<div class=\"elementor-container elementor-column-gap-default\">\n\t\t\t\t\t<div class=\"elementor-column elementor-col-100 elementor-top-column elementor-element elementor-element-d5cff3b\" data-id=\"d5cff3b\" data-element_type=\"column\">\n\t\t\t<div class=\"elementor-widget-wrap elementor-element-populated\">\n\t\t\t\t\t\t<div class=\"elementor-element elementor-element-42763a6 elementor-widget elementor-widget-heading\" data-id=\"42763a6\" data-element_type=\"widget\" data-widget_type=\"heading.default\">\n\t\t\t\t<div class=\"elementor-widget-container\">\n\t\t\t<h2 class=\"elementor-heading-title elementor-size-default\">Komzet e vez diwar hor fenn er mediao\u00f9<\/h2>\t\t<\/div>\n\t\t\t\t<\/div>\n\t\t\t\t\t<\/div>\n\t\t<\/div>\n\t\t\t\t\t<\/div>\n\t\t<\/section>\n\t\t\t\t<section class=\"elementor-section elementor-top-section elementor-element elementor-element-bb49705 elementor-section-boxed elementor-section-height-default elementor-section-height-default\" data-id=\"bb49705\" data-element_type=\"section\">\n\t\t\t\t\t\t<div class=\"elementor-container elementor-column-gap-default\">\n\t\t\t\t\t<div class=\"elementor-column elementor-col-100 elementor-top-column elementor-element elementor-element-1d06956\" data-id=\"1d06956\" data-element_type=\"column\">\n\t\t\t<div class=\"elementor-widget-wrap elementor-element-populated\">\n\t\t\t\t\t\t<div class=\"elementor-element elementor-element-e54acdd elementor-widget elementor-widget-text-editor\" data-id=\"e54acdd\" data-element_type=\"widget\" data-widget_type=\"text-editor.default\">\n\t\t\t\t<div class=\"elementor-widget-container\">\n\t\t\t\t\t\t\t<p><span style=\"font-size: 18pt;\">\ud83c\udfa7<span style=\"font-family: Arial, Helvetica, sans-serif;\"><span style=\"color: #000000;\">Aterset omp bet gant Podcast <a style=\"color: #000000;\" href=\"https:\/\/walk-in-naoned.lepodcast.fr\/\"><span style=\"text-decoration: underline;\"><em><span style=\"color: #0000ff; text-decoration: underline;\">Walkin&rsquo; Naoned<\/span><\/em><\/span><\/a> evit kinnig hor c&rsquo;hevredigezh :<\/span><\/span><br \/><\/span><\/p>\t\t\t\t\t\t<\/div>\n\t\t\t\t<\/div>\n\t\t\t\t<div class=\"elementor-element elementor-element-b5ebc76 elementor-widget elementor-widget-wp-widget-custom_html\" data-id=\"b5ebc76\" data-element_type=\"widget\" data-widget_type=\"wp-widget-custom_html.default\">\n\t\t\t\t<div class=\"elementor-widget-container\">\n\t\t\t<div class=\"textwidget custom-html-widget\">\r\n<\/div>\t\t<\/div>\n\t\t\t\t<\/div>\n\t\t\t\t\t<\/div>\n\t\t<\/div>\n\t\t\t\t\t<\/div>\n\t\t<\/section>\n\t\t\t\t<\/div>\n\t\t","protected":false},"excerpt":{"rendered":"<p>ISTOR AR GEVREDIGEZH AR C&rsquo;HUZUL-MERA\u00d1 HOR SKOAZELLERIEN HOR GEVELERIEN HOR SKIPAILH ISTOR AR GEVREDIGEZH KanN : ur c&rsquo;hevread sevenadurel 40 vloaz anezha\u00f1 Pal\u00a0KanN,\u00a0kevread sevenadurel,\u00a0eo bruda\u00f1 sevenadur Breizh\u00a0hag\u00a0ar brezhoneg\u00a0el\u00a0Liger-Atlantel\u00a0abaoe\u00a01985. Gant ar c&rsquo;hevread e vez\u00a0kinniget kentelio\u00f9-noz, stajo\u00f9 hag obererezhio\u00f9 e brezhoneg el Liger-Atlantel. Kantado\u00f9 a izili a gemer perzh er c&rsquo;hevread.\u00a0 AR C&rsquo;HUZUL-MERA\u00d1 Pemzek den a gemer&hellip;<\/p>\n","protected":false},"author":1,"featured_media":0,"parent":320,"menu_order":0,"comment_status":"closed","ping_status":"closed","template":"","meta":{"footnotes":""},"class_list":["post-3345","page","type-page","status-publish","hentry"],"_links":{"self":[{"href":"https:\/\/breton-nantes.bzh\/index.php\/wp-json\/wp\/v2\/pages\/3345","targetHints":{"allow":["GET"]}}],"collection":[{"href":"https:\/\/breton-nantes.bzh\/index.php\/wp-json\/wp\/v2\/pages"}],"about":[{"href":"https:\/\/breton-nantes.bzh\/index.php\/wp-json\/wp\/v2\/types\/page"}],"author":[{"embeddable":true,"href":"https:\/\/breton-nantes.bzh\/index.php\/wp-json\/wp\/v2\/users\/1"}],"replies":[{"embeddable":true,"href":"https:\/\/breton-nantes.bzh\/index.php\/wp-json\/wp\/v2\/comments?post=3345"}],"version-history":[{"count":91,"href":"https:\/\/breton-nantes.bzh\/index.php\/wp-json\/wp\/v2\/pages\/3345\/revisions"}],"predecessor-version":[{"id":7229,"href":"https:\/\/breton-nantes.bzh\/index.php\/wp-json\/wp\/v2\/pages\/3345\/revisions\/7229"}],"up":[{"embeddable":true,"href":"https:\/\/breton-nantes.bzh\/index.php\/wp-json\/wp\/v2\/pages\/320"}],"wp:attachment":[{"href":"https:\/\/breton-nantes.bzh\/index.php\/wp-json\/wp\/v2\/media?parent=3345"}],"curies":[{"name":"wp","href":"https:\/\/api.w.org\/{rel}","templated":true}]}}