{"id":322,"date":"2019-10-14T14:48:37","date_gmt":"2019-10-14T12:48:37","guid":{"rendered":"http:\/\/breton-nantes.bzh\/?page_id=322"},"modified":"2025-09-28T20:20:58","modified_gmt":"2025-09-28T18:20:58","slug":"darempredou","status":"publish","type":"page","link":"https:\/\/breton-nantes.bzh\/index.php\/bre\/darempredou\/","title":{"rendered":"Darempredo\u00f9"},"content":{"rendered":"\t\t<div data-elementor-type=\"wp-page\" data-elementor-id=\"322\" class=\"elementor elementor-322\">\n\t\t\t\t\t\t<section class=\"elementor-section elementor-top-section elementor-element elementor-element-f161dac elementor-section-boxed elementor-section-height-default elementor-section-height-default\" data-id=\"f161dac\" data-element_type=\"section\">\n\t\t\t\t\t\t<div class=\"elementor-container elementor-column-gap-default\">\n\t\t\t\t\t<div class=\"elementor-column elementor-col-50 elementor-top-column elementor-element elementor-element-2f9d7ef\" data-id=\"2f9d7ef\" data-element_type=\"column\">\n\t\t\t<div class=\"elementor-widget-wrap elementor-element-populated\">\n\t\t\t\t\t\t<div class=\"elementor-element elementor-element-73b093d2 elementor-widget elementor-widget-text-editor\" data-id=\"73b093d2\" data-element_type=\"widget\" data-widget_type=\"text-editor.default\">\n\t\t\t\t<div class=\"elementor-widget-container\">\n\t\t\t\t\t\t\t<!-- wp:heading -->\n<h2 class=\"wp-block-heading\"><br \/>Prevezidi, embregerezhio\u00f9, kevredigezhio\u00f9, skolio\u00f9 pe strollegezhio\u00f9\u00a0:<\/h2>\n<!-- \/wp:heading --><!-- wp:paragraph {\"fontSize\":\"medium\"} -->\n<p class=\"has-medium-font-size\"><br \/>Ur goulenn pe c\u2019hoant da geja\u00f1 ganeomp\u00a0? Na dermit ket ha kasit deomp ur postel da <a href=\"mailto:kenteliouannoz@gmail.com\"><strong>kenteliouannoz@gmail.com<\/strong><\/a> pe galvit ac\u2019hanomp d&rsquo;ar <strong>07 68 47 22 25<\/strong>. <br \/>Laouen e vimp o titouri\u00f1 ac\u2019hanoc\u2019h\u00a0!<\/p>\n<!-- \/wp:paragraph --><!-- wp:paragraph {\"fontSize\":\"medium\"} -->\n<p class=\"has-medium-font-size\"><br \/>Burevio\u00f9 Kentelio\u00f9 an Noz a zo staliet\u00a0 :<br \/>12 bali an Angevini\u00e8re<br \/>44800 SANT-ERVLAN<\/p>\n<!-- \/wp:paragraph --><!-- wp:shortcode -->\n<p><iframe style=\"border: 0;\" src=\"https:\/\/www.google.com\/maps\/embed?pb=!1m18!1m12!1m3!1d2708.5215894705034!2d-1.6144507850264551!3d47.24550312084659!2m3!1f0!2f0!3f0!3m2!1i1024!2i768!4f13.1!3m3!1m2!1s0x48059349b6f6506b%3A0x432ec7b760eb161e!2sKentelio%C3%B9%20an%20Noz!5e0!3m2!1sfr!2sfr!4v1567514989699!5m2!1sfr!2sfr\" width=\"600\" height=\"450\" frameborder=\"0\" allowfullscreen=\"allowfullscreen\"><\/iframe><\/p>\n<!-- \/wp:shortcode -->\t\t\t\t\t\t<\/div>\n\t\t\t\t<\/div>\n\t\t\t\t\t<\/div>\n\t\t<\/div>\n\t\t\t\t<div class=\"elementor-column elementor-col-50 elementor-top-column elementor-element elementor-element-667a6bf\" data-id=\"667a6bf\" data-element_type=\"column\">\n\t\t\t<div class=\"elementor-widget-wrap elementor-element-populated\">\n\t\t\t\t\t\t<div class=\"elementor-element elementor-element-063be8e elementor-widget elementor-widget-html\" data-id=\"063be8e\" data-element_type=\"widget\" data-widget_type=\"html.default\">\n\t\t\t\t<div class=\"elementor-widget-container\">\n\t\t\t<iframe data-w-type=\"embedded\" frameborder=\"0\" scrolling=\"no\" marginheight=\"0\" marginwidth=\"0\" src=\"https:\/\/xm4i3.mjt.lu\/wgt\/xm4i3\/rs8\/form?c=0c619717\" width=\"100%\" style=\"height: 0;\"><\/iframe>\n\n<script type=\"text\/javascript\" src=\"https:\/\/app.mailjet.com\/pas-nc-embedded-v1.js\"><\/script>\t\t<\/div>\n\t\t\t\t<\/div>\n\t\t\t\t\t<\/div>\n\t\t<\/div>\n\t\t\t\t\t<\/div>\n\t\t<\/section>\n\t\t\t\t<section class=\"elementor-section elementor-top-section elementor-element elementor-element-77699dc4 elementor-section-boxed elementor-section-height-default elementor-section-height-default\" data-id=\"77699dc4\" data-element_type=\"section\">\n\t\t\t\t\t\t<div class=\"elementor-container elementor-column-gap-default\">\n\t\t\t\t\t<div class=\"elementor-column elementor-col-100 elementor-top-column elementor-element elementor-element-468ba5e3\" data-id=\"468ba5e3\" data-element_type=\"column\">\n\t\t\t<div class=\"elementor-widget-wrap\">\n\t\t\t\t\t\t\t<\/div>\n\t\t<\/div>\n\t\t\t\t\t<\/div>\n\t\t<\/section>\n\t\t\t\t<\/div>\n\t\t","protected":false},"excerpt":{"rendered":"<p>Prevezidi, embregerezhio\u00f9, kevredigezhio\u00f9, skolio\u00f9 pe strollegezhio\u00f9\u00a0: Ur goulenn pe c\u2019hoant da geja\u00f1 ganeomp\u00a0? Na dermit ket ha kasit deomp ur postel da kenteliouannoz@gmail.com pe galvit ac\u2019hanomp d&rsquo;ar 07 68 47 22 25. Laouen e vimp o titouri\u00f1 ac\u2019hanoc\u2019h\u00a0! Burevio\u00f9 Kentelio\u00f9 an Noz a zo staliet\u00a0 :12 bali an Angevini\u00e8re44800 SANT-ERVLAN<\/p>\n","protected":false},"author":1,"featured_media":0,"parent":0,"menu_order":0,"comment_status":"closed","ping_status":"closed","template":"","meta":{"footnotes":""},"class_list":["post-322","page","type-page","status-publish","hentry"],"_links":{"self":[{"href":"https:\/\/breton-nantes.bzh\/index.php\/wp-json\/wp\/v2\/pages\/322","targetHints":{"allow":["GET"]}}],"collection":[{"href":"https:\/\/breton-nantes.bzh\/index.php\/wp-json\/wp\/v2\/pages"}],"about":[{"href":"https:\/\/breton-nantes.bzh\/index.php\/wp-json\/wp\/v2\/types\/page"}],"author":[{"embeddable":true,"href":"https:\/\/breton-nantes.bzh\/index.php\/wp-json\/wp\/v2\/users\/1"}],"replies":[{"embeddable":true,"href":"https:\/\/breton-nantes.bzh\/index.php\/wp-json\/wp\/v2\/comments?post=322"}],"version-history":[{"count":7,"href":"https:\/\/breton-nantes.bzh\/index.php\/wp-json\/wp\/v2\/pages\/322\/revisions"}],"predecessor-version":[{"id":6679,"href":"https:\/\/breton-nantes.bzh\/index.php\/wp-json\/wp\/v2\/pages\/322\/revisions\/6679"}],"wp:attachment":[{"href":"https:\/\/breton-nantes.bzh\/index.php\/wp-json\/wp\/v2\/media?parent=322"}],"curies":[{"name":"wp","href":"https:\/\/api.w.org\/{rel}","templated":true}]}}