{"id":2967,"date":"2022-12-13T15:46:25","date_gmt":"2022-12-13T14:46:25","guid":{"rendered":"http:\/\/breton-nantes.bzh\/?page_id=2967"},"modified":"2026-04-13T12:36:33","modified_gmt":"2026-04-13T10:36:33","slug":"deskin","status":"publish","type":"page","link":"https:\/\/breton-nantes.bzh\/index.php\/bre\/deskin\/","title":{"rendered":"DESKI\u00d1 BREZHONEG"},"content":{"rendered":"\t\t<div data-elementor-type=\"wp-page\" data-elementor-id=\"2967\" class=\"elementor elementor-2967\">\n\t\t\t\t\t\t<section class=\"elementor-section elementor-top-section elementor-element elementor-element-8d5616c elementor-section-boxed elementor-section-height-default elementor-section-height-default\" data-id=\"8d5616c\" data-element_type=\"section\">\n\t\t\t\t\t\t<div class=\"elementor-container elementor-column-gap-default\">\n\t\t\t\t\t<div class=\"elementor-column elementor-col-33 elementor-top-column elementor-element elementor-element-53fb89c\" data-id=\"53fb89c\" data-element_type=\"column\">\n\t\t\t<div class=\"elementor-widget-wrap elementor-element-populated\">\n\t\t\t\t\t\t<div class=\"elementor-element elementor-element-847b0fe elementor-widget elementor-widget-heading\" data-id=\"847b0fe\" data-element_type=\"widget\" data-widget_type=\"heading.default\">\n\t\t\t\t<div class=\"elementor-widget-container\">\n\t\t\t<h2 class=\"elementor-heading-title elementor-size-default\"><u>KENTELIO\u00d9-NOZ <\/u><\/h2>\t\t<\/div>\n\t\t\t\t<\/div>\n\t\t\t\t<div class=\"elementor-element elementor-element-f277104 elementor-widget elementor-widget-text-editor\" data-id=\"f277104\" data-element_type=\"widget\" data-widget_type=\"text-editor.default\">\n\t\t\t\t<div class=\"elementor-widget-container\">\n\t\t\t\t\t\t\t<p style=\"text-align: center;\"><span style=\"font-size: 12pt; font-family: eurekasanslight;\"><b>Heuliit kentelio\u00f9-noz bep sizhun.<br \/>Adalek miz Gwengolo betek miz Even.<\/b><br \/><\/span><\/p><ul><li><strong><span style=\"font-family: eurekasanslight; font-size: 12pt;\">E Naoned har ar veurg\u00ear : <a href=\"https:\/\/breton-nantes.bzh\/index.php\/bre\/kenteliou\/\">klikit<\/a><\/span><\/strong><\/li><li><strong><span style=\"font-family: eurekasanslight; font-size: 12pt;\">E Sant-Nazer ha tro-dro : <a href=\"https:\/\/breton-nantes.bzh\/index.php\/bre\/kenteliou-brezhoneg-sant-nazer-ha-tro-dro\/\">klikit<\/a><\/span><\/strong><\/li><li><strong>E Blaen : <a href=\"https:\/\/breton-nantes.bzh\/index.php\/bre\/deskin\/kenteliou-brezhoneg-blaen\/\">klikit\u00a0<\/a><\/strong><\/li><li><strong><span style=\"font-family: eurekasanslight; font-size: 12pt;\">Kursus Pevarlamm :\u00a0 <a href=\"https:\/\/breton-nantes.bzh\/index.php\/bre\/deskin\/pevarlamm-deskin-brezhoneg-buanoch\/\">klikit<\/a><\/span><\/strong><\/li><\/ul>\t\t\t\t\t\t<\/div>\n\t\t\t\t<\/div>\n\t\t\t\t\t<\/div>\n\t\t<\/div>\n\t\t\t\t<div class=\"elementor-column elementor-col-33 elementor-top-column elementor-element elementor-element-fe7c860\" data-id=\"fe7c860\" data-element_type=\"column\">\n\t\t\t<div class=\"elementor-widget-wrap elementor-element-populated\">\n\t\t\t\t\t\t<div class=\"elementor-element elementor-element-2939676 elementor-widget elementor-widget-heading\" data-id=\"2939676\" data-element_type=\"widget\" data-widget_type=\"heading.default\">\n\t\t\t\t<div class=\"elementor-widget-container\">\n\t\t\t<h2 class=\"elementor-heading-title elementor-size-default\"><a href=\"https:\/\/breton-nantes.bzh\/index.php\/bre\/stajou\/\"><u>STAJO\u00d9<\/u><\/a><\/h2>\t\t<\/div>\n\t\t\t\t<\/div>\n\t\t\t\t<div class=\"elementor-element elementor-element-8dc275c elementor-widget elementor-widget-text-editor\" data-id=\"8dc275c\" data-element_type=\"widget\" data-widget_type=\"text-editor.default\">\n\t\t\t\t<div class=\"elementor-widget-container\">\n\t\t\t\t\t\t\t<p style=\"text-align: center;\"><span style=\"font-family: eurekasanslight;\"><b>Evit kre\u00f1vaat ho live :<br \/><\/b><\/span><\/p><ul><li><span style=\"font-family: eurekasanslight;\"><b>Stajo\u00f9 un devezh<\/b><\/span><\/li><li><span style=\"font-family: eurekasanslight;\"><b>Stajo\u00f9 un dibenn-sizhun <\/b><\/span><\/li><li><span style=\"font-family: eurekasanslight;\"><b>Stajo\u00f9 ur sizhun<\/b><\/span><\/li><\/ul>\t\t\t\t\t\t<\/div>\n\t\t\t\t<\/div>\n\t\t\t\t\t<\/div>\n\t\t<\/div>\n\t\t\t\t<div class=\"elementor-column elementor-col-33 elementor-top-column elementor-element elementor-element-0d9148e\" data-id=\"0d9148e\" data-element_type=\"column\">\n\t\t\t<div class=\"elementor-widget-wrap elementor-element-populated\">\n\t\t\t\t\t\t<div class=\"elementor-element elementor-element-7721dc7 elementor-widget elementor-widget-heading\" data-id=\"7721dc7\" data-element_type=\"widget\" data-widget_type=\"heading.default\">\n\t\t\t\t<div class=\"elementor-widget-container\">\n\t\t\t<h2 class=\"elementor-heading-title elementor-size-default\"><a href=\"https:\/\/breton-nantes.bzh\/index.php\/des-jeux-pour-sentrainer\/\"><u>ADWELOUT<\/u><\/a><\/h2>\t\t<\/div>\n\t\t\t\t<\/div>\n\t\t\t\t<div class=\"elementor-element elementor-element-7553f50 elementor-widget elementor-widget-text-editor\" data-id=\"7553f50\" data-element_type=\"widget\" data-widget_type=\"text-editor.default\">\n\t\t\t\t<div class=\"elementor-widget-container\">\n\t\t\t\t\t\t\t<p><b>Ezhomm ho peus da adwelout un nebeud trao\u00f9 pe diduella\u00f1 ? Kinnig a reomp c&rsquo;hoario\u00f9 hag endalc&rsquo;h enlinenn evit kenderc&rsquo;hel da zeski\u00f1.<\/b><\/p>\t\t\t\t\t\t<\/div>\n\t\t\t\t<\/div>\n\t\t\t\t\t<\/div>\n\t\t<\/div>\n\t\t\t\t\t<\/div>\n\t\t<\/section>\n\t\t\t\t<section class=\"elementor-section elementor-top-section elementor-element elementor-element-783e93a elementor-section-boxed elementor-section-height-default elementor-section-height-default\" data-id=\"783e93a\" data-element_type=\"section\">\n\t\t\t\t\t\t<div class=\"elementor-container elementor-column-gap-default\">\n\t\t\t\t\t<div class=\"elementor-column elementor-col-100 elementor-top-column elementor-element elementor-element-b29411f\" data-id=\"b29411f\" data-element_type=\"column\">\n\t\t\t<div class=\"elementor-widget-wrap elementor-element-populated\">\n\t\t\t\t\t\t<div class=\"elementor-element elementor-element-89e6e08 elementor-widget-divider--view-line elementor-widget elementor-widget-divider\" data-id=\"89e6e08\" data-element_type=\"widget\" data-widget_type=\"divider.default\">\n\t\t\t\t<div class=\"elementor-widget-container\">\n\t\t\t\t\t<div class=\"elementor-divider\">\n\t\t\t<span class=\"elementor-divider-separator\">\n\t\t\t\t\t\t<\/span>\n\t\t<\/div>\n\t\t\t\t<\/div>\n\t\t\t\t<\/div>\n\t\t\t\t\t<\/div>\n\t\t<\/div>\n\t\t\t\t\t<\/div>\n\t\t<\/section>\n\t\t\t\t<section class=\"elementor-section elementor-top-section elementor-element elementor-element-f20eb05 elementor-section-boxed elementor-section-height-default elementor-section-height-default\" data-id=\"f20eb05\" data-element_type=\"section\">\n\t\t\t\t\t\t<div class=\"elementor-container elementor-column-gap-default\">\n\t\t\t\t\t<div class=\"elementor-column elementor-col-33 elementor-top-column elementor-element elementor-element-f177279\" data-id=\"f177279\" data-element_type=\"column\">\n\t\t\t<div class=\"elementor-widget-wrap elementor-element-populated\">\n\t\t\t\t\t\t<div class=\"elementor-element elementor-element-11241fc elementor-widget elementor-widget-image\" data-id=\"11241fc\" data-element_type=\"widget\" data-widget_type=\"image.default\">\n\t\t\t\t<div class=\"elementor-widget-container\">\n\t\t\t\t\t\t\t\t\t\t\t\t\t<img fetchpriority=\"high\" decoding=\"async\" width=\"1024\" height=\"768\" src=\"https:\/\/breton-nantes.bzh\/wp-content\/uploads\/2022\/12\/P28995904D4930067G.webp\" class=\"attachment-large size-large wp-image-2979\" alt=\"\" srcset=\"https:\/\/breton-nantes.bzh\/wp-content\/uploads\/2022\/12\/P28995904D4930067G.webp 1024w, https:\/\/breton-nantes.bzh\/wp-content\/uploads\/2022\/12\/P28995904D4930067G-300x225.webp 300w, https:\/\/breton-nantes.bzh\/wp-content\/uploads\/2022\/12\/P28995904D4930067G-768x576.webp 768w, https:\/\/breton-nantes.bzh\/wp-content\/uploads\/2022\/12\/P28995904D4930067G-120x90.webp 120w\" sizes=\"(max-width: 1024px) 100vw, 1024px\" \/>\t\t\t\t\t\t\t\t\t\t\t\t\t<\/div>\n\t\t\t\t<\/div>\n\t\t\t\t\t<\/div>\n\t\t<\/div>\n\t\t\t\t<div class=\"elementor-column elementor-col-66 elementor-top-column elementor-element elementor-element-b1a5ead\" data-id=\"b1a5ead\" data-element_type=\"column\">\n\t\t\t<div class=\"elementor-widget-wrap elementor-element-populated\">\n\t\t\t\t\t\t<div class=\"elementor-element elementor-element-f615f27 elementor-widget elementor-widget-heading\" data-id=\"f615f27\" data-element_type=\"widget\" data-widget_type=\"heading.default\">\n\t\t\t\t<div class=\"elementor-widget-container\">\n\t\t\t<h2 class=\"elementor-heading-title elementor-size-default\">STUMMADUR HIR E SANT-ERVLAN (44)<\/h2>\t\t<\/div>\n\t\t\t\t<\/div>\n\t\t\t\t<div class=\"elementor-element elementor-element-766a8e3 elementor-widget elementor-widget-text-editor\" data-id=\"766a8e3\" data-element_type=\"widget\" data-widget_type=\"text-editor.default\">\n\t\t\t\t<div class=\"elementor-widget-container\">\n\t\t\t\t\t\t\t<p><span style=\"font-weight: 400;\">Deraouidi : 6 miz (Gwengolo &gt; Meurzh)<br \/>Mont pelloc&rsquo;h ganti : 3 miz (Ebrel &gt; Even)<br \/>Posubl e vez arc&rsquo;hantaoui\u00f1 ar stummadur (CPF, skoazell Rannvro Breizh&#8230;)<\/span><\/p><p>Skol an Emsav a ginnig stummadurio\u00f9 micherel d\u2019an daoulamm evit an dud a fell dezhe ouzhpenna\u00f1 ar brezhoneg d\u2019o barregezhio\u00f9, gant ar so\u00f1j mont war-raok gant o labour pe che\u00f1ch micher.<\/p>\t\t\t\t\t\t<\/div>\n\t\t\t\t<\/div>\n\t\t\t\t<div class=\"elementor-element elementor-element-cee0fce elementor-button-info elementor-align-center elementor-widget elementor-widget-button\" data-id=\"cee0fce\" data-element_type=\"widget\" data-widget_type=\"button.default\">\n\t\t\t\t<div class=\"elementor-widget-container\">\n\t\t\t\t\t<div class=\"elementor-button-wrapper\">\n\t\t\t<a class=\"elementor-button elementor-button-link elementor-size-lg\" href=\"https:\/\/skolanemsav.bzh\/br\/stummaduriou\/\">\n\t\t\t\t\t\t<span class=\"elementor-button-content-wrapper\">\n\t\t\t\t\t\t\t\t\t<span class=\"elementor-button-text\">GOUZOUT HIROC'H<\/span>\n\t\t\t\t\t<\/span>\n\t\t\t\t\t<\/a>\n\t\t<\/div>\n\t\t\t\t<\/div>\n\t\t\t\t<\/div>\n\t\t\t\t\t<\/div>\n\t\t<\/div>\n\t\t\t\t\t<\/div>\n\t\t<\/section>\n\t\t\t\t<\/div>\n\t\t","protected":false},"excerpt":{"rendered":"<p>KENTELIO\u00d9-NOZ Heuliit kentelio\u00f9-noz bep sizhun.Adalek miz Gwengolo betek miz Even. E Naoned har ar veurg\u00ear : klikit E Sant-Nazer ha tro-dro : klikit E Blaen : klikit\u00a0 Kursus Pevarlamm :\u00a0 klikit STAJO\u00d9 Evit kre\u00f1vaat ho live : Stajo\u00f9 un devezh Stajo\u00f9 un dibenn-sizhun Stajo\u00f9 ur sizhun ADWELOUT Ezhomm ho peus da adwelout un nebeud trao\u00f9&hellip;<\/p>\n","protected":false},"author":1,"featured_media":0,"parent":0,"menu_order":0,"comment_status":"closed","ping_status":"closed","template":"","meta":{"footnotes":""},"class_list":["post-2967","page","type-page","status-publish","hentry"],"_links":{"self":[{"href":"https:\/\/breton-nantes.bzh\/index.php\/wp-json\/wp\/v2\/pages\/2967","targetHints":{"allow":["GET"]}}],"collection":[{"href":"https:\/\/breton-nantes.bzh\/index.php\/wp-json\/wp\/v2\/pages"}],"about":[{"href":"https:\/\/breton-nantes.bzh\/index.php\/wp-json\/wp\/v2\/types\/page"}],"author":[{"embeddable":true,"href":"https:\/\/breton-nantes.bzh\/index.php\/wp-json\/wp\/v2\/users\/1"}],"replies":[{"embeddable":true,"href":"https:\/\/breton-nantes.bzh\/index.php\/wp-json\/wp\/v2\/comments?post=2967"}],"version-history":[{"count":35,"href":"https:\/\/breton-nantes.bzh\/index.php\/wp-json\/wp\/v2\/pages\/2967\/revisions"}],"predecessor-version":[{"id":7377,"href":"https:\/\/breton-nantes.bzh\/index.php\/wp-json\/wp\/v2\/pages\/2967\/revisions\/7377"}],"wp:attachment":[{"href":"https:\/\/breton-nantes.bzh\/index.php\/wp-json\/wp\/v2\/media?parent=2967"}],"curies":[{"name":"wp","href":"https:\/\/api.w.org\/{rel}","templated":true}]}}