{"id":2960,"date":"2022-12-13T15:33:12","date_gmt":"2022-12-13T14:33:12","guid":{"rendered":"http:\/\/breton-nantes.bzh\/?page_id=2960"},"modified":"2026-04-13T12:35:26","modified_gmt":"2026-04-13T10:35:26","slug":"apprendre","status":"publish","type":"page","link":"https:\/\/breton-nantes.bzh\/index.php\/apprendre\/","title":{"rendered":"Apprendre le breton"},"content":{"rendered":"\t\t<div data-elementor-type=\"wp-page\" data-elementor-id=\"2960\" class=\"elementor elementor-2960\">\n\t\t\t\t\t\t<section class=\"elementor-section elementor-top-section elementor-element elementor-element-6ef39e9 elementor-section-boxed elementor-section-height-default elementor-section-height-default\" data-id=\"6ef39e9\" data-element_type=\"section\">\n\t\t\t\t\t\t<div class=\"elementor-container elementor-column-gap-default\">\n\t\t\t\t\t<div class=\"elementor-column elementor-col-33 elementor-top-column elementor-element elementor-element-a6cd949\" data-id=\"a6cd949\" data-element_type=\"column\">\n\t\t\t<div class=\"elementor-widget-wrap elementor-element-populated\">\n\t\t\t\t\t\t<div class=\"elementor-element elementor-element-0f09f52 elementor-widget elementor-widget-heading\" data-id=\"0f09f52\" data-element_type=\"widget\" data-widget_type=\"heading.default\">\n\t\t\t\t<div class=\"elementor-widget-container\">\n\t\t\t<h2 class=\"elementor-heading-title elementor-size-default\"><u>COURS DU SOIR <\/u><\/h2>\t\t<\/div>\n\t\t\t\t<\/div>\n\t\t\t\t<div class=\"elementor-element elementor-element-ab99877 elementor-widget elementor-widget-text-editor\" data-id=\"ab99877\" data-element_type=\"widget\" data-widget_type=\"text-editor.default\">\n\t\t\t\t<div class=\"elementor-widget-container\">\n\t\t\t\t\t\t\t<p style=\"text-align: center;\"><span style=\"font-size: 12pt; font-family: eurekasanslight;\"><span style=\"font-size: 12pt;\"><span style=\"font-size: 14pt;\"><b>Prenez des cours du soir hebdomadaires <br \/>De fin septembre \u00e0 juin.<\/b><\/span><\/span><\/span><\/p><ul><li><strong><span style=\"font-family: eurekasanslight; font-size: 12pt;\">Nantes et m\u00e9tropole : <a href=\"https:\/\/breton-nantes.bzh\/index.php\/cours\/\">cliquez<\/a><\/span><\/strong><\/li><li><strong><span style=\"font-family: eurekasanslight; font-size: 12pt;\">Saint-Nazaire et bassin nazairien : <a href=\"https:\/\/breton-nantes.bzh\/index.php\/cours-de-breton-sant-nazaire-et-alentours\/\">cliquez<\/a><\/span><\/strong><\/li><li><strong><span style=\"font-family: eurekasanslight;\">Blain : <a href=\"https:\/\/breton-nantes.bzh\/index.php\/cours-de-breton-blain\/\">cliquez<\/a><\/span><\/strong><\/li><li><strong><span style=\"font-family: eurekasanslight; font-size: 12pt;\">Cursus Pevarlamm :\u00a0 <a href=\"https:\/\/breton-nantes.bzh\/index.php\/apprendre\/pevarlamm-cursus-accelere\/\">cliquez<\/a><\/span><\/strong><\/li><\/ul>\t\t\t\t\t\t<\/div>\n\t\t\t\t<\/div>\n\t\t\t\t\t<\/div>\n\t\t<\/div>\n\t\t\t\t<div class=\"elementor-column elementor-col-33 elementor-top-column elementor-element elementor-element-22cc0d5\" data-id=\"22cc0d5\" data-element_type=\"column\">\n\t\t\t<div class=\"elementor-widget-wrap elementor-element-populated\">\n\t\t\t\t\t\t<div class=\"elementor-element elementor-element-a22f103 elementor-widget elementor-widget-heading\" data-id=\"a22f103\" data-element_type=\"widget\" data-widget_type=\"heading.default\">\n\t\t\t\t<div class=\"elementor-widget-container\">\n\t\t\t<h2 class=\"elementor-heading-title elementor-size-default\"><a href=\"https:\/\/breton-nantes.bzh\/index.php\/bre\/stajou\/\"><u>STAGES<\/u><\/a><\/h2>\t\t<\/div>\n\t\t\t\t<\/div>\n\t\t\t\t<div class=\"elementor-element elementor-element-c2fe938 elementor-widget elementor-widget-text-editor\" data-id=\"c2fe938\" data-element_type=\"widget\" data-widget_type=\"text-editor.default\">\n\t\t\t\t<div class=\"elementor-widget-container\">\n\t\t\t\t\t\t\t<p style=\"text-align: center;\"><span style=\"font-size: 14pt;\"><b>Pour consolider son niveau :<br \/><\/b><\/span><\/p><ul><li><span style=\"font-size: 14pt;\"><b>Deux stages d&rsquo;une journ\u00e9e<\/b><\/span><\/li><li><span style=\"font-size: 14pt;\"><b>Un stage d&rsquo;un week-end<\/b><\/span><\/li><li><span style=\"font-size: 14pt;\"><b>Un stage d&rsquo;une semaine en \u00e9t\u00e9<\/b><\/span><\/li><\/ul>\t\t\t\t\t\t<\/div>\n\t\t\t\t<\/div>\n\t\t\t\t\t<\/div>\n\t\t<\/div>\n\t\t\t\t<div class=\"elementor-column elementor-col-33 elementor-top-column elementor-element elementor-element-676e4e6\" data-id=\"676e4e6\" data-element_type=\"column\">\n\t\t\t<div class=\"elementor-widget-wrap elementor-element-populated\">\n\t\t\t\t\t\t<div class=\"elementor-element elementor-element-a199766 elementor-widget elementor-widget-heading\" data-id=\"a199766\" data-element_type=\"widget\" data-widget_type=\"heading.default\">\n\t\t\t\t<div class=\"elementor-widget-container\">\n\t\t\t<h2 class=\"elementor-heading-title elementor-size-default\"><a href=\"https:\/\/breton-nantes.bzh\/index.php\/des-jeux-pour-sentrainer\/\"><u>REVISIONS<\/u><\/a><\/h2>\t\t<\/div>\n\t\t\t\t<\/div>\n\t\t\t\t<div class=\"elementor-element elementor-element-4bea2d5 elementor-widget elementor-widget-text-editor\" data-id=\"4bea2d5\" data-element_type=\"widget\" data-widget_type=\"text-editor.default\">\n\t\t\t\t<div class=\"elementor-widget-container\">\n\t\t\t\t\t\t\t<p><span style=\"font-size: 12pt;\"><strong><span style=\"font-family: Georgia, Palatino;\">Vous avez besoin de revoir quelques notions ? Nous vous proposons des jeux et du contenu en ligne pour poursuivre votre apprentissage.<\/span><\/strong><\/span><\/p>\t\t\t\t\t\t<\/div>\n\t\t\t\t<\/div>\n\t\t\t\t\t<\/div>\n\t\t<\/div>\n\t\t\t\t\t<\/div>\n\t\t<\/section>\n\t\t\t\t<section class=\"elementor-section elementor-top-section elementor-element elementor-element-0c93fb6 elementor-section-boxed elementor-section-height-default elementor-section-height-default\" data-id=\"0c93fb6\" data-element_type=\"section\">\n\t\t\t\t\t\t<div class=\"elementor-container elementor-column-gap-default\">\n\t\t\t\t\t<div class=\"elementor-column elementor-col-33 elementor-top-column elementor-element elementor-element-d8fefe9\" data-id=\"d8fefe9\" data-element_type=\"column\">\n\t\t\t<div class=\"elementor-widget-wrap elementor-element-populated\">\n\t\t\t\t\t\t<div class=\"elementor-element elementor-element-8b88ca7 elementor-widget elementor-widget-image\" data-id=\"8b88ca7\" data-element_type=\"widget\" data-widget_type=\"image.default\">\n\t\t\t\t<div class=\"elementor-widget-container\">\n\t\t\t\t\t\t\t\t\t\t\t\t\t<img fetchpriority=\"high\" decoding=\"async\" width=\"1024\" height=\"768\" src=\"https:\/\/breton-nantes.bzh\/wp-content\/uploads\/2022\/12\/P28995904D4930067G.webp\" class=\"attachment-large size-large wp-image-2979\" alt=\"\" srcset=\"https:\/\/breton-nantes.bzh\/wp-content\/uploads\/2022\/12\/P28995904D4930067G.webp 1024w, https:\/\/breton-nantes.bzh\/wp-content\/uploads\/2022\/12\/P28995904D4930067G-300x225.webp 300w, https:\/\/breton-nantes.bzh\/wp-content\/uploads\/2022\/12\/P28995904D4930067G-768x576.webp 768w, https:\/\/breton-nantes.bzh\/wp-content\/uploads\/2022\/12\/P28995904D4930067G-120x90.webp 120w\" sizes=\"(max-width: 1024px) 100vw, 1024px\" \/>\t\t\t\t\t\t\t\t\t\t\t\t\t<\/div>\n\t\t\t\t<\/div>\n\t\t\t\t\t<\/div>\n\t\t<\/div>\n\t\t\t\t<div class=\"elementor-column elementor-col-66 elementor-top-column elementor-element elementor-element-1271d0b\" data-id=\"1271d0b\" data-element_type=\"column\">\n\t\t\t<div class=\"elementor-widget-wrap elementor-element-populated\">\n\t\t\t\t\t\t<div class=\"elementor-element elementor-element-25ec1b4 elementor-widget elementor-widget-heading\" data-id=\"25ec1b4\" data-element_type=\"widget\" data-widget_type=\"heading.default\">\n\t\t\t\t<div class=\"elementor-widget-container\">\n\t\t\t<h2 class=\"elementor-heading-title elementor-size-default\">FORMATION INTENSIVE A SAINT-HERBLAIN (44)<\/h2>\t\t<\/div>\n\t\t\t\t<\/div>\n\t\t\t\t<div class=\"elementor-element elementor-element-a5bf976 elementor-widget elementor-widget-text-editor\" data-id=\"a5bf976\" data-element_type=\"widget\" data-widget_type=\"text-editor.default\">\n\t\t\t\t<div class=\"elementor-widget-container\">\n\t\t\t\t\t\t\t<p><span style=\"font-weight: 400;\">D\u00e9butants : 6 mois (Septembre &gt; Mars)<br \/>Approfondissement : 3 mois (Avril &gt; Juin)<br \/>Il est possible de faire financer sa formation (CPF, aides de la R\u00e9gion Bretagne &#8230;)<\/span><\/p><p>Skol an Emsav propose des formations professionnelles intensives pour les personnes souhaitant ajouter la langue bretonne \u00e0 leurs comp\u00e9tences,\u00a0 dans l&rsquo;id\u00e9e d&rsquo;\u00e9voluer dans leur poste de travail ou de changer de voie professionnelle.<\/p>\t\t\t\t\t\t<\/div>\n\t\t\t\t<\/div>\n\t\t\t\t<div class=\"elementor-element elementor-element-38346db elementor-button-info elementor-align-center elementor-widget elementor-widget-button\" data-id=\"38346db\" data-element_type=\"widget\" data-widget_type=\"button.default\">\n\t\t\t\t<div class=\"elementor-widget-container\">\n\t\t\t\t\t<div class=\"elementor-button-wrapper\">\n\t\t\t<a class=\"elementor-button elementor-button-link elementor-size-lg\" href=\"https:\/\/skolanemsav.bzh\/formations\/\">\n\t\t\t\t\t\t<span class=\"elementor-button-content-wrapper\">\n\t\t\t\t\t\t\t\t\t<span class=\"elementor-button-text\">EN SAVOIR PLUS<\/span>\n\t\t\t\t\t<\/span>\n\t\t\t\t\t<\/a>\n\t\t<\/div>\n\t\t\t\t<\/div>\n\t\t\t\t<\/div>\n\t\t\t\t\t<\/div>\n\t\t<\/div>\n\t\t\t\t\t<\/div>\n\t\t<\/section>\n\t\t\t\t<\/div>\n\t\t","protected":false},"excerpt":{"rendered":"<p>COURS DU SOIR Prenez des cours du soir hebdomadaires De fin septembre \u00e0 juin. Nantes et m\u00e9tropole : cliquez Saint-Nazaire et bassin nazairien : cliquez Blain : cliquez Cursus Pevarlamm :\u00a0 cliquez STAGES Pour consolider son niveau : Deux stages d&rsquo;une journ\u00e9e Un stage d&rsquo;un week-end Un stage d&rsquo;une semaine en \u00e9t\u00e9 REVISIONS Vous avez&hellip;<\/p>\n","protected":false},"author":1,"featured_media":0,"parent":0,"menu_order":0,"comment_status":"closed","ping_status":"closed","template":"","meta":{"footnotes":""},"class_list":["post-2960","page","type-page","status-publish","hentry"],"_links":{"self":[{"href":"https:\/\/breton-nantes.bzh\/index.php\/wp-json\/wp\/v2\/pages\/2960","targetHints":{"allow":["GET"]}}],"collection":[{"href":"https:\/\/breton-nantes.bzh\/index.php\/wp-json\/wp\/v2\/pages"}],"about":[{"href":"https:\/\/breton-nantes.bzh\/index.php\/wp-json\/wp\/v2\/types\/page"}],"author":[{"embeddable":true,"href":"https:\/\/breton-nantes.bzh\/index.php\/wp-json\/wp\/v2\/users\/1"}],"replies":[{"embeddable":true,"href":"https:\/\/breton-nantes.bzh\/index.php\/wp-json\/wp\/v2\/comments?post=2960"}],"version-history":[{"count":65,"href":"https:\/\/breton-nantes.bzh\/index.php\/wp-json\/wp\/v2\/pages\/2960\/revisions"}],"predecessor-version":[{"id":7374,"href":"https:\/\/breton-nantes.bzh\/index.php\/wp-json\/wp\/v2\/pages\/2960\/revisions\/7374"}],"wp:attachment":[{"href":"https:\/\/breton-nantes.bzh\/index.php\/wp-json\/wp\/v2\/media?parent=2960"}],"curies":[{"name":"wp","href":"https:\/\/api.w.org\/{rel}","templated":true}]}}