{"id":18,"date":"2019-08-30T16:07:48","date_gmt":"2019-08-30T14:07:48","guid":{"rendered":"http:\/\/breton-nantes.bzh\/?page_id=18"},"modified":"2025-09-28T20:42:31","modified_gmt":"2025-09-28T18:42:31","slug":"contact","status":"publish","type":"page","link":"https:\/\/breton-nantes.bzh\/index.php\/contact\/","title":{"rendered":"Contact"},"content":{"rendered":"\t\t<div data-elementor-type=\"wp-page\" data-elementor-id=\"18\" class=\"elementor elementor-18\">\n\t\t\t\t\t\t<section class=\"elementor-section elementor-top-section elementor-element elementor-element-397141fa elementor-section-boxed elementor-section-height-default elementor-section-height-default\" data-id=\"397141fa\" data-element_type=\"section\">\n\t\t\t\t\t\t<div class=\"elementor-container elementor-column-gap-default\">\n\t\t\t\t\t<div class=\"elementor-column elementor-col-100 elementor-top-column elementor-element elementor-element-3de95a11\" data-id=\"3de95a11\" data-element_type=\"column\">\n\t\t\t<div class=\"elementor-widget-wrap\">\n\t\t\t\t\t\t\t<\/div>\n\t\t<\/div>\n\t\t\t\t\t<\/div>\n\t\t<\/section>\n\t\t\t\t<section class=\"elementor-section elementor-top-section elementor-element elementor-element-40f050e elementor-section-boxed elementor-section-height-default elementor-section-height-default\" data-id=\"40f050e\" data-element_type=\"section\">\n\t\t\t\t\t\t<div class=\"elementor-container elementor-column-gap-default\">\n\t\t\t\t\t<div class=\"elementor-column elementor-col-50 elementor-top-column elementor-element elementor-element-466911b\" data-id=\"466911b\" data-element_type=\"column\">\n\t\t\t<div class=\"elementor-widget-wrap elementor-element-populated\">\n\t\t\t\t\t\t<div class=\"elementor-element elementor-element-743bd5c1 elementor-widget elementor-widget-text-editor\" data-id=\"743bd5c1\" data-element_type=\"widget\" data-widget_type=\"text-editor.default\">\n\t\t\t\t<div class=\"elementor-widget-container\">\n\t\t\t\t\t\t\t<h2 class=\"wp-block-heading\"><span style=\"font-family: 'Trebuchet MS', Geneva;\">kenteliouannoz[@]gmail.com<\/span><br \/><span style=\"font-family: 'Trebuchet MS', Geneva;\">07 68 47 22 25<\/span><\/h2>\n<p><!-- \/wp:heading --><\/p>\n<p><!-- wp:heading --><\/p>\n<p><!-- \/wp:heading --><\/p>\n<p><!-- wp:paragraph {\"fontSize\":\"medium\"} --><\/p>\n<p class=\"has-medium-font-size\"><span style=\"font-size: 14pt; font-family: 'Trebuchet MS', Geneva;\">Les bureaux de Kentelio\u00f9 an Noz sont install\u00e9s :<\/span><br \/><span style=\"font-size: 14pt; font-family: 'Trebuchet MS', Geneva;\">12 avenue de l&rsquo;Angevini\u00e8re<\/span><br \/><span style=\"font-size: 14pt; font-family: 'Trebuchet MS', Geneva;\">B\u00e2timent B, 1er \u00e9tage<\/span><br \/><span style=\"font-size: 14pt; font-family: 'Trebuchet MS', Geneva;\">44800 SAINT-HERBLAIN<\/span><\/p>\n<p><span style=\"font-size: 14pt; font-family: 'Trebuchet MS', Geneva;\">Le si\u00e8ge social est situ\u00e9 \u00e0 l&rsquo;<a href=\"https:\/\/www.acb44.bzh\/\" target=\"_blank\" rel=\"noopener\">Agence Culturelle Bretonne<\/a>\u00a0.<\/span><br \/><span style=\"font-size: 14pt; font-family: 'Trebuchet MS', Geneva;\">M\u00e9diath\u00e8que Jacques Demy, 24 quai de la Fosse, centre-ville de Nantes<\/span><\/p>\n<p><!-- wp:shortcode --><iframe style=\"border: 0;\" src=\"https:\/\/www.google.com\/maps\/embed?pb=!1m18!1m12!1m3!1d2708.5215894705034!2d-1.6144507850264551!3d47.24550312084659!2m3!1f0!2f0!3f0!3m2!1i1024!2i768!4f13.1!3m3!1m2!1s0x48059349b6f6506b%3A0x432ec7b760eb161e!2sKentelio%C3%B9%20an%20Noz!5e0!3m2!1sfr!2sfr!4v1567514989699!5m2!1sfr!2sfr\" width=\"600\" height=\"450\" frameborder=\"0\" allowfullscreen=\"allowfullscreen\"><\/iframe><br \/><!-- \/wp:shortcode --><\/p>\n<p><!-- \/wp:paragraph --><\/p>\t\t\t\t\t\t<\/div>\n\t\t\t\t<\/div>\n\t\t\t\t\t<\/div>\n\t\t<\/div>\n\t\t\t\t<div class=\"elementor-column elementor-col-50 elementor-top-column elementor-element elementor-element-2406ee1\" data-id=\"2406ee1\" data-element_type=\"column\">\n\t\t\t<div class=\"elementor-widget-wrap elementor-element-populated\">\n\t\t\t\t\t\t<div class=\"elementor-element elementor-element-99645e9 elementor-widget elementor-widget-html\" data-id=\"99645e9\" data-element_type=\"widget\" data-widget_type=\"html.default\">\n\t\t\t\t<div class=\"elementor-widget-container\">\n\t\t\t<iframe data-w-type=\"embedded\" frameborder=\"0\" scrolling=\"no\" marginheight=\"0\" marginwidth=\"0\" src=\"https:\/\/xm4i3.mjt.lu\/wgt\/xm4i3\/rs8\/form?c=0c619717\" width=\"100%\" style=\"height: 0;\"><\/iframe>\n\n<script type=\"text\/javascript\" src=\"https:\/\/app.mailjet.com\/pas-nc-embedded-v1.js\"><\/script>\n\t\t<\/div>\n\t\t\t\t<\/div>\n\t\t\t\t\t<\/div>\n\t\t<\/div>\n\t\t\t\t\t<\/div>\n\t\t<\/section>\n\t\t\t\t<\/div>\n\t\t","protected":false},"excerpt":{"rendered":"<p>kenteliouannoz[@]gmail.com07 68 47 22 25 Les bureaux de Kentelio\u00f9 an Noz sont install\u00e9s :12 avenue de l&rsquo;Angevini\u00e8reB\u00e2timent B, 1er \u00e9tage44800 SAINT-HERBLAIN Le si\u00e8ge social est situ\u00e9 \u00e0 l&rsquo;Agence Culturelle Bretonne\u00a0.M\u00e9diath\u00e8que Jacques Demy, 24 quai de la Fosse, centre-ville de Nantes<\/p>\n","protected":false},"author":1,"featured_media":0,"parent":0,"menu_order":0,"comment_status":"closed","ping_status":"closed","template":"","meta":{"footnotes":""},"class_list":["post-18","page","type-page","status-publish","hentry"],"_links":{"self":[{"href":"https:\/\/breton-nantes.bzh\/index.php\/wp-json\/wp\/v2\/pages\/18","targetHints":{"allow":["GET"]}}],"collection":[{"href":"https:\/\/breton-nantes.bzh\/index.php\/wp-json\/wp\/v2\/pages"}],"about":[{"href":"https:\/\/breton-nantes.bzh\/index.php\/wp-json\/wp\/v2\/types\/page"}],"author":[{"embeddable":true,"href":"https:\/\/breton-nantes.bzh\/index.php\/wp-json\/wp\/v2\/users\/1"}],"replies":[{"embeddable":true,"href":"https:\/\/breton-nantes.bzh\/index.php\/wp-json\/wp\/v2\/comments?post=18"}],"version-history":[{"count":21,"href":"https:\/\/breton-nantes.bzh\/index.php\/wp-json\/wp\/v2\/pages\/18\/revisions"}],"predecessor-version":[{"id":6715,"href":"https:\/\/breton-nantes.bzh\/index.php\/wp-json\/wp\/v2\/pages\/18\/revisions\/6715"}],"wp:attachment":[{"href":"https:\/\/breton-nantes.bzh\/index.php\/wp-json\/wp\/v2\/media?parent=18"}],"curies":[{"name":"wp","href":"https:\/\/api.w.org\/{rel}","templated":true}]}}